{"id":5021,"date":"2025-09-06T08:54:58","date_gmt":"2025-09-06T06:54:58","guid":{"rendered":"https:\/\/bestoptika.eu\/?post_type=product&#038;p=5021"},"modified":"2025-09-16T21:30:24","modified_gmt":"2025-09-16T19:30:24","slug":"night-pearl-manul-m6-45-27x56i-nappali-celtavcso","status":"publish","type":"product","link":"https:\/\/bestoptika.eu\/sk\/product\/night-pearl-manul-m6-45-27x56i-nappali-celtavcso\/","title":{"rendered":"Night Pearl MANUL M6 4,5-27x56i denn\u00fd pu\u0161koh\u013ead"},"content":{"rendered":"<p>Pu\u0161koh\u013eady Night Pearl Manul M6 s\u00fa navrhnut\u00e9 tak, aby pon\u00fakali po\u013eovn\u00edkom a strelcom kvalitn\u00fd optick\u00fd produkt na ka\u017edodenn\u00e9 pou\u017eitie. Pu\u0161koh\u013eady s\u00e9rie Night Pearl Manul M6 s\u00fa vybaven\u00e9 6-n\u00e1sobn\u00fdm optick\u00fdm pribl\u00ed\u017een\u00edm a 30 mm tubusom. Tieto pu\u0161koh\u013eady sp\u013a\u0148aj\u00fa najvy\u0161\u0161ie \u0161tandardy optickej kvality, mechanickej presnosti a odolnosti.<\/p>\n<p>Pu\u0161koh\u013ead Night Pearl Manul M6 4,5-27x56i je ide\u00e1lny na lov na stredn\u00e9 a dlh\u00e9 vzdialenosti aj pri slabom osvetlen\u00ed.<\/p>\n<p>Vlastnosti:<\/p>\n<p>Denn\u00fd pu\u0161koh\u013ead<br \/>\nvariabiln\u00e9 zv\u00e4\u010d\u0161enie<br \/>\noto\u010dn\u00fd ovl\u00e1da\u010d na nastavenie korekcie paralaxy<br \/>\nrektifika\u010dn\u00fd disk<br \/>\nvynulovanie W\/E<br \/>\nZ\u00e1mern\u00e9 skreslenie druhej ohniskovej roviny (SFP)<br \/>\nosvetlen\u00fd zameriava\u010d<br \/>\n6 \u00farovn\u00ed nastavenia jasu<br \/>\npr\u00eddavn\u00e1 p\u00e1ka na r\u00fdchle pribl\u00ed\u017eenie (v\u00fdklopn\u00e1 p\u00e1ka)<br \/>\nfunkcia automatick\u00e9ho vypnutia<br \/>\nnaplnen\u00e9 dus\u00edkom<br \/>\nr\u00farka z hlin\u00edkovej zliatiny<br \/>\n100% vodotesn\u00fd (2h\/2m)<br \/>\nprachotesnos\u0165<br \/>\n10 rokov pred\u013a\u017eenej z\u00e1ruky pri registr\u00e1cii, 5 rokov bez registr\u00e1cie!<br \/>\nKovov\u00e9 zacvak\u00e1vacie krytky objekt\u00edvu a okul\u00e1ra s\u00fa s\u00fa\u010das\u0165ou balenia!<\/p>\n<table dir=\"ltr\" style=\"width: 862px;\" border=\"1\" cellspacing=\"0\" cellpadding=\"0\" data-sheets-root=\"1\" data-sheets-baot=\"1\">\n<colgroup>\n<col width=\"301\" \/>\n<col width=\"203\" \/><\/colgroup>\n<tbody>\n<tr>\n<td style=\"width: 297.455px;\">Model<\/td>\n<td style=\"width: 560.182px;\">M6 4,5-27x56i<\/td>\n<\/tr>\n<tr>\n<td style=\"width: 297.455px;\">Zv\u00e4\u010d\u0161i\u0165<\/td>\n<td style=\"width: 560.182px;\">4,5-27 x<\/td>\n<\/tr>\n<tr>\n<td style=\"width: 297.455px;\">Pomer zv\u00e4\u010d\u0161enia<\/td>\n<td style=\"width: 560.182px;\">6 x<\/td>\n<\/tr>\n<tr>\n<td style=\"width: 297.455px;\">Priemer hlavnej r\u00fary<\/td>\n<td style=\"width: 560.182px;\">30 mm<\/td>\n<\/tr>\n<tr>\n<td style=\"width: 297.455px;\">Priemer objekt\u00edvu<\/td>\n<td style=\"width: 560.182px;\">56 mm<\/td>\n<\/tr>\n<tr>\n<td style=\"width: 297.455px;\">Priemer v\u00fdstupnej zrenice<\/td>\n<td style=\"width: 560.182px;\">9,5 - 2,1 mm<\/td>\n<\/tr>\n<tr>\n<td style=\"width: 297.455px;\">V\u00fdstupn\u00e1 vzdialenos\u0165 \u017eiakov<\/td>\n<td style=\"width: 560.182px;\">100 mm<\/td>\n<\/tr>\n<tr>\n<td style=\"width: 297.455px;\">Zorn\u00e9 pole (stupne)<\/td>\n<td style=\"width: 560.182px;\">4,67\u00b0 - 0,8\u00b0<\/td>\n<\/tr>\n<tr>\n<td style=\"width: 297.455px;\">Zorn\u00e9 pole na 100 m<\/td>\n<td style=\"width: 560.182px;\">8,2 - 1,4 m<\/td>\n<\/tr>\n<tr>\n<td style=\"width: 297.455px;\">Stabilita sp\u00e4tn\u00e9ho r\u00e1zu<\/td>\n<td style=\"width: 560.182px;\">6000 J (.338 Norma Magnum)<\/td>\n<\/tr>\n<tr>\n<td style=\"width: 297.455px;\">Cie\u013eov\u00e1 ohniskov\u00e1 rovina<\/td>\n<td style=\"width: 560.182px;\">druh\u00fd<\/td>\n<\/tr>\n<tr>\n<td style=\"width: 297.455px;\">Osvetlen\u00fd zameriavac\u00ed kr\u00ed\u017e<\/td>\n<td style=\"width: 560.182px;\">\u00e1no<\/td>\n<\/tr>\n<tr>\n<td style=\"width: 297.455px;\">Typ prie\u010dky<\/td>\n<td style=\"width: 560.182px;\">\n<div>\n<div>4NPMDot (\u0161pecifik\u00e1cie zameriavacieho kr\u00ed\u017ea n\u00e1jdete vo fotogal\u00e9rii produktu)<\/div>\n<\/div>\n<\/td>\n<\/tr>\n<tr>\n<td style=\"width: 297.455px;\">Prenos svetla - denn\u00e9 svetlo (%)<\/td>\n<td style=\"width: 560.182px;\">92<\/td>\n<\/tr>\n<tr>\n<td style=\"width: 297.455px;\">Prenos svetla - siv\u00fd (%)<\/td>\n<td style=\"width: 560.182px;\">88<\/td>\n<\/tr>\n<tr>\n<td style=\"width: 297.455px;\">Dioptrick\u00e1 korekcia (dpt)<\/td>\n<td style=\"width: 560.182px;\">-3,5 \/ +2<\/td>\n<\/tr>\n<tr>\n<td style=\"width: 297.455px;\">Rozsah rektifik\u00e1cie<\/td>\n<td style=\"width: 560.182px;\">24 MIL<\/td>\n<\/tr>\n<tr>\n<td style=\"width: 297.455px;\">Interval kroku rektifik\u00e1cie<\/td>\n<td style=\"width: 560.182px;\">0,1 MIL<\/td>\n<\/tr>\n<tr>\n<td style=\"width: 297.455px;\">Krok rektifik\u00e1cie (cm\/100 m)<\/td>\n<td style=\"width: 560.182px;\">1<\/td>\n<\/tr>\n<tr>\n<td style=\"width: 297.455px;\">Korekcia paralaxy<\/td>\n<td style=\"width: 560.182px;\">25 m - nekone\u010dn\u00e9<\/td>\n<\/tr>\n<tr>\n<td style=\"width: 297.455px;\">Prev\u00e1dzkov\u00e1 teplota<\/td>\n<td style=\"width: 560.182px;\">-25 \u00b0C - +55 \u00b0C<\/td>\n<\/tr>\n<tr>\n<td style=\"width: 297.455px;\">D\u013a\u017eka<\/td>\n<td style=\"width: 560.182px;\">392 mm<\/td>\n<\/tr>\n<tr>\n<td style=\"width: 297.455px;\">Hmotnos\u0165<\/td>\n<td style=\"width: 560.182px;\">1036 g<\/td>\n<\/tr>\n<\/tbody>\n<\/table>\n<p>Balenie obsahuje pu\u0161koh\u013ead Night Pearl MANUL M6, sklopn\u00fa krytku objekt\u00edvu, sklopn\u00fa krytku okul\u00e1ra, r\u00fdchlov\u00fdmenn\u00e9 rameno a krytku lupy, bat\u00e9riu Cr2032, pr\u00edru\u010dku, optick\u00fa handri\u010dku.<\/p>","protected":false},"excerpt":{"rendered":"<p>A Night Pearl Manul M6 c\u00e9lt\u00e1vcs\u00f6veket az\u00e9rt fejlesztett\u00e9k ki, hogy a vad\u00e1szoknak \u00e9s a l\u00f6v\u00e9szeknek min\u0151s\u00e9gi optikai term\u00e9ket k\u00edn\u00e1ljanak mindennapi haszn\u00e1latra. A Night Pearl Manul M6 sorozat\u00fa c\u00e9lt\u00e1vcs\u00f6vek 6x optikai zoommal \u00e9s 30 mm-es cs\u0151vel rendelkeznek. Ezek a c\u00e9lt\u00e1vcs\u00f6vek megfelelnek az optikai min\u0151s\u00e9gre, mechanikai pontoss\u00e1gra \u00e9s tart\u00f3ss\u00e1gra vonatkoz\u00f3 legmagasabb k\u00f6vetelm\u00e9nyeknek. A Night Pearl Manul M6 [&hellip;]<\/p>\n","protected":false},"featured_media":5020,"comment_status":"open","ping_status":"closed","template":"","meta":[],"product_brand":[],"product_cat":[30],"product_tag":[32,271,256],"class_list":{"0":"post-5021","1":"product","2":"type-product","3":"status-publish","4":"has-post-thumbnail","6":"product_cat-celtavcso","7":"product_tag-celtavcso","8":"product_tag-manul-m6","9":"product_tag-night-pearl","11":"first","12":"instock","13":"taxable","14":"shipping-taxable","15":"purchasable","16":"product-type-simple"},"jetpack_sharing_enabled":true,"_links":{"self":[{"href":"https:\/\/bestoptika.eu\/sk\/wp-json\/wp\/v2\/product\/5021","targetHints":{"allow":["GET"]}}],"collection":[{"href":"https:\/\/bestoptika.eu\/sk\/wp-json\/wp\/v2\/product"}],"about":[{"href":"https:\/\/bestoptika.eu\/sk\/wp-json\/wp\/v2\/types\/product"}],"replies":[{"embeddable":true,"href":"https:\/\/bestoptika.eu\/sk\/wp-json\/wp\/v2\/comments?post=5021"}],"wp:featuredmedia":[{"embeddable":true,"href":"https:\/\/bestoptika.eu\/sk\/wp-json\/wp\/v2\/media\/5020"}],"wp:attachment":[{"href":"https:\/\/bestoptika.eu\/sk\/wp-json\/wp\/v2\/media?parent=5021"}],"wp:term":[{"taxonomy":"product_brand","embeddable":true,"href":"https:\/\/bestoptika.eu\/sk\/wp-json\/wp\/v2\/product_brand?post=5021"},{"taxonomy":"product_cat","embeddable":true,"href":"https:\/\/bestoptika.eu\/sk\/wp-json\/wp\/v2\/product_cat?post=5021"},{"taxonomy":"product_tag","embeddable":true,"href":"https:\/\/bestoptika.eu\/sk\/wp-json\/wp\/v2\/product_tag?post=5021"}],"curies":[{"name":"wp","href":"https:\/\/api.w.org\/{rel}","templated":true}]}}