{"id":5023,"date":"2025-09-06T08:55:01","date_gmt":"2025-09-06T06:55:01","guid":{"rendered":"https:\/\/bestoptika.eu\/?post_type=product&#038;p=5023"},"modified":"2025-09-06T17:03:49","modified_gmt":"2025-09-06T15:03:49","slug":"night-pearl-seer-35-se-hokamera-elotet","status":"publish","type":"product","link":"https:\/\/bestoptika.eu\/sk\/product\/night-pearl-seer-35-se-hokamera-elotet\/","title":{"rendered":"Night Pearl SEER 35 SE termov\u00edzna preds\u00e1dka"},"content":{"rendered":"<p><strong>Night Pearl SEER 35 SE termov\u00edzna preds\u00e1dka<\/strong><\/p>\n<p>Night Pearl SEER 35 SE je najnov\u0161ia termokamera so z\u00e1\u0165a\u017eou s technol\u00f3giou jadra 12 \u00b5m, ktor\u00e1 premie\u0148a denn\u00fd pu\u0161koh\u013ead na termov\u00edzne zariadenie, ktor\u00e9 poskytuje vynikaj\u00face rozl\u00ed\u0161enie obrazu a mo\u017enosti zamerania na loveck\u00e9, vojensk\u00e9, bezpe\u010dnostn\u00e9 a in\u00e9 ciele.<br \/>\n\u0160irok\u00e1 \u0161k\u00e1la farebn\u00fdch paliet umo\u017e\u0148uje pou\u017e\u00edvate\u013eovi vn\u00edma\u0165 cie\u013e v z\u00e1vislosti od r\u00f4zneho pozadia a poveternostn\u00fdch podmienok a pohyb v ponuke je r\u00fdchly a pou\u017e\u00edvate\u013esky pr\u00edvetiv\u00fd pomocou ergonomick\u00e9ho joysticku. Zameriava\u010d Night Pearl SEER 35 SE je vybaven\u00fd pripojen\u00edm Wi-Fi, ktor\u00e9 umo\u017e\u0148uje zhotovova\u0165 a prezera\u0165 fotografie\/vide\u00e1 alebo sledova\u0165 monitorovan\u00fd obraz v re\u00e1lnom \u010dase prostredn\u00edctvom aplik\u00e1cie v mobilnom zariaden\u00ed.<br \/>\nNov\u00fd firmv\u00e9r a vylep\u0161en\u00e1 \u0161trukt\u00fara pixelov sn\u00edma\u010da pon\u00fakaj\u00fa po\u017eadovan\u00fa kvalitu obrazu a mo\u017enos\u0165 personalizovan\u00fdch nastaven\u00ed.<br \/>\nPredradn\u00edk termokamery Night Pearl SEER SE udr\u017euje perfektn\u00fa stre\u013ebu za v\u0161etk\u00fdch podmienok.<\/p>\n<p>Vlastnosti:<\/p>\n<ul>\n<li>multifunk\u010dn\u00e9 zariadenie - manu\u00e1lny monokul\u00e1r s termokamerou alebo z\u00e1\u0165a\u017eov\u00e1 termokamera<\/li>\n<li>jednoduch\u00e1 mont\u00e1\u017e na \u010falekoh\u013ead pomocou adapt\u00e9ra<\/li>\n<li>odoln\u00e9, \u013eahk\u00e9 telo<\/li>\n<li>u\u017e\u00edvate\u013esky pr\u00edvetiv\u00e9 ovl\u00e1danie jednou rukou<\/li>\n<li>\u0161irok\u00fd v\u00fdber farieb<\/li>\n<li>Pripojenie Wi-Fi, ktor\u00e9 umo\u017e\u0148uje sn\u00edmanie fotografi\u00ed\/vide\u00ed alebo ich prezeranie prostredn\u00edctvom aplik\u00e1cie, na sledovanie monitorovan\u00e9ho obrazu v re\u00e1lnom \u010dase<\/li>\n<li>32 Gb internej pam\u00e4te<\/li>\n<li>Funkcia PIP - obraz v obraze<\/li>\n<li>zabudovan\u00fd dia\u013ekomer<\/li>\n<li>video v\u00fdstup<\/li>\n<li>re\u017eim \u00faspory energie<\/li>\n<li>viacjazy\u010dn\u00e9 menu<\/li>\n<li>Mo\u017enos\u0165 powerbanky (pozri s\u00favisiace polo\u017eky ni\u017e\u0161ie)<\/li>\n<\/ul>\n<table dir=\"ltr\" border=\"1\" cellspacing=\"0\" cellpadding=\"0\" data-sheets-root=\"1\" data-sheets-baot=\"1\">\n<colgroup>\n<col width=\"100\" \/>\n<col width=\"100\" \/>\n<col width=\"100\" \/><\/colgroup>\n<tbody>\n<tr>\n<td>Senzor<\/td>\n<td>Rozl\u00ed\u0161enie, typ<\/td>\n<td>\n<div>\n<div>384 \u00d7 288 px, nechladen\u00fd VOx<\/div>\n<\/div>\n<\/td>\n<\/tr>\n<tr>\n<td><\/td>\n<td>Ve\u013ekos\u0165 pixelov<\/td>\n<td>12 \u03bcm<\/td>\n<\/tr>\n<tr>\n<td><\/td>\n<td>Obnovovacia frekvencia obrazu<\/td>\n<td>50 Hz<\/td>\n<\/tr>\n<tr>\n<td><\/td>\n<td>Spektr\u00e1lny rozsah<\/td>\n<td>8-14 \u03bcm<\/td>\n<\/tr>\n<tr>\n<td><\/td>\n<td>NETD<\/td>\n<td>&lt; 25 mK<\/td>\n<\/tr>\n<tr>\n<td>Optick\u00e9 vlastnosti<\/td>\n<td>Priemer objekt\u00edvu<\/td>\n<td>35 mm \/ F1.1<\/td>\n<\/tr>\n<tr>\n<td><\/td>\n<td>Zv\u00e4\u010d\u0161i\u0165<\/td>\n<td>1x<\/td>\n<\/tr>\n<tr>\n<td><\/td>\n<td>Zorn\u00e9 pole (v stup\u0148och)<\/td>\n<td>7,5\u00b0 \u00d7 5,6\u00b0<\/td>\n<\/tr>\n<tr>\n<td><\/td>\n<td>Zorn\u00e9 pole (m\/100 m)<\/td>\n<td>13,2 \u00d7 10 m<\/td>\n<\/tr>\n<tr>\n<td><\/td>\n<td>Najkrat\u0161ia ohniskov\u00e1 vzdialenos\u0165<\/td>\n<td>3 m<\/td>\n<\/tr>\n<tr>\n<td>Zobrazenie<\/td>\n<td>Typ<\/td>\n<td>OLED<\/td>\n<\/tr>\n<tr>\n<td><\/td>\n<td>Rozl\u00ed\u0161enie<\/td>\n<td>1024\u00d7768 px<\/td>\n<\/tr>\n<tr>\n<td>Funkcie<\/td>\n<td>Farebn\u00e1 paleta<\/td>\n<td>\n<div>\n<div>Tepl\u00e1 \u010dierna, tepl\u00e1 biela, tepl\u00e1 \u010derven\u00e1, schesia, tepl\u00e1 zelen\u00e1, d\u00fahov\u00e1<\/div>\n<\/div>\n<\/td>\n<\/tr>\n<tr>\n<td><\/td>\n<td>\u010cas spustenia<\/td>\n<td>&lt; 3 s<\/td>\n<\/tr>\n<tr>\n<td><\/td>\n<td>Korekcia obrazu<\/td>\n<td>\u00c1no<\/td>\n<\/tr>\n<tr>\n<td><\/td>\n<td>Pohotovostn\u00fd re\u017eim<\/td>\n<td>\u00c1no<\/td>\n<\/tr>\n<tr>\n<td><\/td>\n<td>Wi-Fi<\/td>\n<td>\u00c1no<\/td>\n<\/tr>\n<tr>\n<td><\/td>\n<td>Kapacita pam\u00e4te<\/td>\n<td>32 GB<\/td>\n<\/tr>\n<tr>\n<td>Nap\u00e1janie<\/td>\n<td>Bat\u00e9ria<\/td>\n<td>2\u00d7 Li-Ion 18500<\/td>\n<\/tr>\n<tr>\n<td><\/td>\n<td>Extern\u00e9 nap\u00e1janie<\/td>\n<td>5V typ C<\/td>\n<\/tr>\n<tr>\n<td><\/td>\n<td>Prev\u00e1dzkov\u00fd \u010das<\/td>\n<td>\n<div>\n<div>max. 6,5 hodiny (v z\u00e1vislosti od podmienok prostredia)<\/div>\n<\/div>\n<\/td>\n<\/tr>\n<tr>\n<td>Odolnos\u0165<\/td>\n<td>Odolnos\u0165 vo\u010di vode<\/td>\n<td>IP67<\/td>\n<\/tr>\n<tr>\n<td><\/td>\n<td>Prev\u00e1dzkov\u00e1 teplota<\/td>\n<td>-20 \u00b0C \/ +50 \u00b0C<\/td>\n<\/tr>\n<tr>\n<td><\/td>\n<td>Teplota skladovania<\/td>\n<td>-40 \u00b0C \/ +60 \u00b0C<\/td>\n<\/tr>\n<tr>\n<td>Fyzick\u00e9 \u00fadaje<\/td>\n<td>Rozmery<\/td>\n<td>\n<div>\n<div>150 \u00d7 67 \u00d7 69 mm<\/div>\n<\/div>\n<\/td>\n<\/tr>\n<tr>\n<td><\/td>\n<td>Hmotnos\u0165<\/td>\n<td>\n<div>\n<div>550 g (s bat\u00e9riami) \/ 485 g (bez bat\u00e9ri\u00ed)<\/div>\n<\/div>\n<\/td>\n<\/tr>\n<tr>\n<td>Z\u00e1ruka<\/td>\n<td>Trvanie<\/td>\n<td>36 mesiacov<\/td>\n<\/tr>\n<\/tbody>\n<\/table>\n<p>Balenie obsahuje Night Pearl SEER 35 SE, n\u00e1vod na pou\u017eitie, ochrann\u00e9 puzdro, 2 bat\u00e9rie 18500, USB k\u00e1bel, video k\u00e1bel, okul\u00e1r s redukciou, \u010distiacu handri\u010dku, odpa\u013eovaciu dosku.<\/p>","protected":false},"excerpt":{"rendered":"<p>Termov\u00edzna preds\u00e1dka s 35 mm objekt\u00edvom, sn\u00edma\u010dom VOx s rozl\u00ed\u0161en\u00edm 384 \u00d7 288 px a najnov\u0161ou 12 \u03bcm technol\u00f3giou na vynikaj\u00face pozorovanie vo dne aj v noci, v hmle a da\u017edi.<\/p>","protected":false},"featured_media":5022,"comment_status":"open","ping_status":"closed","template":"","meta":[],"product_brand":[],"product_cat":[36],"product_tag":[37,256,276],"class_list":{"0":"post-5023","1":"product","2":"type-product","3":"status-publish","4":"has-post-thumbnail","6":"product_cat-hokamera-elotet","7":"product_tag-hokamera-elotet","8":"product_tag-night-pearl","9":"product_tag-seer","11":"first","12":"instock","13":"taxable","14":"shipping-taxable","15":"purchasable","16":"product-type-simple"},"jetpack_sharing_enabled":true,"_links":{"self":[{"href":"https:\/\/bestoptika.eu\/sk\/wp-json\/wp\/v2\/product\/5023","targetHints":{"allow":["GET"]}}],"collection":[{"href":"https:\/\/bestoptika.eu\/sk\/wp-json\/wp\/v2\/product"}],"about":[{"href":"https:\/\/bestoptika.eu\/sk\/wp-json\/wp\/v2\/types\/product"}],"replies":[{"embeddable":true,"href":"https:\/\/bestoptika.eu\/sk\/wp-json\/wp\/v2\/comments?post=5023"}],"wp:featuredmedia":[{"embeddable":true,"href":"https:\/\/bestoptika.eu\/sk\/wp-json\/wp\/v2\/media\/5022"}],"wp:attachment":[{"href":"https:\/\/bestoptika.eu\/sk\/wp-json\/wp\/v2\/media?parent=5023"}],"wp:term":[{"taxonomy":"product_brand","embeddable":true,"href":"https:\/\/bestoptika.eu\/sk\/wp-json\/wp\/v2\/product_brand?post=5023"},{"taxonomy":"product_cat","embeddable":true,"href":"https:\/\/bestoptika.eu\/sk\/wp-json\/wp\/v2\/product_cat?post=5023"},{"taxonomy":"product_tag","embeddable":true,"href":"https:\/\/bestoptika.eu\/sk\/wp-json\/wp\/v2\/product_tag?post=5023"}],"curies":[{"name":"wp","href":"https:\/\/api.w.org\/{rel}","templated":true}]}}