{"id":5043,"date":"2025-09-06T08:55:54","date_gmt":"2025-09-06T06:55:54","guid":{"rendered":"https:\/\/bestoptika.eu\/?post_type=product&#038;p=5043"},"modified":"2025-09-06T14:59:52","modified_gmt":"2025-09-06T12:59:52","slug":"night-pearl-oryx-10x42-lrf-tavcso-lezeres-tavolsagmerovel","status":"publish","type":"product","link":"https:\/\/bestoptika.eu\/sk\/product\/night-pearl-oryx-10x42-lrf-tavcso-lezeres-tavolsagmerovel\/","title":{"rendered":"Night Pearl ORYX 10\u00d742 LRF binokul\u00e1rny \u010falekoh\u013ead s laserov\u00fdm dia\u013ekomerom"},"content":{"rendered":"<p><strong>Night Pearl ORYX 10\u00d742 LRF binokul\u00e1rny \u010falekoh\u013ead s laserov\u00fdm dia\u013ekomerom<\/strong><\/p>\n<p>Novinkou v portf\u00f3liu Night Pearl je ORYX 10\u00d742 LRF s integrovan\u00fdm laserov\u00fdm dia\u013ekomerom. Okrem laserov\u00e9ho dia\u013ekomeru pon\u00faka \u010falekoh\u013ead ORYX 10\u00d742 LRF aj vynikaj\u00faci optick\u00fd v\u00fdkon, ktor\u00fd zaru\u010duje jasn\u00fd obraz. Pogumovan\u00e9 hor\u010d\u00edkov\u00e9 telo poskytuje nielen luxusn\u00fd vzh\u013ead, ale v\u010faka nemu je \u010falekoh\u013ead ORYX odoln\u00fd vo\u010di vode, vlhkosti, prachu, teplote a n\u00e1razom.<\/p>\n<p>Vlastnosti:<\/p>\n<ul>\n<li>zabudovan\u00fd laserov\u00fd dia\u013ekomer s dosahom a\u017e 2400 m<\/li>\n<li>vysokokvalitn\u00e1 optika, ktor\u00e1 poskytuje jasn\u00fd obraz<\/li>\n<li>hor\u010d\u00edkov\u00e9 telo s gumov\u00fdm po\u0165ahom<\/li>\n<li>vysok\u00e1 odolnos\u0165<\/li>\n<\/ul>\n<p>\u0160pecifik\u00e1cie:<\/p>\n<table dir=\"ltr\" style=\"width: 810px;height: 528px\" border=\"1\" cellspacing=\"0\" cellpadding=\"0\" data-sheets-root=\"1\" data-sheets-baot=\"1\">\n<colgroup>\n<col width=\"100\" \/>\n<col width=\"100\" \/><\/colgroup>\n<tbody>\n<tr style=\"height: 24px\">\n<td style=\"width: 368.438px;height: 24px\">Zv\u00e4\u010d\u0161i\u0165<\/td>\n<td style=\"width: 435.562px;height: 24px\">10x<\/td>\n<\/tr>\n<tr style=\"height: 24px\">\n<td style=\"width: 368.438px;height: 24px\">Priemer objekt\u00edvu<\/td>\n<td style=\"width: 435.562px;height: 24px\">42 mm<\/td>\n<\/tr>\n<tr style=\"height: 24px\">\n<td style=\"width: 368.438px;height: 24px\">Priemer v\u00fdstupnej zrenice<\/td>\n<td style=\"width: 435.562px;height: 24px\">4,2 mm<\/td>\n<\/tr>\n<tr style=\"height: 24px\">\n<td style=\"width: 368.438px;height: 24px\">Najkrat\u0161ia zorn\u00e1 vzdialenos\u0165<\/td>\n<td style=\"width: 435.562px;height: 24px\">3,5 m<\/td>\n<\/tr>\n<tr style=\"height: 24px\">\n<td style=\"width: 368.438px;height: 24px\">Zorn\u00e9 pole (v stup\u0148och)<\/td>\n<td style=\"width: 435.562px;height: 24px\">6,7\u00b0<\/td>\n<\/tr>\n<tr style=\"height: 24px\">\n<td style=\"width: 368.438px;height: 24px\">Zorn\u00e9 pole (m\/1000 m)<\/td>\n<td style=\"width: 435.562px;height: 24px\">117<\/td>\n<\/tr>\n<tr style=\"height: 24px\">\n<td style=\"width: 368.438px;height: 24px\">Priepustnos\u0165 svetla - de\u0148<\/td>\n<td style=\"width: 435.562px;height: 24px\">85 %<\/td>\n<\/tr>\n<tr style=\"height: 24px\">\n<td style=\"width: 368.438px;height: 24px\">Priepustnos\u0165 svetla - sivos\u0165<\/td>\n<td style=\"width: 435.562px;height: 24px\">83 %<\/td>\n<\/tr>\n<tr style=\"height: 24px\">\n<td style=\"width: 368.438px;height: 24px\">Dioptrick\u00e1 korekcia<\/td>\n<td style=\"width: 435.562px;height: 24px\">+4\/-4<\/td>\n<\/tr>\n<tr style=\"height: 24px\">\n<td style=\"width: 368.438px;height: 24px\">Eyelines<\/td>\n<td style=\"width: 435.562px;height: 24px\">56 - 76 mm<\/td>\n<\/tr>\n<tr style=\"height: 24px\">\n<td style=\"width: 368.438px;height: 24px\">Laserov\u00fd dia\u013ekomer<\/td>\n<td style=\"width: 435.562px;height: 24px\">\n<div>\n<div>Nevidite\u013en\u00e9, bezpe\u010dn\u00e9, trieda 1<\/div>\n<\/div>\n<\/td>\n<\/tr>\n<tr style=\"height: 24px\">\n<td style=\"width: 368.438px;height: 24px\">Rozsah laserov\u00e9ho dia\u013ekomeru<\/td>\n<td style=\"width: 435.562px;height: 24px\">8 - 2400 m<\/td>\n<\/tr>\n<tr style=\"height: 24px\">\n<td style=\"width: 368.438px;height: 24px\">Presnos\u0165 do 1000 m<\/td>\n<td style=\"width: 435.562px;height: 24px\">\u00b11 m<\/td>\n<\/tr>\n<tr style=\"height: 24px\">\n<td style=\"width: 368.438px;height: 24px\">Presnos\u0165 nad 1000 m<\/td>\n<td style=\"width: 435.562px;height: 24px\">\u00b11,8 m<\/td>\n<\/tr>\n<tr style=\"height: 24px\">\n<td style=\"width: 368.438px;height: 24px\">Meranie uhla sklonu<\/td>\n<td style=\"width: 435.562px;height: 24px\">\u00b170\u00b0<\/td>\n<\/tr>\n<tr style=\"height: 24px\">\n<td style=\"width: 368.438px;height: 24px\">Re\u017eimy LRF<\/td>\n<td style=\"width: 435.562px;height: 24px\">\n<div>\n<div>auto, po\u013eovn\u00edctvo, golf<\/div>\n<\/div>\n<\/td>\n<\/tr>\n<tr style=\"height: 24px\">\n<td style=\"width: 368.438px;height: 24px\">Bat\u00e9ria<\/td>\n<td style=\"width: 435.562px;height: 24px\">CR2<\/td>\n<\/tr>\n<tr style=\"height: 24px\">\n<td style=\"width: 368.438px;height: 24px\">Prev\u00e1dzkov\u00fd \u010das<\/td>\n<td style=\"width: 435.562px;height: 24px\">\n<div>\n<div>a\u017e 1500 meran\u00ed<\/div>\n<\/div>\n<\/td>\n<\/tr>\n<tr style=\"height: 24px\">\n<td style=\"width: 368.438px;height: 24px\">Rozmery<\/td>\n<td style=\"width: 435.562px;height: 24px\">\n<div>\n<div>155 \u00d7 138 \u00d7 69 mm<\/div>\n<\/div>\n<\/td>\n<\/tr>\n<tr style=\"height: 24px\">\n<td style=\"width: 368.438px;height: 24px\">Hmotnos\u0165<\/td>\n<td style=\"width: 435.562px;height: 24px\">900 g<\/td>\n<\/tr>\n<tr style=\"height: 24px\">\n<td style=\"width: 368.438px;height: 24px\">Prev\u00e1dzkov\u00e1 teplota<\/td>\n<td style=\"width: 435.562px;height: 24px\">\n<div>\n<div>Od -15 \u00b0C do +55 \u00b0C<\/div>\n<\/div>\n<\/td>\n<\/tr>\n<tr style=\"height: 24px\">\n<td style=\"width: 368.438px;height: 24px\">Odolnos\u0165 vo\u010di vode<\/td>\n<td style=\"width: 435.562px;height: 24px\">1 m \/ 30 min<\/td>\n<\/tr>\n<\/tbody>\n<\/table>\n<p>Balenie obsahuje \u010falekoh\u013ead Night Pearl Oryx 10\u00d742 LRF, krytku okul\u00e1ru, krytky objekt\u00edvu, puzdro s popruhom, bat\u00e9riu Cr2, objekt\u00edvov\u00e9 pero, ceruzku na \u010distenie optiky, pr\u00edru\u010dku, optick\u00fa handri\u010dku at\u010f.<\/p>","protected":false},"excerpt":{"rendered":"<p>Binokul\u00e1rny \u010falekoh\u013ead so zabudovan\u00fdm laserov\u00fdm dia\u013ekomerom. \u0160t\u00fdlov\u00fd vzh\u013ead, mimoriadna odolnos\u0165, vynikaj\u00face optick\u00e9 parametre.<\/p>","protected":false},"featured_media":5042,"comment_status":"open","ping_status":"closed","template":"","meta":[],"product_brand":[],"product_cat":[99,280],"product_tag":[125,234,256,278],"class_list":{"0":"post-5043","1":"product","2":"type-product","3":"status-publish","4":"has-post-thumbnail","6":"product_cat-lezeres-tavmero","7":"product_cat-tavcso","8":"product_tag-binokular","9":"product_tag-lezeres-tavmero","10":"product_tag-night-pearl","11":"product_tag-oryx","13":"first","14":"instock","15":"taxable","16":"shipping-taxable","17":"purchasable","18":"product-type-simple"},"jetpack_sharing_enabled":true,"_links":{"self":[{"href":"https:\/\/bestoptika.eu\/sk\/wp-json\/wp\/v2\/product\/5043","targetHints":{"allow":["GET"]}}],"collection":[{"href":"https:\/\/bestoptika.eu\/sk\/wp-json\/wp\/v2\/product"}],"about":[{"href":"https:\/\/bestoptika.eu\/sk\/wp-json\/wp\/v2\/types\/product"}],"replies":[{"embeddable":true,"href":"https:\/\/bestoptika.eu\/sk\/wp-json\/wp\/v2\/comments?post=5043"}],"wp:featuredmedia":[{"embeddable":true,"href":"https:\/\/bestoptika.eu\/sk\/wp-json\/wp\/v2\/media\/5042"}],"wp:attachment":[{"href":"https:\/\/bestoptika.eu\/sk\/wp-json\/wp\/v2\/media?parent=5043"}],"wp:term":[{"taxonomy":"product_brand","embeddable":true,"href":"https:\/\/bestoptika.eu\/sk\/wp-json\/wp\/v2\/product_brand?post=5043"},{"taxonomy":"product_cat","embeddable":true,"href":"https:\/\/bestoptika.eu\/sk\/wp-json\/wp\/v2\/product_cat?post=5043"},{"taxonomy":"product_tag","embeddable":true,"href":"https:\/\/bestoptika.eu\/sk\/wp-json\/wp\/v2\/product_tag?post=5043"}],"curies":[{"name":"wp","href":"https:\/\/api.w.org\/{rel}","templated":true}]}}