{"id":5045,"date":"2025-09-06T08:55:54","date_gmt":"2025-09-06T06:55:54","guid":{"rendered":"https:\/\/bestoptika.eu\/?post_type=product&#038;p=5045"},"modified":"2025-09-06T15:33:05","modified_gmt":"2025-09-06T13:33:05","slug":"xspecter-t-crow-xrii-v-2-0-giroszkopos-jarmutarto-ejjellatohoz-es-hokamerahoz-2","status":"publish","type":"product","link":"https:\/\/bestoptika.eu\/sk\/product\/xspecter-t-crow-xrii-v-2-0-giroszkopos-jarmutarto-ejjellatohoz-es-hokamerahoz-2\/","title":{"rendered":"Xspecter T-CROW XRII V 2.0 gyroskopick\u00fd dr\u017eiak na vozidlo pre no\u010dn\u00e9 videnie a termov\u00edziu - ZELEN\u00c1"},"content":{"rendered":"<p><strong>Xspecter T-CROW XRII V 2.0 gyroskopick\u00fd dr\u017eiak na vozidlo pre no\u010dn\u00e9 videnie a termov\u00edziu - ZELEN\u00c1<\/strong><\/p>\n<p>Dr\u017eiak kamery XSPCETER T-CROW na no\u010dn\u00e9 videnie a termov\u00edziu je ide\u00e1lnym rie\u0161en\u00edm na spo\u013eahliv\u00e9 sn\u00edmanie pohybu prostredia. Kameru nie je potrebn\u00e9 manu\u00e1lne umiest\u0148ova\u0165, preto\u017ee zabudovan\u00fd sn\u00edma\u010d sa automaticky ot\u00e1\u010da o 360\u00b0 a nakl\u00e1\u0148a sa a\u017e o 55\u00b0, \u010do v\u00e1m umo\u017e\u0148uje pohodlne sledova\u0165 cie\u013e z vozidla alebo \u00fakrytu. Ovl\u00e1danie sa dosahuje pripojen\u00edm k aplik\u00e1cii Xspecter T-Crow alebo dia\u013ekov\u00fdm ovl\u00e1dan\u00edm. Dr\u017eiak s gyroskopom XSPECTER T-CROW m\u00e1 uplatnenie v po\u013eovn\u00edctve, z\u00e1chrann\u00fdch oper\u00e1ci\u00e1ch, pri ochrane majetku alebo v bezpe\u010dnostnom priemysle.<br \/>\nDr\u017eiak gyroskopu XSPCETER T-CROW sa dod\u00e1va v zna\u010dkovom polstrovanom puzdre s mno\u017estvom vn\u00fatorn\u00fdch a vonkaj\u0161\u00edch vreciek na ulo\u017eenie \u010fal\u0161ieho vybavenia.<br \/>\nV\u00fdvoj a v\u00fdroba a\u017e po programovanie aplik\u00e1cie prebieha v\u00fdlu\u010dne v Nemecku!<\/p>\n<p>Vlastnosti:<\/p>\n<ul>\n<li>Dr\u017eiak pre kameru no\u010dn\u00e9ho videnia a termov\u00edziu<\/li>\n<li>VERZIA 2.0 obsahuje zosilnen\u00e9 dr\u017eiaky a stabiliz\u00e1tory, odoln\u00e9 gu\u013e\u00f4\u010dkov\u00e9 lo\u017eisk\u00e1, antivibra\u010dn\u00e9 tesnenia a nov\u00fa nap\u00e1jaciu dosku!<\/li>\n<li>Kompaktn\u00fd funk\u010dn\u00fd dizajn<\/li>\n<li>Senzorom riaden\u00e9 ot\u00e1\u010danie o 360\u00b0 s 55\u00b0 n\u00e1klonom<\/li>\n<li>Dvojosov\u00fd dizajn s gyroskopick\u00fdm tvarom<\/li>\n<li>Ovl\u00e1danie pomocou mini dia\u013ekov\u00e9ho ovl\u00e1da\u010da (dob\u00edjate\u013en\u00fd joystick bluetooth, ktor\u00fd sa pohodlne dr\u017e\u00ed v ruke) alebo mobilnej aplik\u00e1cie<\/li>\n<li>Vysoko v\u00fdkonn\u00e1 3350mAh l\u00edtiov\u00e1 bat\u00e9ria<\/li>\n<li>Nab\u00edjac\u00ed port USB-C, ktor\u00fd umo\u017e\u0148uje kr\u00e1tke nab\u00edjanie aj po\u010das pou\u017e\u00edvania<\/li>\n<li>POWERPORT na nab\u00edjanie fotoapar\u00e1tu, \u010delovky a \u010fal\u0161ieho volite\u013en\u00e9ho vybavenia prostredn\u00edctvom nap\u00e1jacieho k\u00e1bla<\/li>\n<li>Magnetick\u00e9 pr\u00edsavky pri\u013en\u00fa k ak\u00e9muko\u013evek povrchu, ktor\u00fd funguje s magnetmi<\/li>\n<li>Klasick\u00e9 pr\u00edsavky, ktor\u00e9 sa prilepia na ak\u00fdko\u013evek hladk\u00fd povrch<\/li>\n<li>Dr\u017eiak s pr\u00edsavkou sa d\u00e1 ot\u00e1\u010da\u0165 v rozsahu 0 a\u017e 90\u00b0<\/li>\n<li>Bo\u010dn\u00e9 li\u0161ty Picatinny + pr\u00eddavn\u00e1 z\u00e1klad\u0148a s li\u0161tou Picatinny na upevnenie vlastn\u00e9ho zariadenia<\/li>\n<li>Robustn\u00e9 telo odoln\u00e9 vo\u010di vlhkosti a prachu<\/li>\n<\/ul>\n<p>\u0160pecifik\u00e1cie:<\/p>\n<ul>\n<li>Rozmery (Vx\u0160xH): 27x13x17 cm<\/li>\n<li>Hmotnos\u0165: 1100 g<\/li>\n<\/ul>\n<p>Obsah balenia:<\/p>\n<ul>\n<li>1x T-CROW XRII V 2.0<\/li>\n<li>1x dia\u013ekov\u00e9 ovl\u00e1danie<\/li>\n<li>3x klasick\u00e1 pr\u00edsavka<\/li>\n<li>3x magnetick\u00e9 pr\u00edsavky (namontovan\u00e9 na dr\u017eiaku a pr\u00eddavnej z\u00e1kladni)<\/li>\n<li>1x pr\u00eddavn\u00e1 z\u00e1klad\u0148a s li\u0161tou Picatinny<\/li>\n<li>2x nab\u00edjac\u00ed k\u00e1bel<\/li>\n<li>1x polstrovan\u00e9, pevn\u00e9 puzdro na zips<\/li>\n<\/ul>","protected":false},"excerpt":{"rendered":"<p>Oto\u010dn\u00fd dr\u017eiak so \u0161irokou \u0161k\u00e1lou pr\u00edslu\u0161enstva. Ovl\u00e1da sa dia\u013ekov\u00fdm ovl\u00e1da\u010dom alebo mobilnou aplik\u00e1ciou z pohodlia v\u00e1\u0161ho vozidla alebo \u00fakrytu, mo\u017eno ho namontova\u0165 na ak\u00fdko\u013evek povrch. Prec\u00edzna nemeck\u00e1 v\u00fdroba.<\/p>","protected":false},"featured_media":5044,"comment_status":"open","ping_status":"closed","template":"","meta":[],"product_brand":[],"product_cat":[283],"product_tag":[284,286,285],"class_list":{"0":"post-5045","1":"product","2":"type-product","3":"status-publish","4":"has-post-thumbnail","6":"product_cat-jarmutarto","7":"product_tag-giroszkopos-jarmutarto","8":"product_tag-t-crow","9":"product_tag-xspecter","11":"first","12":"instock","13":"taxable","14":"shipping-taxable","15":"purchasable","16":"product-type-simple"},"jetpack_sharing_enabled":true,"_links":{"self":[{"href":"https:\/\/bestoptika.eu\/sk\/wp-json\/wp\/v2\/product\/5045","targetHints":{"allow":["GET"]}}],"collection":[{"href":"https:\/\/bestoptika.eu\/sk\/wp-json\/wp\/v2\/product"}],"about":[{"href":"https:\/\/bestoptika.eu\/sk\/wp-json\/wp\/v2\/types\/product"}],"replies":[{"embeddable":true,"href":"https:\/\/bestoptika.eu\/sk\/wp-json\/wp\/v2\/comments?post=5045"}],"wp:featuredmedia":[{"embeddable":true,"href":"https:\/\/bestoptika.eu\/sk\/wp-json\/wp\/v2\/media\/5044"}],"wp:attachment":[{"href":"https:\/\/bestoptika.eu\/sk\/wp-json\/wp\/v2\/media?parent=5045"}],"wp:term":[{"taxonomy":"product_brand","embeddable":true,"href":"https:\/\/bestoptika.eu\/sk\/wp-json\/wp\/v2\/product_brand?post=5045"},{"taxonomy":"product_cat","embeddable":true,"href":"https:\/\/bestoptika.eu\/sk\/wp-json\/wp\/v2\/product_cat?post=5045"},{"taxonomy":"product_tag","embeddable":true,"href":"https:\/\/bestoptika.eu\/sk\/wp-json\/wp\/v2\/product_tag?post=5045"}],"curies":[{"name":"wp","href":"https:\/\/api.w.org\/{rel}","templated":true}]}}