{"id":5264,"date":"2025-10-01T14:10:03","date_gmt":"2025-10-01T12:10:03","guid":{"rendered":"https:\/\/bestoptika.eu\/?post_type=product&#038;p=5264"},"modified":"2026-01-17T09:34:30","modified_gmt":"2026-01-17T08:34:30","slug":"nocpix-nite-d70r","status":"publish","type":"product","link":"https:\/\/bestoptika.eu\/sk\/product\/nocpix-nite-d70r\/","title":{"rendered":"Nocpix NITE D70R"},"content":{"rendered":"<table dir=\"ltr\" style=\"width: 721px\" border=\"1\" cellspacing=\"0\" cellpadding=\"0\" data-sheets-root=\"1\" data-sheets-baot=\"1\">\n<colgroup>\n<col width=\"301\" \/>\n<col width=\"203\" \/><\/colgroup>\n<tbody>\n<tr>\n<td style=\"width: 297.409px\">Rozl\u00ed\u0161enie<\/td>\n<td style=\"width: 419.227px\">3536 x 3536 px<\/td>\n<\/tr>\n<tr>\n<td style=\"width: 297.409px\">Ve\u013ekos\u0165 pixelov<\/td>\n<td style=\"width: 419.227px\">2\u00b5m<\/td>\n<\/tr>\n<tr>\n<td style=\"width: 297.409px\">Obnovovacia frekvencia obrazu (Hz)<\/td>\n<td style=\"width: 419.227px\">60 Hz<\/td>\n<\/tr>\n<tr>\n<td style=\"width: 297.409px\">Objekt\u00edv (mm)<\/td>\n<td style=\"width: 419.227px\">70 mm \/ F2,0<\/td>\n<\/tr>\n<tr>\n<td style=\"width: 297.409px\">Zorn\u00e9 pole<\/td>\n<td style=\"width: 419.227px\">5,8\u00b0 x 5,8\u00b0<\/td>\n<\/tr>\n<tr>\n<td style=\"width: 297.409px\">Digit\u00e1lny zoom<\/td>\n<td style=\"width: 419.227px\">5x-40x<\/td>\n<\/tr>\n<tr>\n<td style=\"width: 297.409px\">\u00da\u013eava od o\u010d\u00ed<\/td>\n<td style=\"width: 419.227px\">50 mm<\/td>\n<\/tr>\n<tr>\n<td style=\"width: 297.409px\">Priemer o\u010dn\u00e9ho reli\u00e9fu<\/td>\n<td style=\"width: 419.227px\">10 mm<\/td>\n<\/tr>\n<tr>\n<td style=\"width: 297.409px\">Dioptrick\u00e1 korekcia<\/td>\n<td style=\"width: 419.227px\">-5 - +5D<\/td>\n<\/tr>\n<tr>\n<td style=\"width: 297.409px\">Typ displeja<\/td>\n<td style=\"width: 419.227px\">AMOLED<\/td>\n<\/tr>\n<tr>\n<td style=\"width: 297.409px\">Rozl\u00ed\u0161enie displeja<\/td>\n<td style=\"width: 419.227px\">1920 x 1200 px<\/td>\n<\/tr>\n<tr>\n<td style=\"width: 297.409px\">Typ bat\u00e9rie<\/td>\n<td style=\"width: 419.227px\">\n<div>\n<div>1\u00d7 vstavan\u00fd (4000 mAh) + 2\u00d7 vymenite\u013en\u00fd 18650<\/div>\n<\/div>\n<\/td>\n<\/tr>\n<tr>\n<td style=\"width: 297.409px\">V\u00fddr\u017e bat\u00e9rie<\/td>\n<td style=\"width: 419.227px\">7 hod\u00edn (vstavan\u00e1 + extern\u00e1)<\/td>\n<\/tr>\n<tr>\n<td style=\"width: 297.409px\">Wi-Fi \/ Aplik\u00e1cie<\/td>\n<td style=\"width: 419.227px\">\u00c1no<\/td>\n<\/tr>\n<tr>\n<td style=\"width: 297.409px\">Foto\/video<\/td>\n<td style=\"width: 419.227px\">\u00c1no<\/td>\n<\/tr>\n<tr>\n<td style=\"width: 297.409px\">Zvukov\u00fd z\u00e1znam<\/td>\n<td style=\"width: 419.227px\">\u00c1no<\/td>\n<\/tr>\n<tr>\n<td style=\"width: 297.409px\">Video aktivovan\u00e9 na sp\u00e4tn\u00fd n\u00e1raz<\/td>\n<td style=\"width: 419.227px\">\u00c1no<\/td>\n<\/tr>\n<tr>\n<td style=\"width: 297.409px\">Balistick\u00e1 kalkula\u010dka<\/td>\n<td style=\"width: 419.227px\">\u00c1no<\/td>\n<\/tr>\n<tr>\n<td style=\"width: 297.409px\">Laserov\u00fd dia\u013ekomer<\/td>\n<td style=\"width: 419.227px\">\u00c1no, integrovan\u00fd v objekt\u00edve<\/td>\n<\/tr>\n<tr>\n<td style=\"width: 297.409px\">Prehr\u00e1vanie vide\u00ed v zariaden\u00ed<\/td>\n<td style=\"width: 419.227px\">\u00c1no<\/td>\n<\/tr>\n<tr>\n<td style=\"width: 297.409px\">Typ pripojenia<\/td>\n<td style=\"width: 419.227px\">USB-C<\/td>\n<\/tr>\n<tr>\n<td style=\"width: 297.409px\">Ukladanie<\/td>\n<td style=\"width: 419.227px\">64 GB<\/td>\n<\/tr>\n<tr>\n<td style=\"width: 297.409px\">Odolnos\u0165 vo\u010di vode<\/td>\n<td style=\"width: 419.227px\">IP67<\/td>\n<\/tr>\n<tr>\n<td style=\"width: 297.409px\">Hmotnos\u0165<\/td>\n<td style=\"width: 419.227px\">1055g<\/td>\n<\/tr>\n<tr>\n<td style=\"width: 297.409px\">Rozmery<\/td>\n<td style=\"width: 419.227px\">405 x 95 x 80 mm<\/td>\n<\/tr>\n<tr>\n<td style=\"width: 297.409px\">Priemer r\u00farky<\/td>\n<td style=\"width: 419.227px\">30 mm<\/td>\n<\/tr>\n<\/tbody>\n<\/table>\n<p>&nbsp;<\/p>\n<p><iframe loading=\"lazy\" title=\"NOCPIX NOV\u00dd DIGIT\u00c1LNY \u010eALEKOH\u013dAD S DENN\u00ddM A NO\u010cN\u00ddM VIDEN\u00cdM - NITE D70R\" width=\"1290\" height=\"726\" src=\"https:\/\/www.youtube.com\/embed\/A5h0F_YsEsk?feature=oembed\" frameborder=\"0\" allow=\"accelerometer; autoplay; clipboard-write; encrypted-media; gyroscope; picture-in-picture; web-share\" referrerpolicy=\"strict-origin-when-cross-origin\" allowfullscreen><\/iframe><\/p>","protected":false},"excerpt":{"rendered":"<p data-start=\"721\" data-end=\"1107\">Kamera Nite je ur\u010den\u00e1 na lov jele\u0148ov a l\u00ed\u0161ok a je vybaven\u00e1 \u0161pi\u010dkov\u00fdm sn\u00edma\u010dom 4K Ultra s rozl\u00ed\u0161en\u00edm 12 megapixelov, ktor\u00fd poskytuje bezkonkuren\u010dn\u00fa \u010distotu, \u017eiv\u00e9 farby a ostr\u00e9 detaily na ka\u017edom z\u00e1bere. Od prv\u00e9ho svetla a\u017e po \u00fapln\u00fa tmu poskytuje v\u00fdnimo\u010dn\u00fd z\u00e1\u017eitok zo sledovania a mierenia, tak\u017ee po\u013eovn\u00edci m\u00f4\u017eu s istotou vy\u0165a\u017ei\u0165 zo svojej stre\u013eby maximum.<\/p>\n<ul data-start=\"1109\" data-end=\"1296\">\n<li data-start=\"1109\" data-end=\"1159\">\n<p data-start=\"1111\" data-end=\"1159\">3536\u00d73536@2\u03bcm 60Hz 4K Ultra digit\u00e1lny detektor<\/p>\n<\/li>\n<li data-start=\"1160\" data-end=\"1186\">\n<p data-start=\"1162\" data-end=\"1186\">Zabudovan\u00fd LRF 1200 m<\/p>\n<\/li>\n<li data-start=\"1187\" data-end=\"1212\">\n<p data-start=\"1189\" data-end=\"1212\">P\u00e1ka kontinu\u00e1lneho zoomu<\/p>\n<\/li>\n<li data-start=\"1213\" data-end=\"1241\">\n<p data-start=\"1215\" data-end=\"1241\">Displej AMOLED 1920\u00d71200<\/p>\n<\/li>\n<li data-start=\"1242\" data-end=\"1273\">\n<p data-start=\"1244\" data-end=\"1273\">Zabudovan\u00e1 bat\u00e9ria 18650<\/p>\n<\/li>\n<li data-start=\"1274\" data-end=\"1296\">\n<p data-start=\"1276\" data-end=\"1296\">Objekt\u00edv 70 mm F2,0<\/p>\n<\/li>\n<\/ul>","protected":false},"featured_media":5265,"comment_status":"open","ping_status":"closed","template":"","meta":[],"product_brand":[],"product_cat":[30,45],"product_tag":[],"class_list":{"0":"post-5264","1":"product","2":"type-product","3":"status-publish","4":"has-post-thumbnail","6":"product_cat-celtavcso","7":"product_cat-hokamera","9":"first","10":"instock","11":"taxable","12":"shipping-taxable","13":"purchasable","14":"product-type-simple"},"jetpack_sharing_enabled":true,"_links":{"self":[{"href":"https:\/\/bestoptika.eu\/sk\/wp-json\/wp\/v2\/product\/5264","targetHints":{"allow":["GET"]}}],"collection":[{"href":"https:\/\/bestoptika.eu\/sk\/wp-json\/wp\/v2\/product"}],"about":[{"href":"https:\/\/bestoptika.eu\/sk\/wp-json\/wp\/v2\/types\/product"}],"replies":[{"embeddable":true,"href":"https:\/\/bestoptika.eu\/sk\/wp-json\/wp\/v2\/comments?post=5264"}],"wp:featuredmedia":[{"embeddable":true,"href":"https:\/\/bestoptika.eu\/sk\/wp-json\/wp\/v2\/media\/5265"}],"wp:attachment":[{"href":"https:\/\/bestoptika.eu\/sk\/wp-json\/wp\/v2\/media?parent=5264"}],"wp:term":[{"taxonomy":"product_brand","embeddable":true,"href":"https:\/\/bestoptika.eu\/sk\/wp-json\/wp\/v2\/product_brand?post=5264"},{"taxonomy":"product_cat","embeddable":true,"href":"https:\/\/bestoptika.eu\/sk\/wp-json\/wp\/v2\/product_cat?post=5264"},{"taxonomy":"product_tag","embeddable":true,"href":"https:\/\/bestoptika.eu\/sk\/wp-json\/wp\/v2\/product_tag?post=5264"}],"curies":[{"name":"wp","href":"https:\/\/api.w.org\/{rel}","templated":true}]}}