{"id":5311,"date":"2025-10-08T18:25:07","date_gmt":"2025-10-08T16:25:07","guid":{"rendered":"https:\/\/bestoptika.eu\/?post_type=product&#038;p=5311"},"modified":"2026-01-17T09:46:43","modified_gmt":"2026-01-17T08:46:43","slug":"nocpix-mate-h50r-hokamera-elotet","status":"publish","type":"product","link":"https:\/\/bestoptika.eu\/sk\/product\/nocpix-mate-h50r-hokamera-elotet\/","title":{"rendered":"Nocpix MATE H50R termov\u00edzna preds\u00e1dka"},"content":{"rendered":"<p><strong>Nocpix MATE H50R termov\u00edzna preds\u00e1dka<\/strong><\/p>\n<p><b>Vysoko v\u00fdkonn\u00fd detektor vyvinut\u00fd vlastn\u00fdmi silami<\/b><b><br \/>\n<\/b><b>Ve\u013ekos\u0165 pixelu 12 \u00b5m<\/b><span style=\"font-weight: 400\"> a <\/span><b>NETD \u2264 15 mK<\/b><span style=\"font-weight: 400\"> vybaven\u00e9 citlivos\u0165ou <\/span><b>NOCPIX MATE<\/b><span style=\"font-weight: 400\"> dok\u00e1\u017ee odhali\u0165 aj tie najmen\u0161ie tepeln\u00e9 stopy - ide\u00e1lne na identifik\u00e1ciu zveri v hustom poraste alebo v otvorenom ter\u00e9ne.<\/span><\/p>\n<p><b>Pokro\u010dil\u00e9 zobrazovacie algoritmy<\/b><b><br \/>\n<\/b><span style=\"font-weight: 400\">Pracuje s dvojit\u00fdm algoritmom: pokro\u010dil\u00fdm zobrazovac\u00edm motorom a inteligentn\u00fdm <\/span><b>s technol\u00f3giou R+<\/b><span style=\"font-weight: 400\">, ktor\u00fd sa automaticky prisp\u00f4sob\u00ed zv\u00e4\u010d\u0161eniu \u010falekoh\u013eadu.\u00a0<\/span><\/p>\n<p><b>Obnovovanie obrazu 60 Hz<\/b><b><br \/>\n<\/b><span style=\"font-weight: 400\">A <\/span><b>Obnovovacia frekvencia 60 Hz<\/b><span style=\"font-weight: 400\">. <\/span><span style=\"font-weight: 400\">Dokonca aj r\u00fdchlo sa pohybuj\u00face ciele zost\u00e1vaj\u00fa jasn\u00e9 a ostr\u00e9, tak\u017ee v kritick\u00fdch momentoch uvid\u00edte ka\u017ed\u00fd detail.<\/span><\/p>\n<p><b>Zobrazovanie bez z\u00e1mku<\/b><b><br \/>\n<\/b><span style=\"font-weight: 400\">Technol\u00f3gia Shutterless eliminuje potrebu manu\u00e1lnej kalibr\u00e1cie, tak\u017ee obraz je v\u017edy plynul\u00fd a s\u00favisl\u00fd. Dokonca aj r\u00fdchlo sa pohybuj\u00face ciele sa okam\u017eite zobrazia s bohat\u00fdmi detailmi.<\/span><\/p>\n<p><b>Magick\u00e9 pribl\u00ed\u017eenie<\/b><b><br \/>\n<\/b><span style=\"font-weight: 400\">A <\/span><b>Magick\u00e9 pribl\u00ed\u017eenie<\/b><span style=\"font-weight: 400\"> funkcia automaticky upravuje zv\u00e4\u010d\u0161enie term\u00e1lneho obrazu a pou\u017e\u00edvate\u013esk\u00e9ho rozhrania v re\u00e1lnom \u010dase.<\/span><\/p>\n<p><b>Vynikaj\u00faca tolerancia pri opakovanej demont\u00e1\u017ei<\/b><b><br \/>\n<\/b><span style=\"font-weight: 400\">A <\/span><b>NOCPIX MATE<\/b><span style=\"font-weight: 400\"> je navrhnut\u00fd tak, aby sa dal \u013eahko pren\u00e1\u0161a\u0165 na r\u00f4zne zbrane. Nie je potrebn\u00e9 nab\u00edja\u0165, nestr\u00e1ca sa \u010das ani mun\u00edcia. Namontujete ho, zaist\u00edte na mieste a bod z\u00e1sahu zostane rovnak\u00fd aj po opakovanom nabit\u00ed a vybit\u00ed. To je tov\u00e1rensky kalibrovan\u00e1 presnos\u0165, na ktor\u00fa sa m\u00f4\u017eete okam\u017eite spo\u013eahn\u00fa\u0165.<\/span><\/p>\n<p><b>Integrovan\u00e9 rie\u0161enie LRF 1200 m a balistick\u00e9 v\u00fdpo\u010dtov\u00e9 rie\u0161enie novej gener\u00e1cie<\/b><b><br \/>\n<\/b><span style=\"font-weight: 400\">A <\/span><b>NOCPIX MATE<\/b><span style=\"font-weight: 400\"> Zabudovan\u00e1 str\u00e1nka <\/span><b>1200 m s laserov\u00fdm dia\u013ekomerom<\/b><span style=\"font-weight: 400\"> m\u00e1. Nov\u00e1 gener\u00e1cia syst\u00e9mu balistick\u00e9ho v\u00fdpo\u010dtu priamo koriguje cie\u013e v obraze, tak\u017ee balistick\u00fd v\u00fdpo\u010det presne zodpoved\u00e1 skuto\u010dn\u00e9mu cie\u013eu. To umo\u017e\u0148uje istej\u0161iu a presnej\u0161iu stre\u013ebu.<\/span><\/p>\n<p><b>Pevnej\u0161ie a \u013eah\u0161ie dvojdielne puzdro z hor\u010d\u00edkovej zliatiny<\/b><b><br \/>\n<\/b><span style=\"font-weight: 400\">Kryt je vyroben\u00fd z dvojdielnej hor\u010d\u00edkovej zliatiny, ktor\u00e1 je \u013eah\u0161ia, pevnej\u0161ia a odolnej\u0161ia ako be\u017en\u00e9 kryty. T\u00e1to kon\u0161trukcia minimalizuje vibr\u00e1cie, maximalizuje stabilitu a zabezpe\u010duje konzistentn\u00fa presnos\u0165 sez\u00f3nu za sez\u00f3nou.<\/span><\/p>\n<p><b>\u0160tandardn\u00e1 bat\u00e9ria 18650<\/b><b><br \/>\n<\/b><span style=\"font-weight: 400\">A <\/span><b>NOCPIX MATE<\/b><span style=\"font-weight: 400\"> \u0161iroko dostupn\u00fd <\/span><b>S nab\u00edjate\u013enou bat\u00e9riou 18650<\/b><span style=\"font-weight: 400\"> funguje, tak\u017ee v\u00fdmena je jednoduch\u00e1 a nie s\u00fa potrebn\u00e9 \u017eiadne \u0161peci\u00e1lne bat\u00e9rie. S jednou n\u00e1pl\u0148ou viac ako <\/span><b>4 hodiny prev\u00e1dzky<\/b><span style=\"font-weight: 400\"> V\u010faka tomu je spo\u013eahliv\u00fdm spolo\u010dn\u00edkom aj na dlh\u0161\u00edch po\u013eova\u010dk\u00e1ch.<\/span><\/p>\n<table dir=\"ltr\" border=\"1\" cellspacing=\"0\" cellpadding=\"0\" data-sheets-root=\"1\" data-sheets-baot=\"1\">\n<colgroup>\n<col width=\"100\" \/>\n<col width=\"100\" \/><\/colgroup>\n<tbody>\n<tr>\n<td>Model<\/td>\n<td>Mate H50R<\/td>\n<\/tr>\n<tr>\n<td>Rozl\u00ed\u0161enie a ve\u013ekos\u0165 pixelov<\/td>\n<td>\n<div>\n<div>640 \u00d7 512 a 12 \u03bcm<\/div>\n<\/div>\n<\/td>\n<\/tr>\n<tr>\n<td>NETD (mK)<\/td>\n<td>\u2264 15<\/td>\n<\/tr>\n<tr>\n<td>Sn\u00edmkov\u00e1 frekvencia (Hz)<\/td>\n<td>60<\/td>\n<\/tr>\n<tr>\n<td>Objekt\u00edv<\/td>\n<td>50 mm F1,0<\/td>\n<\/tr>\n<tr>\n<td>Zorn\u00e9 pole (\u00b0)<\/td>\n<td>8.6 \u00d7 6.6<\/td>\n<\/tr>\n<tr>\n<td>Line\u00e1rne zorn\u00e9 pole (L \u00d7 W), m @ 100 m<\/td>\n<td>15 \u00d7 11.5<\/td>\n<\/tr>\n<tr>\n<td>Detek\u010dn\u00e1 vzdialenos\u0165 (m)<\/td>\n<td>2600<\/td>\n<\/tr>\n<tr>\n<td>Typ displeja<\/td>\n<td>AMOLED<\/td>\n<\/tr>\n<tr>\n<td>Rozl\u00ed\u0161enie displeja<\/td>\n<td>1920 \u00d7 1080<\/td>\n<\/tr>\n<tr>\n<td>Bat\u00e9ria<\/td>\n<td>\n<div>\n<div>Vymenite\u013en\u00e1 bat\u00e9ria 18650<\/div>\n<\/div>\n<\/td>\n<\/tr>\n<tr>\n<td>Maxim\u00e1lny prev\u00e1dzkov\u00fd \u010das<\/td>\n<td>4 h<\/td>\n<\/tr>\n<tr>\n<td>Wi-Fi a aplik\u00e1cia<\/td>\n<td>\u00c1no<\/td>\n<\/tr>\n<tr>\n<td>RAV<\/td>\n<td>\u00c1no<\/td>\n<\/tr>\n<tr>\n<td>Gal\u00e9ria<\/td>\n<td>\u00c1no<\/td>\n<\/tr>\n<tr>\n<td>N-link<\/td>\n<td>\u00c1no<\/td>\n<\/tr>\n<tr>\n<td>Dia\u013ekov\u00e9 ovl\u00e1danie<\/td>\n<td>\u00c1no<\/td>\n<\/tr>\n<tr>\n<td>Magick\u00e9 pribl\u00ed\u017eenie<\/td>\n<td>\u00c1no<\/td>\n<\/tr>\n<tr>\n<td>Kapacita pam\u00e4te<\/td>\n<td>64 GB<\/td>\n<\/tr>\n<tr>\n<td>Hmotnos\u0165 (g)<\/td>\n<td>467<\/td>\n<\/tr>\n<tr>\n<td>Rozmery (mm)<\/td>\n<td>120 \u00d7 92 \u00d7 76<\/td>\n<\/tr>\n<tr>\n<td>Konektor adapt\u00e9ra<\/td>\n<td>M52<\/td>\n<\/tr>\n<tr>\n<td>Laserov\u00fd dia\u013ekomer<\/td>\n<td>1200 m<\/td>\n<\/tr>\n<tr>\n<td>Balistick\u00fd v\u00fdpo\u010det<\/td>\n<td>Sponzoruje<\/td>\n<\/tr>\n<\/tbody>\n<\/table>\n<p><span style=\"font-weight: 400\">Ofici\u00e1lna str\u00e1nka zna\u010dky:<\/span><a href=\"https:\/\/www.nocpix.com\/mate-ultra\/\"> <span style=\"font-weight: 400\">https:\/\/www.nocpix.com\/mate-ultra\/<\/span><\/a><span style=\"font-weight: 400\">\u00a0<\/span><\/p>","protected":false},"excerpt":{"rendered":"<p><b>Nocpix MATE<\/b><span style=\"font-weight: 400\"> Termov\u00edzna preds\u00e1dka <\/span><b>Obnovovanie obrazu 60 Hz<\/b><span style=\"font-weight: 400\"> a <\/span><b>NETD \u2264 15 mK<\/b><span style=\"font-weight: 400\"> pre ostr\u00e9 a jasn\u00e9 sn\u00edmky za v\u0161etk\u00fdch sveteln\u00fdch podmienok. A <\/span><b>Pr\u00edslu\u0161enstvo Magic Zoom<\/b><span style=\"font-weight: 400\"> zlep\u0161uje pou\u017e\u00edvate\u013esk\u00e9 rozhranie a kvalitu obrazu, zatia\u013e \u010do <\/span><b>Zabudovan\u00fd laserov\u00fd dia\u013ekomer (LRF) s dosahom 1200 m v s\u00falade s bezpe\u010dnostn\u00fdmi predpismi<\/b><span style=\"font-weight: 400\"> v kombin\u00e1cii s balistick\u00fdm v\u00fdpo\u010dtom zaru\u010duje presn\u00e9 meranie bez op\u00e4tovnej kalibr\u00e1cie. A <\/span><b>so \u0161tandardnou bat\u00e9riou 18650<\/b><span style=\"font-weight: 400\"> MATE m\u00e1 dlh\u00fa \u017eivotnos\u0165, tak\u017ee je spo\u013eahliv\u00fdm spolo\u010dn\u00edkom po\u013eovn\u00edkov.<\/span><\/p>","protected":false},"featured_media":5312,"comment_status":"open","ping_status":"closed","template":"","meta":[],"product_brand":[],"product_cat":[36],"product_tag":[37,122,183],"class_list":{"0":"post-5311","1":"product","2":"type-product","3":"status-publish","4":"has-post-thumbnail","6":"product_cat-hokamera-elotet","7":"product_tag-hokamera-elotet","8":"product_tag-mate","9":"product_tag-nocpix","11":"first","12":"instock","13":"sale","14":"taxable","15":"shipping-taxable","16":"purchasable","17":"product-type-simple"},"jetpack_sharing_enabled":true,"_links":{"self":[{"href":"https:\/\/bestoptika.eu\/sk\/wp-json\/wp\/v2\/product\/5311","targetHints":{"allow":["GET"]}}],"collection":[{"href":"https:\/\/bestoptika.eu\/sk\/wp-json\/wp\/v2\/product"}],"about":[{"href":"https:\/\/bestoptika.eu\/sk\/wp-json\/wp\/v2\/types\/product"}],"replies":[{"embeddable":true,"href":"https:\/\/bestoptika.eu\/sk\/wp-json\/wp\/v2\/comments?post=5311"}],"wp:featuredmedia":[{"embeddable":true,"href":"https:\/\/bestoptika.eu\/sk\/wp-json\/wp\/v2\/media\/5312"}],"wp:attachment":[{"href":"https:\/\/bestoptika.eu\/sk\/wp-json\/wp\/v2\/media?parent=5311"}],"wp:term":[{"taxonomy":"product_brand","embeddable":true,"href":"https:\/\/bestoptika.eu\/sk\/wp-json\/wp\/v2\/product_brand?post=5311"},{"taxonomy":"product_cat","embeddable":true,"href":"https:\/\/bestoptika.eu\/sk\/wp-json\/wp\/v2\/product_cat?post=5311"},{"taxonomy":"product_tag","embeddable":true,"href":"https:\/\/bestoptika.eu\/sk\/wp-json\/wp\/v2\/product_tag?post=5311"}],"curies":[{"name":"wp","href":"https:\/\/api.w.org\/{rel}","templated":true}]}}