{"id":5398,"date":"2025-11-01T15:28:59","date_gmt":"2025-11-01T14:28:59","guid":{"rendered":"https:\/\/bestoptika.eu\/?post_type=product&#038;p=5398"},"modified":"2026-01-17T14:00:24","modified_gmt":"2026-01-17T13:00:24","slug":"pulsar-proton-fxq30-hokamera-elotet","status":"publish","type":"product","link":"https:\/\/bestoptika.eu\/sk\/product\/pulsar-proton-fxq30-hokamera-elotet\/","title":{"rendered":"Pulsar PROTON FXQ30 termov\u00edzna preds\u00e1dka"},"content":{"rendered":"<p><strong>Pulsar PROTON FXQ30 termov\u00edzna preds\u00e1dka<\/strong><\/p>\n<p><b>Ve\u013emi citliv\u00fd mikrobolometer<\/b><\/p>\n<p><span style=\"font-weight: 400\">A <\/span><b>NETD &lt;40 mK<\/b><span style=\"font-weight: 400\"> hodnota mikrobolometra <\/span><b>poskytuje dokonal\u00e9 bohatstvo detailov<\/b><span style=\"font-weight: 400\"> aj pri n\u00edzkom kontraste a v n\u00e1ro\u010dn\u00fdch poveternostn\u00fdch podmienkach.<\/span><span style=\"font-weight: 400\"><br \/>\n<\/span><span style=\"font-weight: 400\">Aj tie najmen\u0161ie teplotn\u00e9 rozdiely <\/span><b>bud\u00fa jasne vidite\u013en\u00e9<\/b><span style=\"font-weight: 400\"> v da\u017edi, hmle, chladn\u00fdch r\u00e1nach a in\u00fdch n\u00e1ro\u010dn\u00fdch podmienkach.<\/span><\/p>\n<p><b>Pevn\u00e9, spo\u013eahliv\u00e9, vyroben\u00e9 v\u00fdlu\u010dne z kovu<\/b><\/p>\n<p><span style=\"font-weight: 400\">A <\/span><b>Predradn\u00edky Proton FXQ30<\/b> <b>odoln\u00fd, ale \u013eahk\u00fd<\/b><span style=\"font-weight: 400\">, <\/span><b>s kovov\u00fdm puzdrom z hor\u010d\u00edkovej zliatiny<\/b><span style=\"font-weight: 400\"> maj\u00fa.<\/span><span style=\"font-weight: 400\"><br \/>\n<\/span><span style=\"font-weight: 400\"> \u010casti <\/span><b>presn\u00e9 obr\u00e1banie<\/b><span style=\"font-weight: 400\"> boli vykonan\u00e9, ktor\u00e9 <\/span><b>dlhodob\u00e1 bezporuchov\u00e1 prev\u00e1dzka<\/b><span style=\"font-weight: 400\"> zaru\u010duje r\u00f4zne klimatick\u00e9 podmienky a <\/span><b>intenz\u00edvne pou\u017e\u00edvanie v ter\u00e9ne<\/b><span style=\"font-weight: 400\"> a tie\u017e.<\/span><\/p>\n<p><b>R\u00fdchloup\u00ednac\u00ed adapt\u00e9r<\/b><\/p>\n<p>Pou\u017eitie adapt\u00e9ra PSP je nevyhnutn\u00e9 na pou\u017eitie z\u00e1\u0165a\u017ee na spr\u00e1vny lov. Adapt\u00e9r sa na jednej strane pripev\u0148uje k prednej \u010dasti pomocou z\u00e1vitu a na druhej strane k pu\u0161koh\u013eadu. Manipul\u00e1cia je ve\u013emi r\u00fdchla a \u00fa\u010dinn\u00e1. M\u00f4\u017eete ho kedyko\u013evek nasadi\u0165 a od\u0148a\u0165.\u00a0<strong>Presnos\u0165 polohovacieho mechanizmu je zalo\u017een\u00e1 na dokonalosti v\u0161etk\u00fdch nastaven\u00ed obrazu v zornom poli.<\/strong>\u00a0\u010eal\u0161ou d\u00f4le\u017eitou skuto\u010dnos\u0165ou je, \u017ee adapt\u00e9r zost\u00e1va pripojen\u00fd, aj ke\u010f koncov\u00fa krytku pou\u017e\u00edvate len ako pozorovac\u00ed n\u00e1stroj s monokul\u00e1rom Pulsar 5x30B.<\/p>\n<p><b>Zachovanie presnosti v\u00fdstrelu<\/b><\/p>\n<p><span style=\"font-weight: 400\">A <\/span><b>presn\u00e1 optika<\/b><span style=\"font-weight: 400\">,. <\/span><b>origin\u00e1lny upev\u0148ovac\u00ed syst\u00e9m<\/b><span style=\"font-weight: 400\"> a <\/span><b>Softv\u00e9r<\/b><span style=\"font-weight: 400\"> zabezpe\u010duje, \u017ee <\/span><b>Prot\u00f3nov\u00fd predradn\u00edk<\/b><span style=\"font-weight: 400\"> pri pou\u017e\u00edvan\u00ed <\/span><b>\u017eiadna zmena v mieste vstupu<\/b><span style=\"font-weight: 400\"> v dennom rozsahu. <\/span><span style=\"font-weight: 400\">Lovec <\/span><b>nie je potrebn\u00e1 \u017eiadna korekcia zarovnania<\/b><span style=\"font-weight: 400\"> po in\u0161tal\u00e1cii z\u00e1\u0165a\u017ee. <\/span><\/p>\n<p><b>Bezpe\u010dn\u00e9 pre ve\u013ek\u00e9 kalibre<\/b><\/p>\n<p><span style=\"font-weight: 400\">Popredie <\/span><b>mechanick\u00e1 odolnos\u0165 do energie sp\u00e4tn\u00e9ho r\u00e1zu 6 000 joulov<\/b><span style=\"font-weight: 400\"> poisten\u00e9, tak\u017ee <\/span><b>spo\u013eahlivo funguje na zbraniach ve\u013ek\u00e9ho kalibru<\/b><span style=\"font-weight: 400\"> tie\u017e napr\u00edklad <\/span><b>.375 H&amp;H<\/b><span style=\"font-weight: 400\">, <\/span><b>Kaliber 12<\/b><span style=\"font-weight: 400\"> alebo <\/span><b>9.3\u00d764<\/b><span style=\"font-weight: 400\"> v pr\u00edpade.<\/span><\/p>\n<p><b>\u201eFunkcia \u201dImage Boost\"<\/b><\/p>\n<p><span style=\"font-weight: 400\">Z adresy <\/span><b>\u201eIMAGE BOOST\u201d<\/b><span style=\"font-weight: 400\"> vyvinut\u00e9 pre termokamery Pulsar <\/span><b>exkluz\u00edvna technol\u00f3gia spracovania obrazu<\/b><span style=\"font-weight: 400\">, ktor\u00e9 v\u00fdrazne <\/span><b>zvy\u0161uje ostros\u0165 obrysov zdrojov tepla<\/b><span style=\"font-weight: 400\">a <\/span><b>bezkonkuren\u010dn\u00e1 kvalita obrazu<\/b><span style=\"font-weight: 400\"> pre term\u00e1lne zobrazovacie zariadenia Pulsar.<\/span><\/p>\n<p><b>Foto a videorekord\u00e9r<\/b><\/p>\n<p><span style=\"font-weight: 400\">A <\/span><b>zabudovan\u00fd videorekord\u00e9r<\/b><span style=\"font-weight: 400\"> v\u00e1m umo\u017e\u0148uje <\/span><b>zachyti\u0165 a uchova\u0165 v\u00fdnimo\u010dn\u00e9 okamihy<\/b><span style=\"font-weight: 400\">. <\/span><span style=\"font-weight: 400\">Single <\/span><b>stla\u010den\u00edm tla\u010didla REC<\/b><span style=\"font-weight: 400\"> m\u00f4\u017eete spusti\u0165 nahr\u00e1vanie, ktor\u00e9 <\/span><b>zdie\u013ea\u0165 s priate\u013emi<\/b><span style=\"font-weight: 400\">. <\/span><span style=\"font-weight: 400\">A <\/span><b>16 GB vstavanej pam\u00e4te<\/b><span style=\"font-weight: 400\"> mo\u017eno ulo\u017ei\u0165 nieko\u013eko hod\u00edn videa alebo tis\u00edce fotografi\u00ed. <\/span><span style=\"font-weight: 400\">Vide\u00e1 <\/span><b>so zvukom<\/b><span style=\"font-weight: 400\"> s\u00fa pevn\u00e9, tak\u017ee aj <\/span><b>vlastn\u00fd koment\u00e1r<\/b><span style=\"font-weight: 400\"> m\u00f4\u017eete tie\u017e prida\u0165.<\/span><\/p>\n<p><b>Plnofarebn\u00fd displej HD AMOLED<\/b><\/p>\n<p><span style=\"font-weight: 400\">A <\/span><b>plnofarebn\u00fd displej AMOLED<\/b> <b>vysok\u00fd kontrast<\/b><span style=\"font-weight: 400\"> medzi \u010diernou a bielou a <\/span><b>\u017eiv\u00e9, realistick\u00e9 farby<\/b><span style=\"font-weight: 400\"> displeje. <\/span><span style=\"font-weight: 400\">Medzi v\u00fdhody technol\u00f3gie AMOLED patr\u00ed <\/span><b>nepretr\u017eit\u00e9 zobrazovanie bez zasek\u00e1vania aj pri n\u00edzkych teplot\u00e1ch<\/b><span style=\"font-weight: 400\">a <\/span><b>energeticky \u00fasporn\u00e1 prev\u00e1dzka<\/b><span style=\"font-weight: 400\">.<\/span><\/p>\n<p><b>Aplik\u00e1cia Stream Vision<\/b><\/p>\n<p><span style=\"font-weight: 400\">A <\/span><b>Pripojenie Wi-Fi<\/b><span style=\"font-weight: 400\"> s pomocou <\/span><b>Proton FXQ<\/b><span style=\"font-weight: 400\"> by\u0165 prepojen\u00fd s <\/span><b>na smartf\u00f3ne alebo tablete<\/b><span style=\"font-weight: 400\">, a <\/span><b>Stream Vision v mobilnej aplik\u00e1cii<\/b><span style=\"font-weight: 400\"> prezera\u0165 obr\u00e1zky v re\u00e1lnom \u010dase, s\u0165ahova\u0165 nahran\u00e9 vide\u00e1 a fotografie, dia\u013ekovo ovl\u00e1da\u0165 z\u00e1\u0165a\u017eov\u00e9 zariadenie, <\/span><b>aktualizovate\u013en\u00fd softv\u00e9r<\/b><span style=\"font-weight: 400\">, a mnoho \u010fal\u0161\u00edch u\u017eito\u010dn\u00fdch funkci\u00ed.<\/span><\/p>\n<p><b>8 farebn\u00fdch paliet<\/b><\/p>\n<p><span style=\"font-weight: 400\">Pre r\u00f4zne podmienky pozorovania <\/span><b>r\u00f4zne palety farieb<\/b><span style=\"font-weight: 400\"> odpor\u00fa\u010da sa pou\u017e\u00edva\u0165. <\/span><span style=\"font-weight: 400\">A <\/span><b>Proton FXQ30<\/b><span style=\"font-weight: 400\"> term\u00e1lne zobrazovanie <\/span><b>8 r\u00f4znych farieb<\/b><span style=\"font-weight: 400\"> ponuka. <\/span><span style=\"font-weight: 400\">Klasick\u00fd <\/span><b>\u201eWhite Hot\u201d<\/b><span style=\"font-weight: 400\"> je mimoriadne v\u0161estrann\u00fd, zatia\u013e \u010do re\u017eim <\/span><b>\u201eHot Black\u201d<\/b><span style=\"font-weight: 400\"> \u010dasto sa uprednost\u0148uje re\u017eim <\/span><b>na no\u010dn\u00e9 pozorovanie zveri<\/b><span style=\"font-weight: 400\">. <\/span><span style=\"font-weight: 400\">A <\/span><b>\u010derven\u00e1 jednofarebn\u00e1<\/b><span style=\"font-weight: 400\"> Re\u017eim <\/span><b>zni\u017euje \u00fanavu o\u010d\u00ed<\/b><span style=\"font-weight: 400\"> a <\/span><b>no\u010dn\u00e9 oslnenie<\/b><span style=\"font-weight: 400\">. <\/span><span style=\"font-weight: 400\">A <\/span><b>kr\u00e1sa<\/b><span style=\"font-weight: 400\"> farebn\u00fd odtie\u0148 zlep\u0161uje <\/span><b>dia\u013ekov\u00e9 monitorovanie<\/b><span style=\"font-weight: 400\">, <\/span><span style=\"font-weight: 400\">zatia\u013e \u010do <\/span><b>\u201eRed Hot\u201d<\/b><span style=\"font-weight: 400\">, <\/span><b>\u201eD\u00faha\u201d<\/b><span style=\"font-weight: 400\"> a <\/span><b>\u201eUltramar\u00edn\u201d<\/b><span style=\"font-weight: 400\"> sp\u00f4soby <\/span><b>lep\u0161ie zv\u00fdrazni\u0165 teplotn\u00e9 rozdiely<\/b><span style=\"font-weight: 400\"> medzi jednotliv\u00fdmi objektmi. <\/span><span style=\"font-weight: 400\">A <\/span><b>fialov\u00e1<\/b><span style=\"font-weight: 400\"> a farby <\/span><b>r\u00fdchlej\u0161ia identifik\u00e1cia objektov<\/b><span style=\"font-weight: 400\"> umo\u017e\u0148uje.<\/span><\/p>\n<table dir=\"ltr\" border=\"1\" cellspacing=\"0\" cellpadding=\"0\" data-sheets-root=\"1\" data-sheets-baot=\"1\">\n<colgroup>\n<col width=\"100\" \/>\n<col width=\"100\" \/><\/colgroup>\n<tbody>\n<tr>\n<td>Zv\u00e4\u010d\u0161i\u0165<\/td>\n<td>\n<div>\n<div>1\u00d7 (5\u00d7 s monokul\u00e1rom: 5\u00d7)<\/div>\n<\/div>\n<\/td>\n<\/tr>\n<tr>\n<td>Kompatibiln\u00e9 zv\u00e4\u010d\u0161enie pu\u0161koh\u013eadu<\/td>\n<td>1,5-4\u00d7<\/td>\n<\/tr>\n<tr>\n<td>Tepeln\u00e1 citlivos\u0165 zariadenia<\/td>\n<td>&lt; 20 mK<\/td>\n<\/tr>\n<tr>\n<td>Rozl\u00ed\u0161enie sn\u00edma\u010da<\/td>\n<td>384 \u00d7 288 px<\/td>\n<\/tr>\n<tr>\n<td>Tepeln\u00e1 citlivos\u0165 sn\u00edma\u010da<\/td>\n<td>&lt; 40 mK<\/td>\n<\/tr>\n<tr>\n<td>Ve\u013ekos\u0165 pixelov<\/td>\n<td>17 \u03bcm<\/td>\n<\/tr>\n<tr>\n<td>Rozl\u00ed\u0161enie displeja<\/td>\n<td>1024\u00d7768 px<\/td>\n<\/tr>\n<tr>\n<td>Sn\u00edmkov\u00e1 frekvencia<\/td>\n<td>50 Hz<\/td>\n<\/tr>\n<tr>\n<td>Typ displeja<\/td>\n<td>AMOLED<\/td>\n<\/tr>\n<tr>\n<td>Detek\u010dn\u00e1 vzdialenos\u0165<\/td>\n<td>900 m<\/td>\n<\/tr>\n<tr>\n<td>Parametre objekt\u00edvu<\/td>\n<td>F30 \/ 1.2<\/td>\n<\/tr>\n<tr>\n<td>Zorn\u00fd uhol<\/td>\n<td>12,4\u00b0<\/td>\n<\/tr>\n<tr>\n<td>Zorn\u00e9 pole na 100 m<\/td>\n<td>21,8 \u00d7 16,3 m<\/td>\n<\/tr>\n<tr>\n<td>Kapacita bat\u00e9rie<\/td>\n<td>4900 mAh<\/td>\n<\/tr>\n<tr>\n<td>Extern\u00e9 nap\u00e1janie<\/td>\n<td>5 V USB typu C<\/td>\n<\/tr>\n<tr>\n<td>Videorekord\u00e9r<\/td>\n<td>\u00c1no<\/td>\n<\/tr>\n<tr>\n<td>Ve\u013ekos\u0165 internej pam\u00e4te<\/td>\n<td>16 GB<\/td>\n<\/tr>\n<tr>\n<td>Form\u00e1t videa \/ fotografie<\/td>\n<td>.mp4 \/ .jpg<\/td>\n<\/tr>\n<tr>\n<td>Rozl\u00ed\u0161enie videa\/fotografi\u00ed<\/td>\n<td>864\u00d7648 px<\/td>\n<\/tr>\n<tr>\n<td>Odolnos\u0165 vo\u010di vode<\/td>\n<td>IPX7<\/td>\n<\/tr>\n<tr>\n<td>Rozsah prev\u00e1dzkov\u00fdch tepl\u00f4t<\/td>\n<td>-25 ... +50 \u00b0C<\/td>\n<\/tr>\n<tr>\n<td>Mobiln\u00e1 aplik\u00e1cia<\/td>\n<td>Stream Vision 2<\/td>\n<\/tr>\n<tr>\n<td>Wi-Fi<\/td>\n<td>\u00c1no<\/td>\n<\/tr>\n<tr>\n<td>Typ konektora USB<\/td>\n<td>Micro-USB<\/td>\n<\/tr>\n<tr>\n<td>Dia\u013ekov\u00e9 ovl\u00e1danie<\/td>\n<td>\u00c1no<\/td>\n<\/tr>\n<tr>\n<td>Rozmery<\/td>\n<td>\n<div>\n<div>119 \u00d7 58 \u00d7 75 mm<\/div>\n<\/div>\n<\/td>\n<\/tr>\n<tr>\n<td>Hmotnos\u0165<\/td>\n<td>0,3 kg<\/td>\n<\/tr>\n<\/tbody>\n<\/table>\n<p>Ofici\u00e1lna str\u00e1nka zna\u010dky: <a href=\"https:\/\/pulsarvision.com\/\">https:\/\/pulsarvision.com\/<\/a><\/p>","protected":false},"excerpt":{"rendered":"<p><span style=\"font-weight: 400\">A <\/span><b>kompaktna preds\u00e1dka Proton FXQ30<\/b><span style=\"font-weight: 400\"> len <\/span><b>v\u00e1\u017ei 370 gramov<\/b><span style=\"font-weight: 400\">, tak\u017ee <\/span><b>nem\u00e1 takmer \u017eiadny vplyv na vyv\u00e1\u017eenie zbrane<\/b><span style=\"font-weight: 400\">.<\/span><\/p>","protected":false},"featured_media":5399,"comment_status":"open","ping_status":"closed","template":"","meta":[],"product_brand":[],"product_cat":[36],"product_tag":[37,309,44],"class_list":{"0":"post-5398","1":"product","2":"type-product","3":"status-publish","4":"has-post-thumbnail","6":"product_cat-hokamera-elotet","7":"product_tag-hokamera-elotet","8":"product_tag-proton","9":"product_tag-pulsar","11":"first","12":"instock","13":"taxable","14":"shipping-taxable","15":"purchasable","16":"product-type-simple"},"jetpack_sharing_enabled":true,"_links":{"self":[{"href":"https:\/\/bestoptika.eu\/sk\/wp-json\/wp\/v2\/product\/5398","targetHints":{"allow":["GET"]}}],"collection":[{"href":"https:\/\/bestoptika.eu\/sk\/wp-json\/wp\/v2\/product"}],"about":[{"href":"https:\/\/bestoptika.eu\/sk\/wp-json\/wp\/v2\/types\/product"}],"replies":[{"embeddable":true,"href":"https:\/\/bestoptika.eu\/sk\/wp-json\/wp\/v2\/comments?post=5398"}],"wp:featuredmedia":[{"embeddable":true,"href":"https:\/\/bestoptika.eu\/sk\/wp-json\/wp\/v2\/media\/5399"}],"wp:attachment":[{"href":"https:\/\/bestoptika.eu\/sk\/wp-json\/wp\/v2\/media?parent=5398"}],"wp:term":[{"taxonomy":"product_brand","embeddable":true,"href":"https:\/\/bestoptika.eu\/sk\/wp-json\/wp\/v2\/product_brand?post=5398"},{"taxonomy":"product_cat","embeddable":true,"href":"https:\/\/bestoptika.eu\/sk\/wp-json\/wp\/v2\/product_cat?post=5398"},{"taxonomy":"product_tag","embeddable":true,"href":"https:\/\/bestoptika.eu\/sk\/wp-json\/wp\/v2\/product_tag?post=5398"}],"curies":[{"name":"wp","href":"https:\/\/api.w.org\/{rel}","templated":true}]}}