{"id":5445,"date":"2025-11-10T19:08:15","date_gmt":"2025-11-10T18:08:15","guid":{"rendered":"https:\/\/bestoptika.eu\/?post_type=product&#038;p=5445"},"modified":"2026-01-16T15:05:00","modified_gmt":"2026-01-16T14:05:00","slug":"hikmicro-lynx-pro-lh19-hokamera-kereso","status":"publish","type":"product","link":"https:\/\/bestoptika.eu\/sk\/product\/hikmicro-lynx-pro-lh19-hokamera-kereso\/","title":{"rendered":"Hikmicro LYNX PRO LH19 termov\u00edzny monokul\u00e1r"},"content":{"rendered":"<p><strong>Hikmicro LYNX PRO LH19 termov\u00edzny monokul\u00e1r<\/strong><\/p>\n<p data-start=\"0\" data-end=\"142\">A <strong data-start=\"2\" data-end=\"35\">Monokul\u00e1rne \u010falekoh\u013eady Lynx Pro Series<\/strong> s\u00fa vynikaj\u00facou vo\u013ebou ako prv\u00fd termov\u00edzny pozorovac\u00ed n\u00e1stroj pre r\u00f4zne situ\u00e1cie.<\/p>\n<ul>\n<li data-start=\"146\" data-end=\"170\">Tepeln\u00e1 citlivos\u0165: &lt; 35 mK<\/li>\n<li data-start=\"173\" data-end=\"197\">Sn\u00edma\u010d: 384 \u00d7 288 px<\/li>\n<li data-start=\"200\" data-end=\"229\">Displej LCOS: 1280 \u00d7 960 px<\/li>\n<li data-start=\"232\" data-end=\"274\">\u013dahk\u00e1 kon\u0161trukcia, zabudovan\u00e1 bat\u00e9ria<\/li>\n<li data-start=\"277\" data-end=\"300\">Prev\u00e1dzkov\u00fd \u010das: a\u017e 7,5 hodiny<\/li>\n<\/ul>\n<p data-start=\"302\" data-end=\"587\">A <strong data-start=\"304\" data-end=\"331\">Monokul\u00e1rne \u010falekoh\u013eady Lynx Pro LH19<\/strong> NETD je vybaven\u00fd termov\u00edznym senzorom s citlivos\u0165ou &lt; 35 mK a rozl\u00ed\u0161en\u00edm 384 \u00d7 288 pixelov.<br data-start=\"410\" data-end=\"413\" \/>\u010c\u00edm ni\u017e\u0161ia je hodnota NETD, t\u00fdm lep\u0161ie dok\u00e1\u017ee sn\u00edma\u010d zachyti\u0165 aj tie najmen\u0161ie teplotn\u00e9 rozdiely medzi objektmi, \u010d\u00edm poskytuje ve\u013emi detailn\u00fd obraz.<\/p>\n<p data-start=\"589\" data-end=\"690\">A <strong data-start=\"591\" data-end=\"629\">Objekt\u00edv s ohniskovou vzdialenos\u0165ou 19 mm<\/strong> v\u010faka zariadeniu <strong data-start=\"654\" data-end=\"687\">dosah detekcie 900 metrov<\/strong>.<\/p>\n<p data-start=\"692\" data-end=\"920\">Cel\u00e1 pozorovan\u00e1 sc\u00e9na je <strong data-start=\"722\" data-end=\"758\">Displej LCOS s rozl\u00ed\u0161en\u00edm 1280 \u00d7 960 pixelov<\/strong> sa objav\u00ed.<br data-start=\"771\" data-end=\"774\" \/>Je mo\u017en\u00e9 <strong data-start=\"788\" data-end=\"811\">\u0161tyri palety farieb<\/strong> prep\u00edna\u0165 medzi nimi, <strong data-start=\"830\" data-end=\"854\">proporcion\u00e1lny vyh\u013ead\u00e1va\u010d rozsahu<\/strong> pou\u017e\u00edvanie a <strong data-start=\"878\" data-end=\"917\">digit\u00e1lny zoom a\u017e do 8\u00d7 zv\u00e4\u010d\u0161enia<\/strong>.<\/p>\n<p data-start=\"922\" data-end=\"983\">Lynx Pro obsahuje aj pokro\u010dil\u00e9 technol\u00f3gie, ako s\u00fa:<\/p>\n<ul>\n<li data-start=\"986\" data-end=\"1032\"><strong data-start=\"986\" data-end=\"1030\">Automatick\u00e9 riadenie citlivosti (AGC)<\/strong><\/li>\n<li data-start=\"1035\" data-end=\"1067\"><strong data-start=\"1035\" data-end=\"1065\">Digit\u00e1lne vylep\u0161enie obrazu (DDE)<\/strong><\/li>\n<li data-start=\"1035\" data-end=\"1067\"><strong data-start=\"1070\" data-end=\"1111\">Trojrozmern\u00e1 redukcia \u0161umu (3D DNR)<\/strong><\/li>\n<\/ul>\n<p>Vstavan\u00e1 bat\u00e9ria poskytuje a\u017e <strong data-start=\"1144\" data-end=\"1178\">7,5 hodiny nepretr\u017eitej prev\u00e1dzky<\/strong> a pred\u013a\u017eenie prev\u00e1dzkov\u00e9ho \u010dasu <strong data-start=\"1230\" data-end=\"1246\">re\u017eim sp\u00e1nku<\/strong> je tie\u017e k dispoz\u00edcii.<\/p>\n<p data-start=\"1272\" data-end=\"1409\" data-is-last-node=\"\" data-is-only-node=\"\">Zariadenie <strong data-start=\"1283\" data-end=\"1313\">vodotesnos\u0165 a ochrana IP67<\/strong>, tak\u017ee <strong data-start=\"1321\" data-end=\"1333\">Lynx Pro<\/strong> spo\u013eahliv\u00e9 pou\u017e\u00edvanie v da\u017edi, snehu alebo in\u00fdch nepriazniv\u00fdch podmienkach.<\/p>\n<table dir=\"ltr\" border=\"1\" cellspacing=\"0\" cellpadding=\"0\" data-sheets-root=\"1\" data-sheets-baot=\"1\">\n<colgroup>\n<col width=\"100\" \/>\n<col width=\"100\" \/><\/colgroup>\n<tbody>\n<tr>\n<td>Wi-Fi<\/td>\n<td>\u00c1no<\/td>\n<\/tr>\n<tr>\n<td>Senzor<\/td>\n<td>384 \u00d7 288 px<\/td>\n<\/tr>\n<tr>\n<td>Teplotn\u00e1 citlivos\u0165<\/td>\n<td>&lt; 35 mK<\/td>\n<\/tr>\n<tr>\n<td>Rozl\u00ed\u0161enie displeja<\/td>\n<td>1280 \u00d7 960 px<\/td>\n<\/tr>\n<tr>\n<td>Lencse<\/td>\n<td>19 mm<\/td>\n<\/tr>\n<tr>\n<td>Detek\u010dn\u00e1 vzdialenos\u0165<\/td>\n<td>900 m<\/td>\n<\/tr>\n<tr>\n<td>Optick\u00e9 zv\u00e4\u010d\u0161enie<\/td>\n<td>1,9\u00d7<\/td>\n<\/tr>\n<tr>\n<td>Zorn\u00e9 pole<\/td>\n<td>13,8\u00b0 \u00d7 10,4\u00b0<\/td>\n<\/tr>\n<tr>\n<td>Digit\u00e1lny zoom<\/td>\n<td>a\u017e 8\u00d7<\/td>\n<\/tr>\n<tr>\n<td>Dioptrick\u00e1 korekcia<\/td>\n<td>-4D \uff5e +5D<\/td>\n<\/tr>\n<tr>\n<td>Mo\u017enos\u0165 fotografovania<\/td>\n<td>\u00c1no<\/td>\n<\/tr>\n<tr>\n<td>Mo\u017enos\u0165 vytvori\u0165 video<\/td>\n<td>\u00c1no<\/td>\n<\/tr>\n<tr>\n<td>Stupe\u0148 ochrany<\/td>\n<td>IP67<\/td>\n<\/tr>\n<tr>\n<td>Pam\u00e4\u0165<\/td>\n<td>vstavan\u00fd, 8 GB<\/td>\n<\/tr>\n<tr>\n<td>Prev\u00e1dzkov\u00e1 teplota<\/td>\n<td>-20\u00b0C - +55\u00b0C<\/td>\n<\/tr>\n<tr>\n<td>Bat\u00e9ria<\/td>\n<td>zabudovan\u00fd Li-ion<\/td>\n<\/tr>\n<tr>\n<td>V\u00fddr\u017e bat\u00e9rie<\/td>\n<td>7,5 hodiny<\/td>\n<\/tr>\n<tr>\n<td>Hmotnos\u0165<\/td>\n<td>310 g<\/td>\n<\/tr>\n<tr>\n<td>Rozmery<\/td>\n<td>\n<div>\n<div>171 \u00d7 61 \u00d7 57 mm<\/div>\n<\/div>\n<\/td>\n<\/tr>\n<\/tbody>\n<\/table>\n<p data-start=\"0\" data-end=\"20\">Obsah balenia:<\/p>\n<ul>\n<li data-start=\"24\" data-end=\"67\">Termov\u00edzny monokul\u00e1r HIKMICRO LYNX PRO LH19<\/li>\n<li data-start=\"70\" data-end=\"85\">1\u00d7 remienok na z\u00e1p\u00e4stie<\/li>\n<li data-start=\"88\" data-end=\"106\">1\u00d7 d\u00e1tov\u00fd k\u00e1bel USB<\/li>\n<li data-start=\"109\" data-end=\"131\">\u010cistiaca handri\u010dka na optiku<\/li>\n<li data-start=\"134\" data-end=\"177\">N\u00e1vod na pou\u017eitie<\/li>\n<\/ul>\n<p>Ofici\u00e1lna str\u00e1nka zna\u010dky: <a href=\"https:\/\/www.hikmicrotech.com\/hu\/outdoor-products\/lynx-pro-series-monocular\/\">https:\/\/www.hikmicrotech.com\/hu\/outdoor-products\/lynx-pro-series-monocular\/<\/a><\/p>","protected":false},"excerpt":{"rendered":"<ul>\n<li style=\"font-weight: 400\"><span style=\"font-weight: 400\">Sn\u00edma\u010d: 384 \u00d7 288 px, 12 \u03bcm.<\/span><\/li>\n<li style=\"font-weight: 400\"><span style=\"font-weight: 400\">Objekt\u00edv: 19 mm.<\/span><\/li>\n<li style=\"font-weight: 400\"><span style=\"font-weight: 400\">Citlivos\u0165 termokamery: &lt; 35 mK.<\/span><\/li>\n<li style=\"font-weight: 400\"><span style=\"font-weight: 400\">Detek\u010dn\u00e1 vzdialenos\u0165: 900 m.<\/span><\/li>\n<li style=\"font-weight: 400\"><span style=\"font-weight: 400\">Optick\u00e9 zv\u00e4\u010d\u0161enie: 1,9\u00d7.<\/span><\/li>\n<li style=\"font-weight: 400\"><span style=\"font-weight: 400\">Digit\u00e1lny zoom: a\u017e 8\u00d7.<\/span><\/li>\n<li style=\"font-weight: 400\"><span style=\"font-weight: 400\">Displej: LCOS 1280 \u00d7 960 px.<\/span><\/li>\n<li style=\"font-weight: 400\"><span style=\"font-weight: 400\">Re\u017eim \u00faspory energie (re\u017eim sp\u00e1nku).<\/span><\/li>\n<li style=\"font-weight: 400\"><span style=\"font-weight: 400\">V\u00fddr\u017e bat\u00e9rie: 7,5 hodiny.<\/span><\/li>\n<li style=\"font-weight: 400\"><span style=\"font-weight: 400\">Nap\u00e1janie: zabudovan\u00e1 l\u00edtium-i\u00f3nov\u00e1 bat\u00e9ria.<\/span><\/li>\n<\/ul>","protected":false},"featured_media":5446,"comment_status":"open","ping_status":"closed","template":"","meta":[],"product_brand":[],"product_cat":[45,17],"product_tag":[31,18,189,204],"class_list":{"0":"post-5445","1":"product","2":"type-product","3":"status-publish","4":"has-post-thumbnail","6":"product_cat-hokamera","7":"product_cat-hokamera-kereso","8":"product_tag-hikmicro","9":"product_tag-hokamera","10":"product_tag-hokamera-kereso","11":"product_tag-lynx","13":"first","14":"outofstock","15":"sale","16":"taxable","17":"shipping-taxable","18":"purchasable","19":"product-type-simple"},"jetpack_sharing_enabled":true,"_links":{"self":[{"href":"https:\/\/bestoptika.eu\/sk\/wp-json\/wp\/v2\/product\/5445","targetHints":{"allow":["GET"]}}],"collection":[{"href":"https:\/\/bestoptika.eu\/sk\/wp-json\/wp\/v2\/product"}],"about":[{"href":"https:\/\/bestoptika.eu\/sk\/wp-json\/wp\/v2\/types\/product"}],"replies":[{"embeddable":true,"href":"https:\/\/bestoptika.eu\/sk\/wp-json\/wp\/v2\/comments?post=5445"}],"wp:featuredmedia":[{"embeddable":true,"href":"https:\/\/bestoptika.eu\/sk\/wp-json\/wp\/v2\/media\/5446"}],"wp:attachment":[{"href":"https:\/\/bestoptika.eu\/sk\/wp-json\/wp\/v2\/media?parent=5445"}],"wp:term":[{"taxonomy":"product_brand","embeddable":true,"href":"https:\/\/bestoptika.eu\/sk\/wp-json\/wp\/v2\/product_brand?post=5445"},{"taxonomy":"product_cat","embeddable":true,"href":"https:\/\/bestoptika.eu\/sk\/wp-json\/wp\/v2\/product_cat?post=5445"},{"taxonomy":"product_tag","embeddable":true,"href":"https:\/\/bestoptika.eu\/sk\/wp-json\/wp\/v2\/product_tag?post=5445"}],"curies":[{"name":"wp","href":"https:\/\/api.w.org\/{rel}","templated":true}]}}