{"id":5468,"date":"2025-11-10T20:09:12","date_gmt":"2025-11-10T19:09:12","guid":{"rendered":"https:\/\/bestoptika.eu\/?post_type=product&#038;p=5468"},"modified":"2026-03-21T21:30:41","modified_gmt":"2026-03-21T20:30:41","slug":"hikmicro-lynx-lh35-3-0-hokamera-kereso","status":"publish","type":"product","link":"https:\/\/bestoptika.eu\/sk\/product\/hikmicro-lynx-lh35-3-0-hokamera-kereso\/","title":{"rendered":"Hikmicro LYNX LH35 3.0 termov\u00edzny monokul\u00e1r"},"content":{"rendered":"<p><strong>Hikmicro LYNX LH35 3.0 termov\u00edzny monokul\u00e1r<\/strong><\/p>\n<p><b>15 mK ultravysok\u00e1 tepeln\u00e1 citlivos\u0165: kri\u0161t\u00e1\u013eovo \u010dist\u00e9 rozl\u00ed\u0161enie cie\u013ea<\/b><\/p>\n<p><span style=\"font-weight: 400\">Tepeln\u00e1 citlivos\u0165 15 mK modelu LYNX 3.0 patr\u00ed k najlep\u0161\u00edm vo svojej triede, tak\u017ee aj slab\u00e9 tepeln\u00e9 sign\u00e1ly sa daj\u00fa \u013eahko zisti\u0165 v n\u00e1ro\u010dn\u00fdch loveck\u00fdch lokalit\u00e1ch. \u010ci u\u017e lov\u00edte v hmlistom r\u00e1ne, v hustom lese, alebo v noci na otvorenom poli, nebudete ma\u0165 probl\u00e9m spozorova\u0165 obrysy cie\u013eov\u00fdch zvierat. Dokonca aj ke\u010f sa zajac skr\u00fdva vo vysokej tr\u00e1ve alebo sa l\u00ed\u0161ka pohybuje v bl\u00edzkosti stromov, zariadenie LYNX 3.0 zaznamen\u00e1 tepeln\u00fa stopu s pozoruhodnou presnos\u0165ou.<\/span><\/p>\n<p><b>Algoritmy Image Pro 3.0 a Zoom Pro zalo\u017een\u00e9 na umelej inteligencii: detailn\u00e9 zobrazenie aj pri \u00faplnom zv\u00e4\u010d\u0161en\u00ed<\/b><\/p>\n<p><span style=\"font-weight: 400\">LYNX 3.0 obsahuje vlastn\u00e9 algoritmy AI spolo\u010dnosti HIKMICRO, Image Pro 3.0 a Zoom Prot, ktor\u00e9 s\u00fa navrhnut\u00e9 tak, aby poskytovali ostr\u00e9 a detailn\u00e9 sn\u00edmky v re\u017eimoch pribl\u00ed\u017eenia aj oddialenia. Tieto funkcie zabezpe\u010duj\u00fa presn\u00fa identifik\u00e1ciu obrysov zvierat a rozl\u00ed\u0161enie druhov aj na v\u00e4\u010d\u0161ie vzdialenosti. Ke\u010f sa v lese na vzdialenos\u0165 150 metrov objav\u00ed diviak, pomocou jednook\u00e9ho termov\u00edzneho \u010falekoh\u013eadu HIKMICRO LYNX 3.0 m\u00f4\u017eete pribl\u00ed\u017ei\u0165 jeho ve\u013ekos\u0165 a pohyb, jasne vidie\u0165 jeho obrysy a rozl\u00ed\u0161i\u0165 ho od bl\u00edzkych kr\u00edkov.<\/span><\/p>\n<p><b>HIKMICRO: bezprobl\u00e9mov\u00e9 monitorovanie, zv\u00fd\u0161en\u00e1 pozornos\u0165 pou\u017e\u00edvate\u013ea<\/b><\/p>\n<p><span style=\"font-weight: 400\">Osved\u010den\u00e1 technol\u00f3gia bez uz\u00e1vierky spolo\u010dnosti HIKMICRO, ktor\u00e1 je teraz k dispoz\u00edcii v syst\u00e9me LYNX 3.0, zabezpe\u010duje plynul\u00e9 a nepreru\u0161ovan\u00e9 sledovanie po\u010das lovu. Na rozdiel od tradi\u010dn\u00fdch zariaden\u00ed, ktor\u00e9 sa pri kalibr\u00e1cii zastavia, LYNX 3.0 poskytuje plynul\u00fd term\u00e1lny obraz, ktor\u00fd v\u00e1m umo\u017en\u00ed s\u00fastredi\u0165 sa na cie\u013e bez rozpty\u013eovania. Pri sledovan\u00ed l\u00ed\u0161ky prech\u00e1dzaj\u00facej no\u010dn\u00fdm po\u013eom m\u00f4\u017eete v\u010faka kon\u0161trukcii bez uz\u00e1vierky sledova\u0165 jej pohyb bez preru\u0161enia. To v\u00e1m umo\u017en\u00ed r\u00fdchlo a rozhodne reagova\u0165.<\/span><\/p>\n<p><b>0,49\u201d displej AMOLED: pr\u00e9miov\u00e9 zobrazenie pre pohodlnej\u0161ie sledovanie<\/b><\/p>\n<p><span style=\"font-weight: 400\">V\u00fdkonn\u00fd 0,49\u201d displej AMOLED smartf\u00f3nu LYNX 3.0 vynikne aj pri slabom osvetlen\u00ed. Ve\u013ek\u00fd displej je navrhnut\u00fd tak, aby minimalizoval nam\u00e1hanie o\u010d\u00ed, a je ide\u00e1lny na dlh\u0161ie lovy, tak\u017ee nov\u00ed aj sk\u00fasen\u00ed lovci m\u00f4\u017eu s istotou robi\u0165 presn\u00e9 rozhodnutia.<\/span><\/p>\n<p><b>Kompaktn\u00e9, \u013eahk\u00e9 a v\u017edy po ruke<\/b><\/p>\n<p><span style=\"font-weight: 400\">LYNX 3.0 je navrhnut\u00fd s oh\u013eadom na prenosnos\u0165. Jeho kompaktn\u00e1 a \u013eahk\u00e1 kon\u0161trukcia zaru\u010duje, \u017ee sa v\u00e1m pohodlne zmest\u00ed do vrecka, \u010d\u00edm v\u00e1s zbav\u00ed z\u00e1\u0165a\u017ee objemn\u00e9ho vybavenia na dlh\u00fdch lovoch.<\/span><\/p>\n<p><b>169 mm dlh\u00fd, tak\u017ee sa zmest\u00ed do ka\u017ed\u00e9ho vrecka<\/b><\/p>\n<p><span style=\"font-weight: 400\">Termov\u00edzny \u010falekoh\u013ead HIKMICRO LYNX 3.0 s jedn\u00fdm objekt\u00edvom je o 24 mm krat\u0161\u00ed ako predt\u00fdm, tak\u017ee sa d\u00e1 \u013eahko ulo\u017ei\u0165 a nosi\u0165 vo vrecku alebo v po\u013eovn\u00edckej bunde. Ke\u010f v noci hliadkujete na poliach, m\u00f4\u017eete pr\u00edstroj LYNX 3.0 nosi\u0165 vo vrecku bez pocitu \u0165a\u017eoby, aby ste k nemu mali r\u00fdchly a jednoduch\u00fd pr\u00edstup, ak v bl\u00edzkosti hospod\u00e1rskych zvierat zbad\u00e1te dravce, napr\u00edklad l\u00ed\u0161ky.<\/span><\/p>\n<p><b>355 g, ur\u010den\u00e9 na celodenn\u00e9 nosenie<\/b><\/p>\n<p><span style=\"font-weight: 400\">Model LYNX 3.0 v\u00e1\u017ei len 355 g a je ur\u010den\u00fd pre \u013eud\u00ed, ktor\u00ed s\u00fa neust\u00e1le na cest\u00e1ch. Lovci prekon\u00e1vaj\u00faci dlh\u00e9 vzdialenosti alebo tr\u00e1viaci hodiny v ter\u00e9ne ocenia jeho \u013eahk\u00fa kon\u0161trukciu, ktor\u00e1 zni\u017euje \u00fanavu a z\u00e1rove\u0148 je v\u017edy pripraven\u00e1 na akciu.<\/span><\/p>\n<p><b>Intuit\u00edvna a spo\u013eahliv\u00e1 pou\u017eite\u013enos\u0165: pripraven\u00fd, ke\u010f ste<\/b><\/p>\n<p><b>2-sekundov\u00fd r\u00fdchly \u0161tart: nikdy nezme\u0161k\u00e1te ani okamih! <\/b><span style=\"font-weight: 400\">LYNX 3.0 sa zapne len za 2 sekundy, tak\u017ee ste pripraven\u00ed pozorova\u0165 svoj cie\u013e hne\u010f, ako ho zbad\u00e1te. \u010ci u\u017e ste v pohotovostnom re\u017eime, v re\u017eime automatick\u00e9ho vypnutia obrazovky alebo \u00faplne vypnut\u00ed, r\u00fdchla odozva zariadenia zaru\u010duje, \u017ee nezme\u0161k\u00e1te \u017eiadnu pr\u00edle\u017eitos\u0165. Hne\u010f ako zbad\u00e1te diviaka, ktor\u00fd sa n\u00e1hle objav\u00ed vo vzdialenosti 100 metrov, LYNX 3.0 v\u00e1m pom\u00f4\u017ee dosiahnu\u0165 cie\u013e do 2 sek\u00fand, aby ste ho mohli bez me\u0161kania zachyti\u0165.<\/span><\/p>\n<p><b>4,5 hodiny praktickej v\u00fddr\u017ee bat\u00e9rie: spo\u013eahliv\u00e9 pri dlh\u0161\u00edch po\u013eova\u010dk\u00e1ch<\/b><\/p>\n<p><span style=\"font-weight: 400\">Napriek v\u00fdkonn\u00fdm funkci\u00e1m m\u00e1 HIKMICRO LYNX 3.0 p\u00f4sobiv\u00fa v\u00fddr\u017e bat\u00e9rie, ktor\u00e1 umo\u017e\u0148uje 4,5 hodiny nepretr\u017eit\u00e9ho pou\u017e\u00edvania v ter\u00e9ne na jedno nabitie. Vymenite\u013en\u00e1 bat\u00e9ria zaru\u010duje, \u017ee budete v\u017edy pripraven\u00ed na dlh\u0161ie lovy. Pri dlh\u0161\u00edch v\u00fdprav\u00e1ch v\u00e1m r\u00fdchla v\u00fdmena bat\u00e9rie zaru\u010d\u00ed, \u017ee budete m\u00f4c\u0165 pokra\u010dova\u0165.<\/span><\/p>\n<p><b>Pripojenie k aplik\u00e1cii WIFI 2,4 GHz \/ 5 GHz: okam\u017eit\u00e9 zdie\u013eanie \u00falovkov<\/b><\/p>\n<p><span style=\"font-weight: 400\">LYNX 3.0 sa bezprobl\u00e9movo prip\u00e1ja k aplik\u00e1cii HIKMICRO Sight a umo\u017e\u0148uje v\u00e1m prezera\u0165, uklada\u0165 a zdie\u013ea\u0165 term\u00e1lne sn\u00edmky priamo zo smartf\u00f3nu. \u010ci u\u017e si prezer\u00e1te jasn\u00fd obraz l\u00ed\u0161ky v poli alebo diviaka v hustom lese, aplik\u00e1cia dod\u00e1va va\u0161im po\u013eovn\u00edckym dobrodru\u017estv\u00e1m spolo\u010dn\u00fd z\u00e1\u017eitok.<\/span><\/p>\n<table dir=\"ltr\" border=\"1\" cellspacing=\"0\" cellpadding=\"0\" data-sheets-root=\"1\" data-sheets-baot=\"1\">\n<colgroup>\n<col width=\"100\" \/>\n<col width=\"100\" \/><\/colgroup>\n<tbody>\n<tr>\n<td>Wi-Fi<\/td>\n<td>\u00c1no<\/td>\n<\/tr>\n<tr>\n<td>Senzor<\/td>\n<td>384 \u00d7 288 px<\/td>\n<\/tr>\n<tr>\n<td>Teplotn\u00e1 citlivos\u0165<\/td>\n<td>&lt; 15 mK<\/td>\n<\/tr>\n<tr>\n<td>Rozl\u00ed\u0161enie displeja<\/td>\n<td>1920 \u00d7 1080 px<\/td>\n<\/tr>\n<tr>\n<td>Obnovovacia frekvencia obrazu<\/td>\n<td>50 Hz<\/td>\n<\/tr>\n<tr>\n<td>Lencse<\/td>\n<td>35 mm<\/td>\n<\/tr>\n<tr>\n<td>Dormers<\/td>\n<td>F1.0<\/td>\n<\/tr>\n<tr>\n<td>Detek\u010dn\u00e1 vzdialenos\u0165<\/td>\n<td>1800 m<\/td>\n<\/tr>\n<tr>\n<td>Optick\u00e9 zv\u00e4\u010d\u0161enie<\/td>\n<td>3,4\u00d7<\/td>\n<\/tr>\n<tr>\n<td>Zorn\u00e9 pole<\/td>\n<td>7,5\u00b0 \u00d7 4,6\u00b0<\/td>\n<\/tr>\n<tr>\n<td>Digit\u00e1lny zoom<\/td>\n<td>8\u00d7<\/td>\n<\/tr>\n<tr>\n<td>Dioptrick\u00e1 korekcia<\/td>\n<td>-5D \uff5e +3D<\/td>\n<\/tr>\n<tr>\n<td>Mo\u017enos\u0165 fotografovania<\/td>\n<td>\u00c1no<\/td>\n<\/tr>\n<tr>\n<td>Mo\u017enos\u0165 vytvori\u0165 video<\/td>\n<td>\u00c1no<\/td>\n<\/tr>\n<tr>\n<td>Zvukov\u00fd z\u00e1znam<\/td>\n<td>\u00c1no<\/td>\n<\/tr>\n<tr>\n<td>Stupe\u0148 imunity<\/td>\n<td>IP67<\/td>\n<\/tr>\n<tr>\n<td>Pam\u00e4\u0165<\/td>\n<td>vstavan\u00fd, 64 GB<\/td>\n<\/tr>\n<tr>\n<td>Prev\u00e1dzkov\u00e1 teplota<\/td>\n<td>-30\u00b0C - +45\u00b0C<\/td>\n<\/tr>\n<tr>\n<td>Bat\u00e9ria<\/td>\n<td>1\u00d7 18650<\/td>\n<\/tr>\n<tr>\n<td>V\u00fddr\u017e bat\u00e9rie<\/td>\n<td>5 hod\u00edn<\/td>\n<\/tr>\n<tr>\n<td>Hmotnos\u0165<\/td>\n<td>355 g<\/td>\n<\/tr>\n<tr>\n<td>Rozmery<\/td>\n<td>\n<div>\n<div>170 \u00d7 54 \u00d7 50 mm<\/div>\n<\/div>\n<\/td>\n<\/tr>\n<\/tbody>\n<\/table>\n<p data-start=\"0\" data-end=\"20\"><strong>Obsah balenia:<\/strong><\/p>\n<ul>\n<li data-start=\"24\" data-end=\"67\">Termokamera HIKMICRO Lynx LH35 3.0<\/li>\n<li data-start=\"70\" data-end=\"80\">1\u00d7 nab\u00edja\u010dka<\/li>\n<li data-start=\"83\" data-end=\"118\">2\u00d7 dob\u00edjacia bat\u00e9ria 18650<\/li>\n<li data-start=\"121\" data-end=\"139\">1\u00d7 d\u00e1tov\u00fd k\u00e1bel USB<\/li>\n<li data-start=\"142\" data-end=\"164\">\u010cistiaca handri\u010dka na optiku<\/li>\n<li data-start=\"167\" data-end=\"210\">N\u00e1vod na pou\u017eitie<\/li>\n<\/ul>\n<p>Ofici\u00e1lna str\u00e1nka zna\u010dky: <a href=\"https:\/\/www.hikmicrotech.com\/en\/outdoor-products\/lynx-3-0-thermal-monocular\/\">https:\/\/www.hikmicrotech.com\/en\/outdoor-products\/lynx-3-0-thermal-monocular\/<\/a><\/p>","protected":false},"excerpt":{"rendered":"<ul>\n<li>Sn\u00edma\u010d: 384 \u00d7 288 px, 12 \u03bcm<\/li>\n<li>Objekt\u00edv: 35 mm<\/li>\n<li>Citlivos\u0165 sn\u00edma\u010da termokamery: &lt; 15 mK<\/li>\n<li>Detek\u010dn\u00e1 vzdialenos\u0165: 1800 m<\/li>\n<li>Optick\u00e9 zv\u00e4\u010d\u0161enie: 3,4\u00d7<\/li>\n<li>Digit\u00e1lny zoom: 8\u00d7<\/li>\n<li>Displej: 1920 \u00d7 1080 px AMOLED<\/li>\n<li>Funkcie Image Pro 3.0, Zoom Pro, HSIS, automatick\u00fd re\u017eim sp\u00e1nku<\/li>\n<li>R\u00fdchly \u0161tart: 2 s<\/li>\n<li>V\u00fddr\u017e bat\u00e9rie: 5 hod\u00edn<\/li>\n<li>Nap\u00e1janie: 1\u00d7 nab\u00edjate\u013en\u00e1 l\u00edtium-i\u00f3nov\u00e1 bat\u00e9ria 18650<\/li>\n<\/ul>","protected":false},"featured_media":5469,"comment_status":"open","ping_status":"closed","template":"","meta":[],"product_brand":[],"product_cat":[45,17],"product_tag":[31,18,189,204],"class_list":{"0":"post-5468","1":"product","2":"type-product","3":"status-publish","4":"has-post-thumbnail","6":"product_cat-hokamera","7":"product_cat-hokamera-kereso","8":"product_tag-hikmicro","9":"product_tag-hokamera","10":"product_tag-hokamera-kereso","11":"product_tag-lynx","13":"first","14":"instock","15":"sale","16":"taxable","17":"shipping-taxable","18":"purchasable","19":"product-type-simple"},"jetpack_sharing_enabled":true,"_links":{"self":[{"href":"https:\/\/bestoptika.eu\/sk\/wp-json\/wp\/v2\/product\/5468","targetHints":{"allow":["GET"]}}],"collection":[{"href":"https:\/\/bestoptika.eu\/sk\/wp-json\/wp\/v2\/product"}],"about":[{"href":"https:\/\/bestoptika.eu\/sk\/wp-json\/wp\/v2\/types\/product"}],"replies":[{"embeddable":true,"href":"https:\/\/bestoptika.eu\/sk\/wp-json\/wp\/v2\/comments?post=5468"}],"wp:featuredmedia":[{"embeddable":true,"href":"https:\/\/bestoptika.eu\/sk\/wp-json\/wp\/v2\/media\/5469"}],"wp:attachment":[{"href":"https:\/\/bestoptika.eu\/sk\/wp-json\/wp\/v2\/media?parent=5468"}],"wp:term":[{"taxonomy":"product_brand","embeddable":true,"href":"https:\/\/bestoptika.eu\/sk\/wp-json\/wp\/v2\/product_brand?post=5468"},{"taxonomy":"product_cat","embeddable":true,"href":"https:\/\/bestoptika.eu\/sk\/wp-json\/wp\/v2\/product_cat?post=5468"},{"taxonomy":"product_tag","embeddable":true,"href":"https:\/\/bestoptika.eu\/sk\/wp-json\/wp\/v2\/product_tag?post=5468"}],"curies":[{"name":"wp","href":"https:\/\/api.w.org\/{rel}","templated":true}]}}