{"id":5583,"date":"2025-11-26T22:10:22","date_gmt":"2025-11-26T21:10:22","guid":{"rendered":"https:\/\/bestoptika.eu\/?post_type=product&#038;p=5583"},"modified":"2025-11-26T22:12:39","modified_gmt":"2025-11-26T21:12:39","slug":"rusan-arm52-62-adapter-copy","status":"publish","type":"product","link":"https:\/\/bestoptika.eu\/sk\/product\/rusan-arm52-62-adapter-copy\/","title":{"rendered":"Adapt\u00e9r Rusan ARM52-62"},"content":{"rendered":"<p>R\u00fdchloup\u00ednac\u00ed adapt\u00e9r Rusan QR je vhodn\u00fd pre objekt\u00edvy termokamier a kamier no\u010dn\u00e9ho videnia so z\u00e1vitom 52 mm (M52x0,75). \u013dahk\u00e1 a odoln\u00e1 kon\u0161trukcia z leteck\u00e9ho hlin\u00edka. Rameno QR umo\u017e\u0148uje presn\u00e9, spo\u013eahliv\u00e9 a r\u00fdchle upevnenie kamery no\u010dn\u00e9ho videnia alebo termov\u00edzie na optiku denn\u00e9ho zameriava\u010da. Svorka umo\u017e\u0148uje jemn\u00e9 nastavenie v rozsahu 0,2 mm, tak\u017ee mo\u017eno presne nastavi\u0165 silu upnutia. Dokonal\u00e9 uchytenie zaru\u010duje stabiln\u00e9 a pevn\u00e9 upevnenie na optiku. Ochrann\u00e1 p\u00e1ska chr\u00e1ni \u010falekoh\u013ead pred po\u0161kriaban\u00edm.<\/p>","protected":false},"excerpt":{"rendered":"<p>Adapt\u00e9r Rusan ARM52-62 - na pripojenie 52 mm preds\u00e1dky a pu\u0161koh\u013eadu s vonkaj\u0161\u00edm priemerom 62 mm.<\/p>","protected":false},"featured_media":5579,"comment_status":"open","ping_status":"closed","template":"","meta":[],"product_brand":[],"product_cat":[140],"product_tag":[141,313],"class_list":{"0":"post-5583","1":"product","2":"type-product","3":"status-publish","4":"has-post-thumbnail","6":"product_cat-adapter","7":"product_tag-adapter","8":"product_tag-rusan","10":"first","11":"instock","12":"taxable","13":"shipping-taxable","14":"purchasable","15":"product-type-simple"},"jetpack_sharing_enabled":true,"_links":{"self":[{"href":"https:\/\/bestoptika.eu\/sk\/wp-json\/wp\/v2\/product\/5583","targetHints":{"allow":["GET"]}}],"collection":[{"href":"https:\/\/bestoptika.eu\/sk\/wp-json\/wp\/v2\/product"}],"about":[{"href":"https:\/\/bestoptika.eu\/sk\/wp-json\/wp\/v2\/types\/product"}],"replies":[{"embeddable":true,"href":"https:\/\/bestoptika.eu\/sk\/wp-json\/wp\/v2\/comments?post=5583"}],"wp:featuredmedia":[{"embeddable":true,"href":"https:\/\/bestoptika.eu\/sk\/wp-json\/wp\/v2\/media\/5579"}],"wp:attachment":[{"href":"https:\/\/bestoptika.eu\/sk\/wp-json\/wp\/v2\/media?parent=5583"}],"wp:term":[{"taxonomy":"product_brand","embeddable":true,"href":"https:\/\/bestoptika.eu\/sk\/wp-json\/wp\/v2\/product_brand?post=5583"},{"taxonomy":"product_cat","embeddable":true,"href":"https:\/\/bestoptika.eu\/sk\/wp-json\/wp\/v2\/product_cat?post=5583"},{"taxonomy":"product_tag","embeddable":true,"href":"https:\/\/bestoptika.eu\/sk\/wp-json\/wp\/v2\/product_tag?post=5583"}],"curies":[{"name":"wp","href":"https:\/\/api.w.org\/{rel}","templated":true}]}}