{"id":5610,"date":"2025-11-30T16:19:05","date_gmt":"2025-11-30T15:19:05","guid":{"rendered":"https:\/\/bestoptika.eu\/?post_type=product&#038;p=5610"},"modified":"2026-01-15T10:01:46","modified_gmt":"2026-01-15T09:01:46","slug":"deerhunter-approach-camo-sultos-sapka","status":"publish","type":"product","link":"https:\/\/bestoptika.eu\/sk\/product\/deerhunter-approach-camo-sultos-sapka\/","title":{"rendered":"\u010ciapka Deerhunter Approach camo slouch"},"content":{"rendered":"<p>\u010ciapka Deerhunter Approach camo je podobn\u00e1 rovnakej s\u00e9rii b\u00fand a nohav\u00edc, t\u00e1to \u010diapka m\u00e1 vodoodpudiv\u00fa \u00fapravu a membr\u00e1nu Deerhunter Stormliner, ktor\u00e1 zvy\u0161uje odolnos\u0165 v\u00fdrobku vo\u010di vode. \u010ciapka je vyroben\u00e1 z polyesteru 100%, je \u013eahk\u00e1, priedu\u0161n\u00e1 a nehlu\u010dn\u00e1, v\u010faka \u010domu sa dokonale hod\u00ed k zvy\u0161ku radu Approach.<\/p>\n<h2>Popis produktu<\/h2>\n<ul>\n<li><strong>Rozmery:<\/strong> jedna ve\u013ekos\u0165<\/li>\n<\/ul>","protected":false},"excerpt":{"rendered":"<p>Kamufl\u00e1\u017eov\u00e1 \u010diapka Deerhunter Approach je vyroben\u00e1 s vodoodpudiv\u00fdm povrchom a membr\u00e1nou Deerhunter Stormliner pre zv\u00fd\u0161en\u00fa odolnos\u0165 vo\u010di da\u017e\u010fu. V\u010faka \u013eahk\u00e9mu, priedu\u0161n\u00e9mu a nehlu\u010dn\u00e9mu polyesterov\u00e9mu materi\u00e1lu 100% je ide\u00e1lnym doplnkom k radu b\u00fand a nohav\u00edc Approach.<\/p>","protected":false},"featured_media":5611,"comment_status":"open","ping_status":"closed","template":"","meta":[],"product_brand":[],"product_cat":[320],"product_tag":[315,314],"class_list":{"0":"post-5610","1":"product","2":"type-product","3":"status-publish","4":"has-post-thumbnail","6":"product_cat-kiegeszitok","7":"product_tag-approach","8":"product_tag-deerhunter","10":"first","11":"instock","12":"taxable","13":"shipping-taxable","14":"purchasable","15":"product-type-simple"},"jetpack_sharing_enabled":true,"_links":{"self":[{"href":"https:\/\/bestoptika.eu\/sk\/wp-json\/wp\/v2\/product\/5610","targetHints":{"allow":["GET"]}}],"collection":[{"href":"https:\/\/bestoptika.eu\/sk\/wp-json\/wp\/v2\/product"}],"about":[{"href":"https:\/\/bestoptika.eu\/sk\/wp-json\/wp\/v2\/types\/product"}],"replies":[{"embeddable":true,"href":"https:\/\/bestoptika.eu\/sk\/wp-json\/wp\/v2\/comments?post=5610"}],"wp:featuredmedia":[{"embeddable":true,"href":"https:\/\/bestoptika.eu\/sk\/wp-json\/wp\/v2\/media\/5611"}],"wp:attachment":[{"href":"https:\/\/bestoptika.eu\/sk\/wp-json\/wp\/v2\/media?parent=5610"}],"wp:term":[{"taxonomy":"product_brand","embeddable":true,"href":"https:\/\/bestoptika.eu\/sk\/wp-json\/wp\/v2\/product_brand?post=5610"},{"taxonomy":"product_cat","embeddable":true,"href":"https:\/\/bestoptika.eu\/sk\/wp-json\/wp\/v2\/product_cat?post=5610"},{"taxonomy":"product_tag","embeddable":true,"href":"https:\/\/bestoptika.eu\/sk\/wp-json\/wp\/v2\/product_tag?post=5610"}],"curies":[{"name":"wp","href":"https:\/\/api.w.org\/{rel}","templated":true}]}}