{"id":5614,"date":"2025-11-29T22:45:06","date_gmt":"2025-11-29T21:45:06","guid":{"rendered":"https:\/\/bestoptika.eu\/?post_type=product&#038;p=5614"},"modified":"2026-01-15T10:11:41","modified_gmt":"2026-01-15T09:11:41","slug":"deerhunter-henry-green-check-ferfi-vadaszing","status":"publish","type":"product","link":"https:\/\/bestoptika.eu\/sk\/product\/deerhunter-henry-green-check-ferfi-vadaszing\/","title":{"rendered":"Deerhunter Henry - Green Check p\u00e1nska po\u013eovn\u00edcka ko\u0161e\u013ea"},"content":{"rendered":"<p>P\u00e1nska po\u013eovn\u00edcka ko\u0161e\u013ea Deerhunter Henry - Green Check je ide\u00e1lnou vo\u013ebou na rodinn\u00e9 stretnutia alebo posedenia s priate\u013emi. Jej strih na mieru so zmesou bavlny a elastanu v\u00e1s nebude obmedzova\u0165 v pohybe po\u010das \u017eiadnej aktivity. Jednoduch\u00fd dizajn dop\u013a\u0148a n\u00e1prsn\u00e9 vrecko a golier na gomb\u00edky.<\/p>\n<h2>Popis produktu<\/h2>\n<ul>\n<li>Farba: 8992 - Green Check<\/li>\n<li>Materi\u00e1l: 97% bavlna 3% elastan<\/li>\n<li>Odpor\u00fa\u010dan\u00e9 pranie: 40\u02daC, nebielenie, nesu\u0161enie v bubnovej su\u0161i\u010dke, \u017eehlenie max. 150\u02daC<\/li>\n<li>Starostlivos\u0165: pra\u0165 s podobn\u00fdmi farbami<\/li>\n<\/ul>\n<h2>Parametre produktu<\/h2>\n<ul>\n<li>Ko\u0161ele na gomb\u00edky<\/li>\n<li>Prsn\u00e9 vrecko<\/li>\n<\/ul>","protected":false},"excerpt":{"rendered":"<p>P\u00e1nska po\u013eovn\u00edcka ko\u0161e\u013ea Deerhunter Henry Green Check je vyroben\u00e1 z elastickej bavlnenej tkaniny s elastanom a m\u00e1 pohodln\u00fd strih, ktor\u00fd v\u00e1s nebude obmedzova\u0165 v pohybe ani na rodinn\u00fdch a priate\u013esk\u00fdch stretnutiach. Klasick\u00fd zelen\u00fd k\u00e1rovan\u00fd vzor, n\u00e1prsn\u00e9 vrecko a golier na gomb\u00edky jej dod\u00e1vaj\u00fa jednoduch\u00fd, ale \u0161t\u00fdlov\u00fd vzh\u013ead.<\/p>","protected":false},"featured_media":5616,"comment_status":"open","ping_status":"closed","template":"","meta":[],"product_brand":[],"product_cat":[318],"product_tag":[314,324],"class_list":{"0":"post-5614","1":"product","2":"type-product","3":"status-publish","4":"has-post-thumbnail","6":"product_cat-ingek-es-polok","7":"product_tag-deerhunter","8":"product_tag-henry-green-check","10":"first","11":"instock","12":"taxable","13":"shipping-taxable","14":"purchasable","15":"product-type-variable"},"jetpack_sharing_enabled":true,"_links":{"self":[{"href":"https:\/\/bestoptika.eu\/sk\/wp-json\/wp\/v2\/product\/5614","targetHints":{"allow":["GET"]}}],"collection":[{"href":"https:\/\/bestoptika.eu\/sk\/wp-json\/wp\/v2\/product"}],"about":[{"href":"https:\/\/bestoptika.eu\/sk\/wp-json\/wp\/v2\/types\/product"}],"replies":[{"embeddable":true,"href":"https:\/\/bestoptika.eu\/sk\/wp-json\/wp\/v2\/comments?post=5614"}],"wp:featuredmedia":[{"embeddable":true,"href":"https:\/\/bestoptika.eu\/sk\/wp-json\/wp\/v2\/media\/5616"}],"wp:attachment":[{"href":"https:\/\/bestoptika.eu\/sk\/wp-json\/wp\/v2\/media?parent=5614"}],"wp:term":[{"taxonomy":"product_brand","embeddable":true,"href":"https:\/\/bestoptika.eu\/sk\/wp-json\/wp\/v2\/product_brand?post=5614"},{"taxonomy":"product_cat","embeddable":true,"href":"https:\/\/bestoptika.eu\/sk\/wp-json\/wp\/v2\/product_cat?post=5614"},{"taxonomy":"product_tag","embeddable":true,"href":"https:\/\/bestoptika.eu\/sk\/wp-json\/wp\/v2\/product_tag?post=5614"}],"curies":[{"name":"wp","href":"https:\/\/api.w.org\/{rel}","templated":true}]}}