{"id":5618,"date":"2025-11-29T22:33:45","date_gmt":"2025-11-29T21:33:45","guid":{"rendered":"https:\/\/bestoptika.eu\/?post_type=product&#038;p=5618"},"modified":"2026-01-15T10:01:27","modified_gmt":"2026-01-15T09:01:27","slug":"deerhunter-anti-insect-capers-ferfi-ing-rovarvedelem","status":"publish","type":"product","link":"https:\/\/bestoptika.eu\/sk\/product\/deerhunter-anti-insect-capers-ferfi-ing-rovarvedelem\/","title":{"rendered":"Deerhunter Anti-Insect - Capers p\u00e1nske tri\u010dko, ochrana proti hmyzu"},"content":{"rendered":"<p>A <strong>Deerhunter proti hmyzu - Capers man ing<\/strong> vhodn\u00fd doplnok v obdob\u00ed, ke\u010f za\u010d\u00edna pracova\u0165 hryzav\u00fd hmyz. Vhodn\u00e9 na nosenie po\u010das jarn\u00fdch a letn\u00fdch mesiacov, ke\u010f je v\u00fdskyt tohto hmyzu najvy\u0161\u0161\u00ed. \u00da\u010dinn\u00e1 technol\u00f3gia HHL - Vital Protection \u00fa\u010dinne zabezpe\u010duje, aby t\u00edto otravn\u00ed \u0161kodcovia neprenikli do \u013eudskej poko\u017eky. Tri\u010dko je vyroben\u00e9 z kvalitn\u00fdch materi\u00e1lov, ktor\u00e9 zabezpe\u010duj\u00fa \u013eahkos\u0165, priedu\u0161nos\u0165 a m\u00e4kk\u00fa pri\u013enavos\u0165 k telu. Vetracia sie\u0165ovina zais\u0165uje neust\u00e1le vetranie. Zap\u00ednanie pozost\u00e1va z gomb\u00edkov. Predn\u00e1 \u010das\u0165 ko\u0161ele m\u00e1 dve priestrann\u00e9 vreck\u00e1 so zipsami a p\u00e1sik na zap\u00ednanie ruk\u00e1vov pri vyhrnut\u00ed. Ko\u0161e\u013ea m\u00e1 aj certifik\u00e1t OEKO-TEX, tak\u017ee hrdo nesie titul v\u00fdrobku bez pou\u017eitia \u0161kodliv\u00fdch l\u00e1tok.<\/p>\n<h2>Popis produktu<\/h2>\n<ul>\n<li><strong>Farba:<\/strong> 326 - Kapary<\/li>\n<li><strong>Materi\u00e1l:<\/strong> 92% polyamid \/ 8% elastan, 0 g\/m2<\/li>\n<li><strong>Priedu\u0161n\u00fd:<\/strong> \u00e1no<\/li>\n<li><strong>Odolnos\u0165 vo\u010di vode:<\/strong> \u00e1no<\/li>\n<li><strong>Ochrana:<\/strong> kom\u00e1re, klie\u0161te, mravce, muchy<\/li>\n<li><strong>\u00da\u010dinnos\u0165 ochrany:<\/strong> Po 20 praniach sa zachov\u00e1 minim\u00e1lne 60% ochrany<\/li>\n<li><strong>Odpor\u00fa\u010da sa pranie:<\/strong> nepou\u017e\u00edvajte oplachovac\u00ed prostriedok, perte s podobn\u00fdmi farbami<\/li>\n<li><strong>Certifik\u00e1t:<\/strong> OEKO-TEX<\/li>\n<li><strong>Technol\u00f3gia:<\/strong> Technol\u00f3gia HHL - Ochrana \u017eivota<\/li>\n<\/ul>\n<p><strong>OEKO-TEX<\/strong> - certifik\u00e1t v\u00fdrobku bez \u0161kodliv\u00fdch l\u00e1tok. OEKO-TEX je popredn\u00fd svetov\u00fd certifik\u00e1t zdravotnej nez\u00e1vadnosti pre v\u0161etky textiln\u00e9 v\u00fdrobky.<\/p>\n<p><strong>Technol\u00f3gia HHL - ochrana Vital Protection<\/strong> - vysoko \u00fa\u010dinn\u00e1 technol\u00f3gia, ktor\u00e1 poskytuje ochranu proti hmyzu. Taktie\u017e potl\u00e1\u010da z\u00e1pach a bakt\u00e9rie, ktor\u00e9 sp\u00f4sobuj\u00fa degrad\u00e1ciu materi\u00e1lu.<\/p>\n<h2>Parametre produktu<\/h2>\n<ul>\n<li>Certifik\u00e1cia OEKO-TEX<\/li>\n<li>Technol\u00f3gia HHL - \u017eivotne d\u00f4le\u017eit\u00e1 ochrana<\/li>\n<li>Vysok\u00e1 ochrana proti bodav\u00e9mu hmyzu<\/li>\n<li>Priedu\u0161nos\u0165<\/li>\n<li>Odolnos\u0165 vo\u010di vode<\/li>\n<\/ul>","protected":false},"excerpt":{"rendered":"<p>P\u00e1nske tri\u010dko Deerhunter Anti-Insect Capers je vyroben\u00e9 z \u013eahkej, priedu\u0161nej a nepremokavej tkaniny s technol\u00f3giou HHL Vital Protection, ktor\u00e1 poskytuje \u00fa\u010dinn\u00fa ochranu proti kom\u00e1rom, klie\u0161\u0165om, mravcom a much\u00e1m aj po opakovanom pran\u00ed. V\u010faka certifik\u00e1cii OEKO-TEX, odvetr\u00e1vanej sie\u0165ovanej kon\u0161trukcii, n\u00e1prsn\u00fdm vreck\u00e1m na zips a zrolovan\u00fdm ruk\u00e1vom je ide\u00e1lnou vo\u013ebou na jarno-letn\u00e9 outdoorov\u00e9 aktivity.<\/p>","protected":false},"featured_media":5619,"comment_status":"open","ping_status":"closed","template":"","meta":[],"product_brand":[],"product_cat":[318],"product_tag":[325,314],"class_list":{"0":"post-5618","1":"product","2":"type-product","3":"status-publish","4":"has-post-thumbnail","6":"product_cat-ingek-es-polok","7":"product_tag-anti-insect-capers","8":"product_tag-deerhunter","10":"first","11":"instock","12":"sale","13":"taxable","14":"shipping-taxable","15":"purchasable","16":"product-type-variable","17":"has-default-attributes"},"jetpack_sharing_enabled":true,"_links":{"self":[{"href":"https:\/\/bestoptika.eu\/sk\/wp-json\/wp\/v2\/product\/5618","targetHints":{"allow":["GET"]}}],"collection":[{"href":"https:\/\/bestoptika.eu\/sk\/wp-json\/wp\/v2\/product"}],"about":[{"href":"https:\/\/bestoptika.eu\/sk\/wp-json\/wp\/v2\/types\/product"}],"replies":[{"embeddable":true,"href":"https:\/\/bestoptika.eu\/sk\/wp-json\/wp\/v2\/comments?post=5618"}],"wp:featuredmedia":[{"embeddable":true,"href":"https:\/\/bestoptika.eu\/sk\/wp-json\/wp\/v2\/media\/5619"}],"wp:attachment":[{"href":"https:\/\/bestoptika.eu\/sk\/wp-json\/wp\/v2\/media?parent=5618"}],"wp:term":[{"taxonomy":"product_brand","embeddable":true,"href":"https:\/\/bestoptika.eu\/sk\/wp-json\/wp\/v2\/product_brand?post=5618"},{"taxonomy":"product_cat","embeddable":true,"href":"https:\/\/bestoptika.eu\/sk\/wp-json\/wp\/v2\/product_cat?post=5618"},{"taxonomy":"product_tag","embeddable":true,"href":"https:\/\/bestoptika.eu\/sk\/wp-json\/wp\/v2\/product_tag?post=5618"}],"curies":[{"name":"wp","href":"https:\/\/api.w.org\/{rel}","templated":true}]}}