{"id":5631,"date":"2025-11-30T20:57:13","date_gmt":"2025-11-30T19:57:13","guid":{"rendered":"https:\/\/bestoptika.eu\/?post_type=product&#038;p=5631"},"modified":"2026-01-15T10:12:32","modified_gmt":"2026-01-15T09:12:32","slug":"deerhunter-kyle-green-check-ferfi-vadasz-ing","status":"publish","type":"product","link":"https:\/\/bestoptika.eu\/sk\/product\/deerhunter-kyle-green-check-ferfi-vadasz-ing\/","title":{"rendered":"Deerhunter Kyle - Green Check p\u00e1nska po\u013eovn\u00edcka ko\u0161e\u013ea"},"content":{"rendered":"<p>T\u00e1to p\u00e1nska po\u013eovn\u00edcka ko\u0161e\u013ea Deerhunter Kyle - Green Check je vynikaj\u00facim doplnkom pre v\u0161etk\u00fdch po\u013eovn\u00edkov, ale aj na be\u017en\u00e9 nosenie, do pr\u00e1ce alebo na firemn\u00e9 akcie. Ko\u0161e\u013ea poskytuje pohodln\u00e9 nosenie. Je vybaven\u00e1 n\u00e1prsn\u00fdmi vreckami na gomb\u00edky. V\u010faka svojmu klasick\u00e9mu vzh\u013eadu sa v\u00fdborne hod\u00ed k d\u017e\u00ednsom.<\/p>\n<h2>Popis produktu<\/h2>\n<ul>\n<li>Farba: zeleno-hned\u00e1, k\u00e1rovan\u00e1<\/li>\n<li>Ve\u013ekosti: 39\/40 41\/42 43\/44 45\/46 47\/48<\/li>\n<li>Materi\u00e1l: 97% bavlna \/ 3% elastan<\/li>\n<\/ul>\n<h2>Parametre produktu<\/h2>\n<ul>\n<li>Pohodln\u00e9 \u0161itie na mieru<\/li>\n<li>Prsn\u00e9 vrecko<\/li>\n<li>Klasick\u00fd vzh\u013ead<\/li>\n<\/ul>","protected":false},"excerpt":{"rendered":"<p>P\u00e1nska po\u013eovn\u00edcka ko\u0161e\u013ea Deerhunter Kyle Green Check je vyroben\u00e1 z pohodlnej, elastickej bavlnenej tkaniny s klasick\u00fdm zeleno-hned\u00fdm k\u00e1rovan\u00fdm vzorom. V\u010faka n\u00e1prsn\u00fdm vreck\u00e1m na gomb\u00edky a \u010dist\u00e9mu strihu je ide\u00e1lnou vo\u013ebou na lov, pr\u00e1cu aj be\u017en\u00e9 nosenie.<\/p>","protected":false},"featured_media":5634,"comment_status":"open","ping_status":"closed","template":"","meta":[],"product_brand":[],"product_cat":[318],"product_tag":[314,326],"class_list":{"0":"post-5631","1":"product","2":"type-product","3":"status-publish","4":"has-post-thumbnail","6":"product_cat-ingek-es-polok","7":"product_tag-deerhunter","8":"product_tag-kyle-green-check","10":"first","11":"instock","12":"taxable","13":"shipping-taxable","14":"purchasable","15":"product-type-variable","16":"has-default-attributes"},"jetpack_sharing_enabled":true,"_links":{"self":[{"href":"https:\/\/bestoptika.eu\/sk\/wp-json\/wp\/v2\/product\/5631","targetHints":{"allow":["GET"]}}],"collection":[{"href":"https:\/\/bestoptika.eu\/sk\/wp-json\/wp\/v2\/product"}],"about":[{"href":"https:\/\/bestoptika.eu\/sk\/wp-json\/wp\/v2\/types\/product"}],"replies":[{"embeddable":true,"href":"https:\/\/bestoptika.eu\/sk\/wp-json\/wp\/v2\/comments?post=5631"}],"wp:featuredmedia":[{"embeddable":true,"href":"https:\/\/bestoptika.eu\/sk\/wp-json\/wp\/v2\/media\/5634"}],"wp:attachment":[{"href":"https:\/\/bestoptika.eu\/sk\/wp-json\/wp\/v2\/media?parent=5631"}],"wp:term":[{"taxonomy":"product_brand","embeddable":true,"href":"https:\/\/bestoptika.eu\/sk\/wp-json\/wp\/v2\/product_brand?post=5631"},{"taxonomy":"product_cat","embeddable":true,"href":"https:\/\/bestoptika.eu\/sk\/wp-json\/wp\/v2\/product_cat?post=5631"},{"taxonomy":"product_tag","embeddable":true,"href":"https:\/\/bestoptika.eu\/sk\/wp-json\/wp\/v2\/product_tag?post=5631"}],"curies":[{"name":"wp","href":"https:\/\/api.w.org\/{rel}","templated":true}]}}