{"id":5659,"date":"2025-11-30T20:54:05","date_gmt":"2025-11-30T19:54:05","guid":{"rendered":"https:\/\/bestoptika.eu\/?post_type=product&#038;p=5659"},"modified":"2026-01-15T10:12:12","modified_gmt":"2026-01-15T09:12:12","slug":"deerhunter-james-brown-check-ferfi-vadaszing","status":"publish","type":"product","link":"https:\/\/bestoptika.eu\/sk\/product\/deerhunter-james-brown-check-ferfi-vadaszing\/","title":{"rendered":"Deerhunter James - Brown Check p\u00e1nska po\u013eovn\u00edcka ko\u0161e\u013ea"},"content":{"rendered":"<p>P\u00e1nska po\u013eovn\u00edcka ko\u0161e\u013ea Deerhunter James - Brown Check pon\u00faka osvie\u017euj\u00faci k\u00e1rovan\u00fd dizajn. Klasick\u00fd bavlnen\u00fd \u0161t\u00fdl je doplnen\u00fd predn\u00fdmi vreckami s pr\u00edklopkou, vreckom na zips a semi\u0161ov\u00fdmi v\u00fdstuhami na lak\u0165och.<\/p>\n<h2>Popis produktu<\/h2>\n<ul>\n<li>Farba: 8934 - Brown plaid<\/li>\n<li>Materi\u00e1l: 100% bavlna<\/li>\n<li>Odpor\u00fa\u010dan\u00e9 pranie: 40\u02daC, nebielenie, nesu\u0161enie v bubnovej su\u0161i\u010dke, \u017eehlenie max. 150\u02daC<\/li>\n<li>Starostlivos\u0165: pra\u0165 s podobn\u00fdmi farbami<\/li>\n<\/ul>\n<h2>Parametre produktu<\/h2>\n<ul>\n<li>Golier so skryt\u00fdm zap\u00ednan\u00edm<\/li>\n<li>Vel\u00far na lak\u0165och<\/li>\n<li>Modern\u00fd vzh\u013ead<\/li>\n<\/ul>","protected":false},"excerpt":{"rendered":"<p>P\u00e1nska po\u013eovn\u00edcka ko\u0161e\u013ea Deerhunter James Brown Check je vyroben\u00e1 z bavlny 100% s hned\u00fdm k\u00e1rovan\u00fdm vzorom a modern\u00fdm vzh\u013eadom. Jej golier so skryt\u00fdm zap\u00ednan\u00edm, semi\u0161ov\u00e9 lak\u0165ov\u00e9 v\u00fdstuhy a praktick\u00e9 vreck\u00e1 pon\u00fakaj\u00fa pohodln\u00e9 a z\u00e1rove\u0148 \u0161t\u00fdlov\u00e9 nosenie na po\u013eova\u010dku aj na ka\u017ed\u00fd de\u0148.<\/p>","protected":false},"featured_media":5665,"comment_status":"open","ping_status":"closed","template":"","meta":[],"product_brand":[],"product_cat":[318],"product_tag":[314,330],"class_list":{"0":"post-5659","1":"product","2":"type-product","3":"status-publish","4":"has-post-thumbnail","6":"product_cat-ingek-es-polok","7":"product_tag-deerhunter","8":"product_tag-james-brown-check","10":"first","11":"instock","12":"taxable","13":"shipping-taxable","14":"purchasable","15":"product-type-variable","16":"has-default-attributes"},"jetpack_sharing_enabled":true,"_links":{"self":[{"href":"https:\/\/bestoptika.eu\/sk\/wp-json\/wp\/v2\/product\/5659","targetHints":{"allow":["GET"]}}],"collection":[{"href":"https:\/\/bestoptika.eu\/sk\/wp-json\/wp\/v2\/product"}],"about":[{"href":"https:\/\/bestoptika.eu\/sk\/wp-json\/wp\/v2\/types\/product"}],"replies":[{"embeddable":true,"href":"https:\/\/bestoptika.eu\/sk\/wp-json\/wp\/v2\/comments?post=5659"}],"wp:featuredmedia":[{"embeddable":true,"href":"https:\/\/bestoptika.eu\/sk\/wp-json\/wp\/v2\/media\/5665"}],"wp:attachment":[{"href":"https:\/\/bestoptika.eu\/sk\/wp-json\/wp\/v2\/media?parent=5659"}],"wp:term":[{"taxonomy":"product_brand","embeddable":true,"href":"https:\/\/bestoptika.eu\/sk\/wp-json\/wp\/v2\/product_brand?post=5659"},{"taxonomy":"product_cat","embeddable":true,"href":"https:\/\/bestoptika.eu\/sk\/wp-json\/wp\/v2\/product_cat?post=5659"},{"taxonomy":"product_tag","embeddable":true,"href":"https:\/\/bestoptika.eu\/sk\/wp-json\/wp\/v2\/product_tag?post=5659"}],"curies":[{"name":"wp","href":"https:\/\/api.w.org\/{rel}","templated":true}]}}