{"id":5666,"date":"2025-11-30T20:55:13","date_gmt":"2025-11-30T19:55:13","guid":{"rendered":"https:\/\/bestoptika.eu\/?post_type=product&#038;p=5666"},"modified":"2026-01-15T10:14:14","modified_gmt":"2026-01-15T09:14:14","slug":"deerhunter-lady-elena-green-check-noi-ing","status":"publish","type":"product","link":"https:\/\/bestoptika.eu\/sk\/product\/deerhunter-lady-elena-green-check-noi-ing\/","title":{"rendered":"Deerhunter Lady Elena - Zelen\u00e1 ko\u0161e\u013ea d\u00e1mska"},"content":{"rendered":"<p>Ko\u0161e\u013ea Deerhunter Lady Elena - Green Check je \u0161t\u00fdlov\u00fd k\u00fasok oble\u010denia na ka\u017ed\u00fa pr\u00edle\u017eitos\u0165. V\u00fdborne sa hod\u00ed aj k d\u017e\u00ednsom. Je vyroben\u00e1 z dvojsmerne elastickej tkaniny s obsahom bavlny 97% a elastanu 3%. M\u00e1 jedno n\u00e1prsn\u00e9 vrecko a vyzna\u010duje sa klasick\u00fdm k\u00e1rovan\u00fdm vzorom.<\/p>\n<h2>Popis produktu<\/h2>\n<ul>\n<li>Farba: 38053 - Green Check<\/li>\n<li>Materi\u00e1l: 97% bavlna, 3% elastan<\/li>\n<li>Po\u010det vreciek: 2<\/li>\n<li>Odpor\u00fa\u010dan\u00e9 pranie: pranie s podobn\u00fdmi farbami<\/li>\n<\/ul>\n<h2>Parametre produktu<\/h2>\n<ul>\n<li>2 priestrann\u00e9 n\u00e1prsn\u00e9 vreck\u00e1<\/li>\n<li>Klasick\u00fd k\u00e1rovan\u00fd vzor<\/li>\n<li>Obojsmern\u00e1 stre\u010dov\u00e1 tkanina<\/li>\n<li>Vhodn\u00e9 na ak\u00fako\u013evek pr\u00edle\u017eitos\u0165<\/li>\n<\/ul>","protected":false},"excerpt":{"rendered":"<p>D\u00e1mska ko\u0161e\u013ea Deerhunter Lady Elena Green Check m\u00e1 klasick\u00fd k\u00e1rovan\u00fd vzor a je vyroben\u00e1 z obojsmerne elastickej bavlny\/elastanu pre pohodln\u00e9 nosenie. V\u010faka dvom priestrann\u00fdm n\u00e1prsn\u00fdm vreck\u00e1m a uhladen\u00e9mu strihu sa dobre kombinuje s d\u017e\u00ednsami a elegantnej\u0161\u00edmi s\u00fapravami.<\/p>","protected":false},"featured_media":5674,"comment_status":"open","ping_status":"closed","template":"","meta":[],"product_brand":[],"product_cat":[318],"product_tag":[314,331],"class_list":{"0":"post-5666","1":"product","2":"type-product","3":"status-publish","4":"has-post-thumbnail","6":"product_cat-ingek-es-polok","7":"product_tag-deerhunter","8":"product_tag-lady-elena-green-check","10":"first","11":"instock","12":"taxable","13":"shipping-taxable","14":"purchasable","15":"product-type-variable","16":"has-default-attributes"},"jetpack_sharing_enabled":true,"_links":{"self":[{"href":"https:\/\/bestoptika.eu\/sk\/wp-json\/wp\/v2\/product\/5666","targetHints":{"allow":["GET"]}}],"collection":[{"href":"https:\/\/bestoptika.eu\/sk\/wp-json\/wp\/v2\/product"}],"about":[{"href":"https:\/\/bestoptika.eu\/sk\/wp-json\/wp\/v2\/types\/product"}],"replies":[{"embeddable":true,"href":"https:\/\/bestoptika.eu\/sk\/wp-json\/wp\/v2\/comments?post=5666"}],"wp:featuredmedia":[{"embeddable":true,"href":"https:\/\/bestoptika.eu\/sk\/wp-json\/wp\/v2\/media\/5674"}],"wp:attachment":[{"href":"https:\/\/bestoptika.eu\/sk\/wp-json\/wp\/v2\/media?parent=5666"}],"wp:term":[{"taxonomy":"product_brand","embeddable":true,"href":"https:\/\/bestoptika.eu\/sk\/wp-json\/wp\/v2\/product_brand?post=5666"},{"taxonomy":"product_cat","embeddable":true,"href":"https:\/\/bestoptika.eu\/sk\/wp-json\/wp\/v2\/product_cat?post=5666"},{"taxonomy":"product_tag","embeddable":true,"href":"https:\/\/bestoptika.eu\/sk\/wp-json\/wp\/v2\/product_tag?post=5666"}],"curies":[{"name":"wp","href":"https:\/\/api.w.org\/{rel}","templated":true}]}}