{"id":5675,"date":"2025-11-30T21:32:25","date_gmt":"2025-11-30T20:32:25","guid":{"rendered":"https:\/\/bestoptika.eu\/?post_type=product&#038;p=5675"},"modified":"2026-01-15T10:17:08","modified_gmt":"2026-01-15T09:17:08","slug":"deerhunter-logo-butternut-ferfi-polo","status":"publish","type":"product","link":"https:\/\/bestoptika.eu\/sk\/product\/deerhunter-logo-butternut-ferfi-polo\/","title":{"rendered":"Deerhunter Logo - Butternut p\u00e1nske tri\u010dko"},"content":{"rendered":"<p>P\u00e1nske tri\u010dko Deerhunter Logo - Butternut je klasick\u00fd a z\u00e1rove\u0148 \u0161t\u00fdlov\u00fd k\u00fasok oble\u010denia, ktor\u00fd sa hod\u00ed na ka\u017ed\u00fa pr\u00edle\u017eitos\u0165. Perfektne sa kombinuje s d\u017e\u00ednsami. M\u00f4\u017eete ho nosi\u0165 na po\u013eova\u010dky, turistiku, do pr\u00e1ce alebo na vo\u013en\u00fd \u010das doma. Je vyroben\u00e9 z kvalitnej zmesi bavlny 60% a polyesteru 40%. P\u00fd\u0161i sa certifik\u00e1tom OEKO-TEX, ktor\u00fd potvrdzuje, \u017ee tri\u010dko bolo vyroben\u00e9 bez pou\u017eitia \u0161kodliv\u00fdch l\u00e1tok.<\/p>\n<h2>Popis produktu<\/h2>\n<ul>\n<li>Farba: 347 - Butternut<\/li>\n<li>Materi\u00e1l: 60% bavlna, 40% polyester<\/li>\n<li>Odpor\u00fa\u010dan\u00e9 pranie: hore nohami, pra\u0165 oddelene<\/li>\n<li>Certifik\u00e1t: OEKO-TEX<\/li>\n<\/ul>\n<p><strong>OEKO-TEX<\/strong> - certifik\u00e1t v\u00fdrobku bez \u0161kodliv\u00fdch l\u00e1tok. OEKO-TEX je popredn\u00fd svetov\u00fd certifik\u00e1t zdravotnej nez\u00e1vadnosti pre v\u0161etky textiln\u00e9 v\u00fdrobky.<\/p>\n<h2>Parametre produktu<\/h2>\n<ul>\n<li>Certifik\u00e1cia OEKO-TEX<\/li>\n<li>\u0160t\u00fdlov\u00e9 tri\u010dko na ka\u017ed\u00fa pr\u00edle\u017eitos\u0165<\/li>\n<li>M\u00e4kk\u00fd a pohodln\u00fd materi\u00e1l<\/li>\n<\/ul>","protected":false},"excerpt":{"rendered":"<p>P\u00e1nske tri\u010dko Deerhunter Logo Butternut je klasick\u00fd a z\u00e1rove\u0148 \u0161t\u00fdlov\u00fd k\u00fasok vyroben\u00fd z m\u00e4kkej a pohodlnej bavlnenej a polyesterovej tkaniny, v\u010faka \u010domu je ide\u00e1lny na lov, turistiku, do pr\u00e1ce aj domov. Jeho certifik\u00e1t OEKO-TEX zaru\u010duje, \u017ee bolo vyroben\u00e9 bez pou\u017eitia \u0161kodliv\u00fdch l\u00e1tok.<\/p>","protected":false},"featured_media":5684,"comment_status":"open","ping_status":"closed","template":"","meta":[],"product_brand":[],"product_cat":[318],"product_tag":[314,332],"class_list":{"0":"post-5675","1":"product","2":"type-product","3":"status-publish","4":"has-post-thumbnail","6":"product_cat-ingek-es-polok","7":"product_tag-deerhunter","8":"product_tag-logo-butternut","10":"first","11":"instock","12":"taxable","13":"shipping-taxable","14":"purchasable","15":"product-type-variable","16":"has-default-attributes"},"jetpack_sharing_enabled":true,"_links":{"self":[{"href":"https:\/\/bestoptika.eu\/sk\/wp-json\/wp\/v2\/product\/5675","targetHints":{"allow":["GET"]}}],"collection":[{"href":"https:\/\/bestoptika.eu\/sk\/wp-json\/wp\/v2\/product"}],"about":[{"href":"https:\/\/bestoptika.eu\/sk\/wp-json\/wp\/v2\/types\/product"}],"replies":[{"embeddable":true,"href":"https:\/\/bestoptika.eu\/sk\/wp-json\/wp\/v2\/comments?post=5675"}],"wp:featuredmedia":[{"embeddable":true,"href":"https:\/\/bestoptika.eu\/sk\/wp-json\/wp\/v2\/media\/5684"}],"wp:attachment":[{"href":"https:\/\/bestoptika.eu\/sk\/wp-json\/wp\/v2\/media?parent=5675"}],"wp:term":[{"taxonomy":"product_brand","embeddable":true,"href":"https:\/\/bestoptika.eu\/sk\/wp-json\/wp\/v2\/product_brand?post=5675"},{"taxonomy":"product_cat","embeddable":true,"href":"https:\/\/bestoptika.eu\/sk\/wp-json\/wp\/v2\/product_cat?post=5675"},{"taxonomy":"product_tag","embeddable":true,"href":"https:\/\/bestoptika.eu\/sk\/wp-json\/wp\/v2\/product_tag?post=5675"}],"curies":[{"name":"wp","href":"https:\/\/api.w.org\/{rel}","templated":true}]}}