{"id":5695,"date":"2025-11-29T22:20:24","date_gmt":"2025-11-29T21:20:24","guid":{"rendered":"https:\/\/bestoptika.eu\/?post_type=product&#038;p=5695"},"modified":"2026-01-15T10:19:49","modified_gmt":"2026-01-15T09:19:49","slug":"deerhunter-nolan-butternut-ferfi-polo","status":"publish","type":"product","link":"https:\/\/bestoptika.eu\/sk\/product\/deerhunter-nolan-butternut-ferfi-polo\/","title":{"rendered":"Deerhunter Nolan - Butternut p\u00e1nske tri\u010dko"},"content":{"rendered":"<p>A <strong>Deerhunter Nolan - Butternut p\u00e1nske tri\u010dko<\/strong> klasick\u00fd a z\u00e1rove\u0148 \u0161t\u00fdlov\u00fd odev, ktor\u00fd je vhodn\u00fd na ka\u017ed\u00fa pr\u00edle\u017eitos\u0165. Perfektne sa hod\u00ed k d\u017e\u00ednsom. M\u00f4\u017eete ich nosi\u0165 na po\u013eova\u010dky, turistiku, do pr\u00e1ce alebo na vo\u013en\u00fd \u010das doma. Vyroben\u00e9 z kvalitnej zmesi bavlny 60% a polyesteru 40%. P\u00fd\u0161i sa certifik\u00e1tom OEKO-TEX, ktor\u00fd potvrdzuje, \u017ee tri\u010dko bolo vyroben\u00e9 bez pou\u017eitia \u0161kodliv\u00fdch l\u00e1tok. Vydajte sa za dobrodru\u017estvom s kvalitn\u00fdm tri\u010dkom Nolan.<\/p>\n<h2>Popis produktu<\/h2>\n<ul>\n<li><strong>Farba:<\/strong> 347 - Butternut<\/li>\n<li><strong>Materi\u00e1l:<\/strong> 60% bavlna, 40% polyester<\/li>\n<li><strong>Odpor\u00fa\u010da sa pranie:<\/strong> oto\u010den\u00e9 naruby, pran\u00e9 oddelene<\/li>\n<li><strong>Certifik\u00e1t:<\/strong> OEKO-TEX<\/li>\n<\/ul>\n<p><strong>OEKO-TEX<\/strong> - certifik\u00e1t v\u00fdrobku bez \u0161kodliv\u00fdch l\u00e1tok. OEKO-TEX je popredn\u00fd svetov\u00fd certifik\u00e1t zdravotnej nez\u00e1vadnosti pre v\u0161etky textiln\u00e9 v\u00fdrobky.<\/p>\n<h2>Parametre produktu<\/h2>\n<ul>\n<li>Certifik\u00e1cia OEKO-TEX<\/li>\n<li>\u0160t\u00fdlov\u00e9 tri\u010dko na ka\u017ed\u00fa pr\u00edle\u017eitos\u0165<\/li>\n<li>M\u00e4kk\u00fd a pohodln\u00fd materi\u00e1l<\/li>\n<\/ul>","protected":false},"excerpt":{"rendered":"<p>P\u00e1nske tri\u010dko Deerhunter Nolan Butternut je klasick\u00fd a z\u00e1rove\u0148 \u0161t\u00fdlov\u00fd k\u00fasok z m\u00e4kkej a pohodlnej bavlnenej a polyesterovej tkaniny, ktor\u00fd sa skvele hod\u00ed na lov, turistiku, do pr\u00e1ce aj na vo\u013en\u00fd \u010das doma. Certifik\u00e1t OEKO-TEX zaru\u010duje, \u017ee je vyroben\u00e9 bez pou\u017eitia \u0161kodliv\u00fdch l\u00e1tok.<\/p>","protected":false},"featured_media":5703,"comment_status":"open","ping_status":"closed","template":"","meta":[],"product_brand":[],"product_cat":[318],"product_tag":[314,334],"class_list":{"0":"post-5695","1":"product","2":"type-product","3":"status-publish","4":"has-post-thumbnail","6":"product_cat-ingek-es-polok","7":"product_tag-deerhunter","8":"product_tag-nolan-butternut","10":"first","11":"instock","12":"sale","13":"taxable","14":"shipping-taxable","15":"purchasable","16":"product-type-variable"},"jetpack_sharing_enabled":true,"_links":{"self":[{"href":"https:\/\/bestoptika.eu\/sk\/wp-json\/wp\/v2\/product\/5695","targetHints":{"allow":["GET"]}}],"collection":[{"href":"https:\/\/bestoptika.eu\/sk\/wp-json\/wp\/v2\/product"}],"about":[{"href":"https:\/\/bestoptika.eu\/sk\/wp-json\/wp\/v2\/types\/product"}],"replies":[{"embeddable":true,"href":"https:\/\/bestoptika.eu\/sk\/wp-json\/wp\/v2\/comments?post=5695"}],"wp:featuredmedia":[{"embeddable":true,"href":"https:\/\/bestoptika.eu\/sk\/wp-json\/wp\/v2\/media\/5703"}],"wp:attachment":[{"href":"https:\/\/bestoptika.eu\/sk\/wp-json\/wp\/v2\/media?parent=5695"}],"wp:term":[{"taxonomy":"product_brand","embeddable":true,"href":"https:\/\/bestoptika.eu\/sk\/wp-json\/wp\/v2\/product_brand?post=5695"},{"taxonomy":"product_cat","embeddable":true,"href":"https:\/\/bestoptika.eu\/sk\/wp-json\/wp\/v2\/product_cat?post=5695"},{"taxonomy":"product_tag","embeddable":true,"href":"https:\/\/bestoptika.eu\/sk\/wp-json\/wp\/v2\/product_tag?post=5695"}],"curies":[{"name":"wp","href":"https:\/\/api.w.org\/{rel}","templated":true}]}}