{"id":5736,"date":"2025-11-30T21:44:55","date_gmt":"2025-11-30T20:44:55","guid":{"rendered":"https:\/\/bestoptika.eu\/?post_type=product&#038;p=5736"},"modified":"2026-01-15T10:24:17","modified_gmt":"2026-01-15T09:24:17","slug":"deerhunter-zachary-red-checked-ferfi-vadasz-ing","status":"publish","type":"product","link":"https:\/\/bestoptika.eu\/sk\/product\/deerhunter-zachary-red-checked-ferfi-vadasz-ing\/","title":{"rendered":"Deerhunter Zachary - \u010cerven\u00e1 kockovan\u00e1 p\u00e1nska po\u013eovn\u00edcka ko\u0161e\u013ea"},"content":{"rendered":"<p>Deerhunter Zachary - \u010cerven\u00e1 kockovan\u00e1 p\u00e1nska po\u013eovn\u00edcka ko\u0161e\u013ea \u0160t\u00fdlov\u00e1 kockovan\u00e1 ko\u0161e\u013ea s modern\u00fdm vzh\u013eadom. \u0160t\u00fdlov\u00fd a farebn\u00fd vzor je ide\u00e1lny pre r\u00f4zne outfity. Je vyroben\u00e1 z bavlny 100% a ve\u013emi pohodlne sa nos\u00ed. Elegantn\u00e1 ko\u0161e\u013ea, ktor\u00e1 pr\u00edjemne o\u017eiv\u00ed \u0161atn\u00edk ka\u017ed\u00e9ho po\u013eovn\u00edka.<\/p>\n<h2>Popis produktu<\/h2>\n<ul>\n<li>Ve\u013ekosti: 39\/40 - 41\/42 - 43\/44 - 46\/46 - 47\/48<\/li>\n<li>Farba: 499 - \u010cerven\u00e1 kontrola<\/li>\n<\/ul>","protected":false},"excerpt":{"rendered":"<p>P\u00e1nska po\u013eovn\u00edcka ko\u0161e\u013ea Deerhunter Zachary Red Checked s modern\u00fdm, \u0161t\u00fdlov\u00fdm \u010derven\u00fdm k\u00e1rovan\u00fdm vzorom o\u017eiv\u00ed ka\u017ed\u00fd po\u013eovn\u00edcky outfit. Jej bavlnen\u00e1 tkanina 100% poskytuje pohodln\u00e9 nosenie na lov aj be\u017en\u00e9 pr\u00edle\u017eitosti.<\/p>","protected":false},"featured_media":5739,"comment_status":"open","ping_status":"closed","template":"","meta":[],"product_brand":[],"product_cat":[318],"product_tag":[314,340],"class_list":{"0":"post-5736","1":"product","2":"type-product","3":"status-publish","4":"has-post-thumbnail","6":"product_cat-ingek-es-polok","7":"product_tag-deerhunter","8":"product_tag-zachary-red-checked","10":"first","11":"instock","12":"taxable","13":"shipping-taxable","14":"purchasable","15":"product-type-variable"},"jetpack_sharing_enabled":true,"_links":{"self":[{"href":"https:\/\/bestoptika.eu\/sk\/wp-json\/wp\/v2\/product\/5736","targetHints":{"allow":["GET"]}}],"collection":[{"href":"https:\/\/bestoptika.eu\/sk\/wp-json\/wp\/v2\/product"}],"about":[{"href":"https:\/\/bestoptika.eu\/sk\/wp-json\/wp\/v2\/types\/product"}],"replies":[{"embeddable":true,"href":"https:\/\/bestoptika.eu\/sk\/wp-json\/wp\/v2\/comments?post=5736"}],"wp:featuredmedia":[{"embeddable":true,"href":"https:\/\/bestoptika.eu\/sk\/wp-json\/wp\/v2\/media\/5739"}],"wp:attachment":[{"href":"https:\/\/bestoptika.eu\/sk\/wp-json\/wp\/v2\/media?parent=5736"}],"wp:term":[{"taxonomy":"product_brand","embeddable":true,"href":"https:\/\/bestoptika.eu\/sk\/wp-json\/wp\/v2\/product_brand?post=5736"},{"taxonomy":"product_cat","embeddable":true,"href":"https:\/\/bestoptika.eu\/sk\/wp-json\/wp\/v2\/product_cat?post=5736"},{"taxonomy":"product_tag","embeddable":true,"href":"https:\/\/bestoptika.eu\/sk\/wp-json\/wp\/v2\/product_tag?post=5736"}],"curies":[{"name":"wp","href":"https:\/\/api.w.org\/{rel}","templated":true}]}}