{"id":5740,"date":"2025-11-30T21:49:32","date_gmt":"2025-11-30T20:49:32","guid":{"rendered":"https:\/\/bestoptika.eu\/?post_type=product&#038;p=5740"},"modified":"2026-01-15T10:13:24","modified_gmt":"2026-01-15T09:13:24","slug":"deerhunter-lady-ava-red-check-noi-vadaszing","status":"publish","type":"product","link":"https:\/\/bestoptika.eu\/sk\/product\/deerhunter-lady-ava-red-check-noi-vadaszing\/","title":{"rendered":"Deerhunter Lady Ava - D\u00e1msky po\u013eovn\u00edcky postroj Red Check"},"content":{"rendered":"<p>D\u00e1mska po\u013eovn\u00edcka ko\u0161e\u013ea Deerhunter Lady Ava - Red Check patr\u00ed do povinnej skupiny d\u00e1mskeho po\u013eovn\u00edckeho oble\u010denia. \u010ci u\u017e chcete str\u00e1vi\u0165 de\u0148 v ter\u00e9ne alebo v meste, s klasick\u00fdm \u010derven\u00fdm k\u00e1rovan\u00fdm vzorom ni\u010d nepokaz\u00edte. Do dvoch n\u00e1prsn\u00fdch vreciek si schov\u00e1te potrebn\u00e9 veci. Celkov\u00fd dizajn dop\u013a\u0148aj\u00fa semi\u0161ov\u00e9 lemy na vreck\u00e1ch a mosadzn\u00e9 zap\u00ednanie. D\u00e1msky strih vyroben\u00fd zo zmesi bavlny a elastanu zv\u00fdrazn\u00ed \u017eensk\u00fa postavu ka\u017edej d\u00e1my.<\/p>\n<h2>Popis produktu<\/h2>\n<ul>\n<li>Farba: 48442 - Red Check<\/li>\n<li>Materi\u00e1l: 98% bavlna 2% elastan<\/li>\n<li>Odpor\u00fa\u010dan\u00e9 pranie: 40\u02daC, nebielenie, nesu\u0161enie v bubnovej su\u0161i\u010dke, \u017eehlenie max. 150\u02daC<\/li>\n<li>Starostlivos\u0165: pra\u0165 s podobn\u00fdmi farbami<\/li>\n<\/ul>\n<h2>Parametre produktu<\/h2>\n<ul>\n<li>Ko\u0161e\u013ea so zap\u00ednan\u00edm na gomb\u00edky<\/li>\n<li>Dve n\u00e1prsn\u00e9 vreck\u00e1<\/li>\n<li>Zo\u0161t\u00edhlil sa<\/li>\n<\/ul>\n<p>&nbsp;<\/p>","protected":false},"excerpt":{"rendered":"<p>D\u00e1mska loveck\u00e1 ko\u0161e\u013ea Deerhunter Lady Ava Red Check s klasick\u00fdm \u010derven\u00fdm k\u00e1rovan\u00fdm vzorom a \u00fazkym strihom je \u017eensk\u00e1 a z\u00e1rove\u0148 funk\u010dn\u00e1 do ter\u00e9nu aj do mesta. M\u00e1 dve n\u00e1prsn\u00e9 vreck\u00e1, semi\u0161ov\u00e9 lemy a detaily s mosadzn\u00fdm efektom a je vyroben\u00e1 z elastickej bavlnenej a elastanovej tkaniny pre pohodln\u00fd pohyb.<\/p>","protected":false},"featured_media":5743,"comment_status":"open","ping_status":"closed","template":"","meta":[],"product_brand":[],"product_cat":[318],"product_tag":[314,341],"class_list":{"0":"post-5740","1":"product","2":"type-product","3":"status-publish","4":"has-post-thumbnail","6":"product_cat-ingek-es-polok","7":"product_tag-deerhunter","8":"product_tag-lady-ava-red-check","10":"first","11":"instock","12":"taxable","13":"shipping-taxable","14":"purchasable","15":"product-type-variable","16":"has-default-attributes"},"jetpack_sharing_enabled":true,"_links":{"self":[{"href":"https:\/\/bestoptika.eu\/sk\/wp-json\/wp\/v2\/product\/5740","targetHints":{"allow":["GET"]}}],"collection":[{"href":"https:\/\/bestoptika.eu\/sk\/wp-json\/wp\/v2\/product"}],"about":[{"href":"https:\/\/bestoptika.eu\/sk\/wp-json\/wp\/v2\/types\/product"}],"replies":[{"embeddable":true,"href":"https:\/\/bestoptika.eu\/sk\/wp-json\/wp\/v2\/comments?post=5740"}],"wp:featuredmedia":[{"embeddable":true,"href":"https:\/\/bestoptika.eu\/sk\/wp-json\/wp\/v2\/media\/5743"}],"wp:attachment":[{"href":"https:\/\/bestoptika.eu\/sk\/wp-json\/wp\/v2\/media?parent=5740"}],"wp:term":[{"taxonomy":"product_brand","embeddable":true,"href":"https:\/\/bestoptika.eu\/sk\/wp-json\/wp\/v2\/product_brand?post=5740"},{"taxonomy":"product_cat","embeddable":true,"href":"https:\/\/bestoptika.eu\/sk\/wp-json\/wp\/v2\/product_cat?post=5740"},{"taxonomy":"product_tag","embeddable":true,"href":"https:\/\/bestoptika.eu\/sk\/wp-json\/wp\/v2\/product_tag?post=5740"}],"curies":[{"name":"wp","href":"https:\/\/api.w.org\/{rel}","templated":true}]}}