{"id":5762,"date":"2025-11-30T21:52:21","date_gmt":"2025-11-30T20:52:21","guid":{"rendered":"https:\/\/bestoptika.eu\/?post_type=product&#038;p=5762"},"modified":"2026-01-15T10:23:18","modified_gmt":"2026-01-15T09:23:18","slug":"deerhunter-ryan-brown-check-ferfi-vadaszing","status":"publish","type":"product","link":"https:\/\/bestoptika.eu\/sk\/product\/deerhunter-ryan-brown-check-ferfi-vadaszing\/","title":{"rendered":"Deerhunter Ryan - Brown Check p\u00e1nska po\u013eovn\u00edcka ko\u0161e\u013ea"},"content":{"rendered":"<p>P\u00e1nska po\u013eovn\u00edcka ko\u0161e\u013ea Deerhunter Ryan - Brown Check je pohodln\u00fd model. Ide\u00e1lny k\u00fasok pre ka\u017ed\u00e9ho, kto miluje pohodlie. Jej vo\u013en\u00fd strih ocenia v\u0161etci milovn\u00edci pr\u00edrody. Klasick\u00fd bavlnen\u00fd model je doplnen\u00fd predn\u00fdm vreckom s p\u00fatkami.<\/p>\n<h2>Popis produktu<\/h2>\n<ul>\n<li>Farba: 48438 - Brown Check<\/li>\n<li>Materi\u00e1l: 100% bavlna<\/li>\n<li>Odpor\u00fa\u010dan\u00e9 pranie: 40\u02daC, nebielenie, nesu\u0161enie v bubnovej su\u0161i\u010dke, \u017eehlenie max. 150\u02daC<\/li>\n<li>Starostlivos\u0165: pra\u0165 s podobn\u00fdmi farbami<\/li>\n<\/ul>\n<h2>Parametre produktu<\/h2>\n<ul>\n<li>Golier so skryt\u00fdm zap\u00ednan\u00edm<\/li>\n<li>Prsn\u00e9 vrecko<\/li>\n<li>Pohodln\u00e9 rezanie<\/li>\n<\/ul>","protected":false},"excerpt":{"rendered":"<p>P\u00e1nska po\u013eovn\u00edcka ko\u0161e\u013ea Deerhunter Ryan Brown Check je pohodln\u00fd bavlnen\u00fd model 100% vo\u013en\u00e9ho strihu, ktor\u00fd si ob\u013e\u00fabi ka\u017ed\u00fd outdoorov\u00fd mu\u017e. Jej klasick\u00fd hned\u00fd k\u00e1rovan\u00fd vzor, skryt\u00e9 zap\u00ednanie goliera a n\u00e1prsn\u00e9 vrecko so z\u00e1lo\u017ekou jej dod\u00e1vaj\u00fa praktick\u00fd a z\u00e1rove\u0148 decentn\u00fd vzh\u013ead.<\/p>","protected":false},"featured_media":5769,"comment_status":"open","ping_status":"closed","template":"","meta":[],"product_brand":[],"product_cat":[318],"product_tag":[314,344],"class_list":{"0":"post-5762","1":"product","2":"type-product","3":"status-publish","4":"has-post-thumbnail","6":"product_cat-ingek-es-polok","7":"product_tag-deerhunter","8":"product_tag-ryan-brown-check","10":"first","11":"instock","12":"taxable","13":"shipping-taxable","14":"purchasable","15":"product-type-variable","16":"has-default-attributes"},"jetpack_sharing_enabled":true,"_links":{"self":[{"href":"https:\/\/bestoptika.eu\/sk\/wp-json\/wp\/v2\/product\/5762","targetHints":{"allow":["GET"]}}],"collection":[{"href":"https:\/\/bestoptika.eu\/sk\/wp-json\/wp\/v2\/product"}],"about":[{"href":"https:\/\/bestoptika.eu\/sk\/wp-json\/wp\/v2\/types\/product"}],"replies":[{"embeddable":true,"href":"https:\/\/bestoptika.eu\/sk\/wp-json\/wp\/v2\/comments?post=5762"}],"wp:featuredmedia":[{"embeddable":true,"href":"https:\/\/bestoptika.eu\/sk\/wp-json\/wp\/v2\/media\/5769"}],"wp:attachment":[{"href":"https:\/\/bestoptika.eu\/sk\/wp-json\/wp\/v2\/media?parent=5762"}],"wp:term":[{"taxonomy":"product_brand","embeddable":true,"href":"https:\/\/bestoptika.eu\/sk\/wp-json\/wp\/v2\/product_brand?post=5762"},{"taxonomy":"product_cat","embeddable":true,"href":"https:\/\/bestoptika.eu\/sk\/wp-json\/wp\/v2\/product_cat?post=5762"},{"taxonomy":"product_tag","embeddable":true,"href":"https:\/\/bestoptika.eu\/sk\/wp-json\/wp\/v2\/product_tag?post=5762"}],"curies":[{"name":"wp","href":"https:\/\/api.w.org\/{rel}","templated":true}]}}