{"id":5870,"date":"2025-11-30T16:14:44","date_gmt":"2025-11-30T15:14:44","guid":{"rendered":"https:\/\/bestoptika.eu\/?post_type=product&#038;p=5870"},"modified":"2025-11-30T16:14:44","modified_gmt":"2025-11-30T15:14:44","slug":"deerhunter-lady-ella-driftwood-noi-polo","status":"publish","type":"product","link":"https:\/\/bestoptika.eu\/sk\/product\/deerhunter-lady-ella-driftwood-noi-polo\/","title":{"rendered":"Deerhunter Lady Ella - Driftwood d\u00e1mske tri\u010dko"},"content":{"rendered":"<p>Vydajte sa na nov\u00e9 dobrodru\u017estv\u00e1 s kvalitn\u00fdm d\u00e1mskym tri\u010dkom Deerhunter Lady Ella - Driftwood. Je vyroben\u00e9 z pohodlnej a m\u00e4kkej bavlny, ktor\u00e1 je ve\u013emi pr\u00edjemn\u00e1 na dotyk. Obsahuje jedine\u010dn\u00e9 logo na prednej strane. Tri\u010dko m\u00e1 tie\u017e certifik\u00e1t OEKO-TEX, ktor\u00fd dod\u00e1va tri\u010dku kvalitu v podobe v\u00fdrobn\u00e9ho procesu bez \u0161kodliv\u00fdch l\u00e1tok.<\/p>\n<h2>Popis produktu<\/h2>\n<ul>\n<li>Farba: 269 - Driftwood<\/li>\n<li>Materi\u00e1l: 100% bavlna<\/li>\n<li>Odpor\u00fa\u010dan\u00e9 pranie: hore nohami, pra\u0165 oddelene<\/li>\n<li>Certifik\u00e1t: OEKO-TEX<\/li>\n<\/ul>\n<p><strong>OEKO-TEX<\/strong> - certifik\u00e1t v\u00fdrobku bez \u0161kodliv\u00fdch l\u00e1tok. OEKO-TEX je popredn\u00fd svetov\u00fd certifik\u00e1t zdravotnej nez\u00e1vadnosti pre v\u0161etky textiln\u00e9 v\u00fdrobky.<\/p>\n<h2>Parametre produktu<\/h2>\n<ul>\n<li>Certifik\u00e1cia OEKO-TEX<\/li>\n<li>Ide\u00e1lne na ka\u017edodenn\u00e9 nosenie<\/li>\n<li>M\u00e4kk\u00e1 a pohodln\u00e1 bavlna<\/li>\n<li>Jedine\u010dn\u00e1 potla\u010d na prednej strane<\/li>\n<\/ul>","protected":false},"excerpt":{"rendered":"<p>D\u00e1mske tri\u010dko Deerhunter Lady Ella Driftwood je vyroben\u00e9 z m\u00e4kkej bavlnenej tkaniny 100% na pohodln\u00e9 ka\u017edodenn\u00e9 nosenie. V\u010faka certifik\u00e1cii OEKO-TEX a jedine\u010dnej potla\u010di na prednej strane je \u0161t\u00fdlovou a bezpe\u010dnou vo\u013ebou na ka\u017ed\u00fd de\u0148 a vo\u013en\u00fd \u010das.<\/p>","protected":false},"featured_media":5878,"comment_status":"open","ping_status":"closed","template":"","meta":[],"product_brand":[],"product_cat":[318],"product_tag":[314,356],"class_list":{"0":"post-5870","1":"product","2":"type-product","3":"status-publish","4":"has-post-thumbnail","6":"product_cat-ingek-es-polok","7":"product_tag-deerhunter","8":"product_tag-lady-ella-driftwood","10":"first","11":"instock","12":"taxable","13":"shipping-taxable","14":"purchasable","15":"product-type-variable","16":"has-default-attributes"},"jetpack_sharing_enabled":true,"_links":{"self":[{"href":"https:\/\/bestoptika.eu\/sk\/wp-json\/wp\/v2\/product\/5870","targetHints":{"allow":["GET"]}}],"collection":[{"href":"https:\/\/bestoptika.eu\/sk\/wp-json\/wp\/v2\/product"}],"about":[{"href":"https:\/\/bestoptika.eu\/sk\/wp-json\/wp\/v2\/types\/product"}],"replies":[{"embeddable":true,"href":"https:\/\/bestoptika.eu\/sk\/wp-json\/wp\/v2\/comments?post=5870"}],"wp:featuredmedia":[{"embeddable":true,"href":"https:\/\/bestoptika.eu\/sk\/wp-json\/wp\/v2\/media\/5878"}],"wp:attachment":[{"href":"https:\/\/bestoptika.eu\/sk\/wp-json\/wp\/v2\/media?parent=5870"}],"wp:term":[{"taxonomy":"product_brand","embeddable":true,"href":"https:\/\/bestoptika.eu\/sk\/wp-json\/wp\/v2\/product_brand?post=5870"},{"taxonomy":"product_cat","embeddable":true,"href":"https:\/\/bestoptika.eu\/sk\/wp-json\/wp\/v2\/product_cat?post=5870"},{"taxonomy":"product_tag","embeddable":true,"href":"https:\/\/bestoptika.eu\/sk\/wp-json\/wp\/v2\/product_tag?post=5870"}],"curies":[{"name":"wp","href":"https:\/\/api.w.org\/{rel}","templated":true}]}}