{"id":5973,"date":"2025-11-29T23:01:12","date_gmt":"2025-11-29T22:01:12","guid":{"rendered":"https:\/\/bestoptika.eu\/?post_type=product&#038;p=5973"},"modified":"2026-01-15T10:22:49","modified_gmt":"2026-01-15T09:22:49","slug":"deerhunter-rogaland-fiber-pile-zold-ferfi-polardzseki","status":"publish","type":"product","link":"https:\/\/bestoptika.eu\/sk\/product\/deerhunter-rogaland-fiber-pile-zold-ferfi-polardzseki\/","title":{"rendered":"Deerhunter Rogaland Fiber Pile Green P\u00e1nska pol\u00e1rna bunda"},"content":{"rendered":"<p>P\u00e1nska pol\u00e1rna bunda Deerhunter Rogaland Fiber Pile Green je tepl\u00e1 a pohodln\u00e1 a ur\u010dite v\u00e1s nesklame. Zais\u0165uje vysok\u00fa vo\u013enos\u0165 pohybu. \u0160t\u00fdlov\u00fd dizajn a modernos\u0165 zaru\u010duj\u00fa dve predn\u00e9 vreck\u00e1 na zips a n\u00e1prsn\u00e9 vrecko. S bundou Rogaland Fiber Pile Jacket si m\u00f4\u017eete u\u017ei\u0165 pohodln\u00fa po\u013eovn\u00edcku alebo vych\u00e1dzkov\u00fa n\u00e1plas\u0165. Zaru\u010den\u00e1 spokojnos\u0165 pri jej nosen\u00ed.<\/p>\n<h2>Popis produktu<\/h2>\n<ul>\n<li>Rozmery: S - 4XL<\/li>\n<li>Farba: zelen\u00e1<\/li>\n<li>Vonkaj\u0161\u00ed materi\u00e1l: 100% polyester<\/li>\n<li>Kontrastn\u00e1 stredn\u00e1: 7% elastan \/ 69% polyester \/ 24% visk\u00f3za<\/li>\n<li>Pod\u0161\u00edvka: 96% polyester \/ 4% elastan<\/li>\n<\/ul>\n<p><strong>Visk\u00f3za<\/strong> - pr\u00edrodn\u00fd materi\u00e1l vyroben\u00fd z celul\u00f3zov\u00fdch vl\u00e1kien. Zaru\u010duje pr\u00edjemn\u00fd pocit bez potreby v\u00fdplne. To je v\u00fdhoda najm\u00e4 v lete.<\/p>\n<h2>Parametre produktu<\/h2>\n<ul>\n<li>Predn\u00fd zips na zap\u00ednanie<\/li>\n<li>N\u00e1prsn\u00e9 vrecko na zips<\/li>\n<li>Dve predn\u00e9 vreck\u00e1 na zips<\/li>\n<li>Pru\u017en\u00fd golier<\/li>\n<li>Man\u017eety vpredu, uprostred a dole<\/li>\n<li>Kombin\u00e1cia tkaniny bundy a stre\u010dovej tkaniny<\/li>\n<li>Vn\u00fatorn\u00e1 elastick\u00e1 pod\u0161\u00edvka s dvoma v\u00e4\u010d\u0161\u00edmi vreckami<\/li>\n<\/ul>","protected":false},"excerpt":{"rendered":"<p>Zelen\u00e1 p\u00e1nska pol\u00e1rna bunda Deerhunter Rogaland Fiber Pile Green je tepl\u00e1, pohodln\u00e1 a pru\u017en\u00e1, poskytuje vynikaj\u00facu vo\u013enos\u0165 pohybu pri love a outdoorov\u00fdch aktivit\u00e1ch. N\u00e1prsn\u00e9 vrecko na zips, dve predn\u00e9 vreck\u00e1 a elastick\u00fd golier a man\u017eety jej dod\u00e1vaj\u00fa praktick\u00fd a modern\u00fd vzh\u013ead.<\/p>","protected":false},"featured_media":5981,"comment_status":"open","ping_status":"closed","template":"","meta":[],"product_brand":[],"product_cat":[319],"product_tag":[314,367],"class_list":{"0":"post-5973","1":"product","2":"type-product","3":"status-publish","4":"has-post-thumbnail","6":"product_cat-kabatok-es-puloverek","7":"product_tag-deerhunter","8":"product_tag-rogaland-fiber-pile","10":"first","11":"instock","12":"taxable","13":"shipping-taxable","14":"purchasable","15":"product-type-variable","16":"has-default-attributes"},"jetpack_sharing_enabled":true,"_links":{"self":[{"href":"https:\/\/bestoptika.eu\/sk\/wp-json\/wp\/v2\/product\/5973","targetHints":{"allow":["GET"]}}],"collection":[{"href":"https:\/\/bestoptika.eu\/sk\/wp-json\/wp\/v2\/product"}],"about":[{"href":"https:\/\/bestoptika.eu\/sk\/wp-json\/wp\/v2\/types\/product"}],"replies":[{"embeddable":true,"href":"https:\/\/bestoptika.eu\/sk\/wp-json\/wp\/v2\/comments?post=5973"}],"wp:featuredmedia":[{"embeddable":true,"href":"https:\/\/bestoptika.eu\/sk\/wp-json\/wp\/v2\/media\/5981"}],"wp:attachment":[{"href":"https:\/\/bestoptika.eu\/sk\/wp-json\/wp\/v2\/media?parent=5973"}],"wp:term":[{"taxonomy":"product_brand","embeddable":true,"href":"https:\/\/bestoptika.eu\/sk\/wp-json\/wp\/v2\/product_brand?post=5973"},{"taxonomy":"product_cat","embeddable":true,"href":"https:\/\/bestoptika.eu\/sk\/wp-json\/wp\/v2\/product_cat?post=5973"},{"taxonomy":"product_tag","embeddable":true,"href":"https:\/\/bestoptika.eu\/sk\/wp-json\/wp\/v2\/product_tag?post=5973"}],"curies":[{"name":"wp","href":"https:\/\/api.w.org\/{rel}","templated":true}]}}