{"id":6004,"date":"2025-11-29T22:56:09","date_gmt":"2025-11-29T21:56:09","guid":{"rendered":"https:\/\/bestoptika.eu\/?post_type=product&#038;p=6004"},"modified":"2026-01-15T10:03:15","modified_gmt":"2026-01-15T09:03:15","slug":"deerhunter-chasse-olive-night-melange-noi-kabat","status":"publish","type":"product","link":"https:\/\/bestoptika.eu\/sk\/product\/deerhunter-chasse-olive-night-melange-noi-kabat\/","title":{"rendered":"Deerhunter Chasse - Olive Night Melange d\u00e1mska bunda"},"content":{"rendered":"<p>A <strong>Deerhunter Chasse - Olive Night Melange d\u00e1mska bunda<\/strong> odolnos\u0165, ve\u013ea vreciek, nov\u00e9 inov\u00e1cie, vysok\u00e1 kvalita. Navrhnut\u00e1 \u0161peci\u00e1lne pre v\u0161etky d\u00e1my, ktor\u00e9 potrebuj\u00fa univerz\u00e1lnu a funk\u010dn\u00fa bundu, ale z\u00e1rove\u0148 chc\u00fa vynikn\u00fa\u0165. M\u00e1 ve\u013ea vreciek, nastavite\u013en\u00fa spodn\u00fa \u010das\u0165, odn\u00edmate\u013en\u00fa kapuc\u0148u, predtvarovan\u00e9 lakte a \u010fal\u0161ie skvel\u00e9 vymo\u017eenosti. S touto bundou v\u00e1m u\u017e nikdy nebude zima. Navrhnut\u00e1 prakticky do ka\u017ed\u00e9ho po\u010dasia. \u010ci u\u017e ide o oby\u010dajn\u00fa prech\u00e1dzku v lese, dlh\u00fd lov alebo spolo\u010dn\u00fa po\u013eova\u010dku. Bunda v\u00e1m v\u017edy poskytne to najlep\u0161ie. Z\u00e1rove\u0148 poskytuje dostato\u010dn\u00fa vo\u013enos\u0165 pohybu a pohodlie. S touto bundou sa ka\u017ed\u00fd z\u00e1\u017eitok v pr\u00edrode stane e\u0161te jedine\u010dnej\u0161\u00edm.<\/p>\n<h2>Popis produktu<\/h2>\n<ul>\n<li><strong>Farba:<\/strong> 365 - Olive Night Melange<\/li>\n<li><strong>Rozmery:<\/strong> 36-46<\/li>\n<li><strong>Vonkaj\u0161\u00ed materi\u00e1l:<\/strong> 100% polyester<\/li>\n<li><strong>Kontrastn\u00fd materi\u00e1l<\/strong>: 100% polyester<\/li>\n<li><strong>Oblo\u017eenie:<\/strong> 100% polyester<\/li>\n<li><strong>Odpor\u00fa\u010da sa pranie:<\/strong> nepou\u017e\u00edvajte aviv\u00e1\u017e, perte naruby, perte s podobn\u00fdmi farbami<\/li>\n<li><strong>Membr\u00e1na:<\/strong> DEER-TEX<\/li>\n<li><strong>Odolnos\u0165 vo\u010di vode:<\/strong> 100%<\/li>\n<\/ul>\n<p><strong>Membr\u00e1na DEER-TEX<\/strong> - ide o vrstven\u00fd vonkaj\u0161\u00ed materi\u00e1l, ktor\u00fd je v ka\u017edom \u0161ve lepen\u00fd. 100% v nepremokavom vyhotoven\u00ed. Je to extr\u00e9mne \u013eahk\u00e1 membr\u00e1na, ktor\u00e1 sa pou\u017e\u00edva v technickej\u0161\u00edch v\u00fdrobkoch Deerhunter, ako je napr\u00edklad rad Chasse.<\/p>\n<h2>Parametre produktu<\/h2>\n<ul>\n<li>Predtvarovan\u00e9 kolen\u00e1<\/li>\n<li>Odn\u00edmate\u013en\u00e1 kapuc\u0148a<\/li>\n<li>S nastavite\u013enou spodnou \u0161n\u00farkou<\/li>\n<li>Otvoren\u00e9 pre registr\u00e1ciu<\/li>\n<li>Priedu\u0161nos\u0165<\/li>\n<li>Odolnos\u0165 proti vetru<\/li>\n<li>100% odolnos\u0165 vo\u010di vode<\/li>\n<\/ul>","protected":false},"excerpt":{"rendered":"<p>D\u00e1mska bunda Deerhunter Chasse Olive Night Melange je odoln\u00e1, nepremokav\u00e1, vetruvzdorn\u00e1 a priedu\u0161n\u00e1 bunda s membr\u00e1nou DEER-TEX 100% s viacer\u00fdmi vreckami, odn\u00edmate\u013enou kapuc\u0148ou a predtvarovan\u00fdmi lak\u0165ov\u00fdmi z\u00e1platami pre spo\u013eahliv\u00fa ochranu za ka\u017ed\u00e9ho po\u010dasia. Jej pohodln\u00fd strih, nastavite\u013en\u00e1 spodn\u00e1 s\u0165ahovacia \u0161n\u00farka a elastick\u00e1 tkanina poskytuj\u00fa maxim\u00e1lnu vo\u013enos\u0165 pohybu pri prech\u00e1dzkach lesom, dlh\u0161\u00edch po\u013eova\u010dk\u00e1ch a spolo\u010dn\u00fdch vych\u00e1dzkach.<\/p>","protected":false},"featured_media":6011,"comment_status":"open","ping_status":"closed","template":"","meta":[],"product_brand":[],"product_cat":[319],"product_tag":[369,314],"class_list":{"0":"post-6004","1":"product","2":"type-product","3":"status-publish","4":"has-post-thumbnail","6":"product_cat-kabatok-es-puloverek","7":"product_tag-chasse-olive-night-melange","8":"product_tag-deerhunter","10":"first","11":"instock","12":"taxable","13":"shipping-taxable","14":"purchasable","15":"product-type-variable","16":"has-default-attributes"},"jetpack_sharing_enabled":true,"_links":{"self":[{"href":"https:\/\/bestoptika.eu\/sk\/wp-json\/wp\/v2\/product\/6004","targetHints":{"allow":["GET"]}}],"collection":[{"href":"https:\/\/bestoptika.eu\/sk\/wp-json\/wp\/v2\/product"}],"about":[{"href":"https:\/\/bestoptika.eu\/sk\/wp-json\/wp\/v2\/types\/product"}],"replies":[{"embeddable":true,"href":"https:\/\/bestoptika.eu\/sk\/wp-json\/wp\/v2\/comments?post=6004"}],"wp:featuredmedia":[{"embeddable":true,"href":"https:\/\/bestoptika.eu\/sk\/wp-json\/wp\/v2\/media\/6011"}],"wp:attachment":[{"href":"https:\/\/bestoptika.eu\/sk\/wp-json\/wp\/v2\/media?parent=6004"}],"wp:term":[{"taxonomy":"product_brand","embeddable":true,"href":"https:\/\/bestoptika.eu\/sk\/wp-json\/wp\/v2\/product_brand?post=6004"},{"taxonomy":"product_cat","embeddable":true,"href":"https:\/\/bestoptika.eu\/sk\/wp-json\/wp\/v2\/product_cat?post=6004"},{"taxonomy":"product_tag","embeddable":true,"href":"https:\/\/bestoptika.eu\/sk\/wp-json\/wp\/v2\/product_tag?post=6004"}],"curies":[{"name":"wp","href":"https:\/\/api.w.org\/{rel}","templated":true}]}}