{"id":6059,"date":"2025-11-30T22:34:00","date_gmt":"2025-11-30T21:34:00","guid":{"rendered":"https:\/\/bestoptika.eu\/?post_type=product&#038;p=6059"},"modified":"2026-03-28T17:07:00","modified_gmt":"2026-03-28T16:07:00","slug":"hikmicro-habrok-pro-hx60ls-multispektralis-binokular-lezeres-tavolsagmerovel","status":"publish","type":"product","link":"https:\/\/bestoptika.eu\/sk\/product\/hikmicro-habrok-pro-hx60ls-multispektralis-binokular-lezeres-tavolsagmerovel\/","title":{"rendered":"HIKMICRO HABROK PRO HX60LS Multispektr\u00e1lny binokul\u00e1r s laserov\u00fdm dia\u013ekomerom"},"content":{"rendered":"<p data-start=\"681\" data-end=\"1035\">\u201eMultispektr\u00e1lny\u201d znamen\u00e1, \u017ee zariadenie kombinuje termokameru a optick\u00fd modul. V zariaden\u00ed HX60LS je optick\u00fd modul s rozl\u00ed\u0161en\u00edm 4K UHD skombinovan\u00fd s modulom termokamery s \u00fa\u017easn\u00fdm rozl\u00ed\u0161en\u00edm 1280 \u00d7 1024 px a citlivos\u0165ou 15 mK. To umo\u017e\u0148uje spo\u013eahliv\u00e9 nepretr\u017eit\u00e9 monitorovanie za v\u0161etk\u00fdch poveternostn\u00fdch podmienok.<\/p>\n<p data-start=\"1037\" data-end=\"1408\">V\u010faka objekt\u00edvu termokamery s ohniskovou vzdialenos\u0165ou 60 mm dosahuje term\u00e1lny modul detek\u010dn\u00fa vzdialenos\u0165 a\u017e 3100 metrov. V kombin\u00e1cii s optick\u00fdm modulom mo\u017eno pou\u017ei\u0165 vymenite\u013en\u00e9 osvetlenie LED: 940 nm s dosahom 250 metrov pri vlnovej d\u013a\u017eke 940 nm a 300 metrov pri vlnovej d\u013a\u017eke 850 nm. Zariadenie je vybaven\u00e9 aj laserov\u00fdm dia\u013ekomerom s dosahom a\u017e 1000 metrov.<\/p>\n<p data-start=\"1410\" data-end=\"1653\">Sync Pro zni\u017euje digit\u00e1lne oneskorenie a\u017e o 60%, tak\u017ee u\u017e nikdy nezme\u0161k\u00e1te \u017eiaden okamih! Plynul\u00fd a jasn\u00fd obraz zabezpe\u010duje kvalitn\u00fd displej OLED s rozl\u00ed\u0161en\u00edm 1920 \u00d7 1080 px a obnovovacou frekvenciou 50 Hz.<\/p>\n<p data-start=\"1655\" data-end=\"1933\">Pohodln\u00e9 zobrazenie zaru\u010duje aplik\u00e1cia Image Pro 3.0, ktor\u00e1 odstra\u0148uje ru\u0161iv\u00e9 prvky na pozad\u00ed, zlep\u0161uje spracovanie obrazu a zobrazenie detailov. Automatick\u00e1 stabiliz\u00e1cia v optickom re\u017eime zabezpe\u010duje ostr\u00e9 a stabiln\u00e9 sn\u00edmky aj pri digit\u00e1lnom zv\u00e4\u010d\u0161en\u00ed nad 4\u00d7.<\/p>\n<p data-start=\"1935\" data-end=\"2385\">Habrok Pro m\u00e1 mnoho \u010fal\u0161\u00edch vynikaj\u00facich funkci\u00ed: fotografovanie, nahr\u00e1vanie zvukov\u00fdch vide\u00ed, okam\u017eit\u00e9 zobrazenie alebo vymazanie z\u00e1znamov a sledovanie najhor\u00facej\u0161ieho bodu. Samozrejme, m\u00e1 aj automatick\u00fd re\u017eim sp\u00e1nku, ktor\u00fd na z\u00e1klade zmeny polohy zist\u00ed, kedy sa zariadenie nepou\u017e\u00edva, \u010d\u00edm \u0161etr\u00ed energiu bat\u00e9rie.<br data-start=\"2299\" data-end=\"2302\" \/>M\u00f4\u017eete sa pripoji\u0165 cez k\u00e1bel alebo cez aplik\u00e1ciu HIKMICRO Sight.<\/p>\n<p data-start=\"2387\" data-end=\"2718\">Pr\u00edstroj pripom\u00edna klasick\u00e9 denn\u00e9 \u010falekoh\u013eady, m\u00e1 ergonomick\u00fd dizajn a pohodln\u00fa mo\u017enos\u0165 zavesenia na krk. Samozrejme, je mo\u017en\u00e9 ho namontova\u0165 aj na stat\u00edv pomocou adapt\u00e9ra, ktor\u00fd je s\u00fa\u010das\u0165ou balenia. Zariadenie je nap\u00e1jan\u00e9 vymenite\u013enou dob\u00edjate\u013enou bat\u00e9riou, ktor\u00e1 poskytuje a\u017e 5,5 hodiny nepretr\u017eitej prev\u00e1dzky.<\/p>\n<p data-start=\"2720\" data-end=\"2801\">Na zariadenie sa vz\u0165ahuje 3-ro\u010dn\u00e1 z\u00e1ruka a z\u00e1ruka v\u00fdmeny v pr\u00edpade servisu.<\/p>\n<table dir=\"ltr\" border=\"1\" cellspacing=\"0\" cellpadding=\"0\" data-sheets-root=\"1\" data-sheets-baot=\"1\">\n<colgroup>\n<col width=\"100\" \/>\n<col width=\"223\" \/>\n<col width=\"197\" \/><\/colgroup>\n<tbody>\n<tr>\n<td style=\"width: 279px\">Rozl\u00ed\u0161enie<\/td>\n<td style=\"width: 221.545px\">1280 \u00d7 1024 px<\/td>\n<td style=\"width: 197px\">3840 \u00d7 2160 px<\/td>\n<\/tr>\n<tr>\n<td style=\"width: 279px\">Teplotn\u00e1 citlivos\u0165<\/td>\n<td style=\"width: 221.545px\">&lt; 15 mK<\/td>\n<td style=\"width: 197px\">-<\/td>\n<\/tr>\n<tr>\n<td style=\"width: 279px\">Osvetlenie \/ pr\u00edsvit<\/td>\n<td style=\"width: 221.545px\">-<\/td>\n<td style=\"width: 197px\">940 \/ 850 nm<\/td>\n<\/tr>\n<tr>\n<td style=\"width: 279px\">\u0160o\u0161ovka<\/td>\n<td style=\"width: 221.545px\">60 mm<\/td>\n<td style=\"width: 197px\">60 mm<\/td>\n<\/tr>\n<tr>\n<td style=\"width: 279px\">Detek\u010dn\u00e1 vzdialenos\u0165<\/td>\n<td style=\"width: 221.545px\">3100 m<\/td>\n<td style=\"width: 197px\">250 \/ 300 m<\/td>\n<\/tr>\n<tr>\n<td style=\"width: 279px\">Optick\u00e9 zv\u00e4\u010d\u0161enie<\/td>\n<td style=\"width: 221.545px\">2,6x<\/td>\n<td style=\"width: 197px\">5,5x<\/td>\n<\/tr>\n<tr>\n<td style=\"width: 279px\">Zorn\u00e9 pole<\/td>\n<td style=\"width: 221.545px\">14,6\u00b0 \u00d7 8,8\u00b0<\/td>\n<td style=\"width: 197px\">7,3\u00b0 \u00d7 4,1\u00b0<\/td>\n<\/tr>\n<tr>\n<td style=\"width: 279px\">Digit\u00e1lny zoom<\/td>\n<td style=\"width: 221.545px\">7,7x<\/td>\n<td style=\"width: 197px\">4x<\/td>\n<\/tr>\n<tr>\n<td style=\"width: 279px\">Rozl\u00ed\u0161enie displeja<\/td>\n<td style=\"width: 221.545px\">1920 \u00d7 1080 px<\/td>\n<td style=\"width: 197px\"><\/td>\n<\/tr>\n<tr>\n<td style=\"width: 279px\">Obnovovacia frekvencia<\/td>\n<td style=\"width: 221.545px\">50 Hz<\/td>\n<td style=\"width: 197px\"><\/td>\n<\/tr>\n<tr>\n<td style=\"width: 279px\">Wi-Fi<\/td>\n<td style=\"width: 221.545px\">\u00c1no<\/td>\n<td style=\"width: 197px\"><\/td>\n<\/tr>\n<tr>\n<td style=\"width: 279px\">Laserov\u00fd dia\u013ekomer<\/td>\n<td style=\"width: 221.545px\">\u00c1no, dosah 1000 m<\/td>\n<td style=\"width: 197px\"><\/td>\n<\/tr>\n<tr>\n<td style=\"width: 279px\">Dioptrick\u00e1 korekcia<\/td>\n<td style=\"width: 221.545px\">-5D ~ +3D<\/td>\n<td style=\"width: 197px\"><\/td>\n<\/tr>\n<tr>\n<td style=\"width: 279px\">Fotografovanie<\/td>\n<td style=\"width: 221.545px\">\u00c1no<\/td>\n<td style=\"width: 197px\"><\/td>\n<\/tr>\n<tr>\n<td style=\"width: 279px\">Sn\u00edmanie videa<\/td>\n<td style=\"width: 221.545px\">\u00c1no<\/td>\n<td style=\"width: 197px\"><\/td>\n<\/tr>\n<tr>\n<td style=\"width: 279px\">Nahr\u00e1vanie zvuku<\/td>\n<td style=\"width: 221.545px\">\u00c1no<\/td>\n<td style=\"width: 197px\"><\/td>\n<\/tr>\n<tr>\n<td style=\"width: 279px\">\u00darove\u0148 imunity<\/td>\n<td style=\"width: 221.545px\">IP67<\/td>\n<td style=\"width: 197px\"><\/td>\n<\/tr>\n<tr>\n<td style=\"width: 279px\">Intern\u00e1 pam\u00e4\u0165<\/td>\n<td style=\"width: 221.545px\">Vstavan\u00fd, 64 GB<\/td>\n<td style=\"width: 197px\"><\/td>\n<\/tr>\n<tr>\n<td style=\"width: 279px\">Prev\u00e1dzkov\u00e1 teplota<\/td>\n<td style=\"width: 221.545px\">-30\u00b0C - +55\u00b0C<\/td>\n<td style=\"width: 197px\"><\/td>\n<\/tr>\n<tr>\n<td style=\"width: 279px\">Bat\u00e9ria<\/td>\n<td style=\"width: 221.545px\">\n<div>\n<div>1\u00d7 vymenite\u013en\u00e1 dob\u00edjacia bat\u00e9ria<\/div>\n<\/div>\n<\/td>\n<td style=\"width: 197px\"><\/td>\n<\/tr>\n<tr>\n<td style=\"width: 279px\">V\u00fddr\u017e bat\u00e9rie<\/td>\n<td style=\"width: 221.545px\">5,5 hodiny<\/td>\n<td style=\"width: 197px\"><\/td>\n<\/tr>\n<tr>\n<td style=\"width: 279px\">Hmotnos\u0165<\/td>\n<td style=\"width: 221.545px\">1050 g<\/td>\n<td style=\"width: 197px\"><\/td>\n<\/tr>\n<tr>\n<td style=\"width: 279px\">Rozmery<\/td>\n<td style=\"width: 221.545px\">153 \u00d7 82 \u00d7 232 mm<\/td>\n<td style=\"width: 197px\"><\/td>\n<\/tr>\n<\/tbody>\n<\/table>\n<p>Balenie obsahuje:<\/p>\n<p>Vymenite\u013en\u00e9 osvetlenie LED 940 \/ 850 nm<br data-start=\"127\" data-end=\"130\" \/>2\u00d7 dob\u00edjacia bat\u00e9ria<br data-start=\"157\" data-end=\"160\" \/>1\u00d7 nab\u00edja\u010dka bat\u00e9ri\u00ed<br data-start=\"179\" data-end=\"182\" \/>1\u00d7 puzdro s dr\u017eiakom na \u010falekoh\u013ead<br data-start=\"204\" data-end=\"207\" \/>1\u00d7 popruh na krk<br data-start=\"218\" data-end=\"221\" \/>1\u00d7 stojanov\u00fd adapt\u00e9r<br data-start=\"238\" data-end=\"241\" \/>1\u00d7 k\u00e1bel USB-C<\/p>","protected":false},"excerpt":{"rendered":"<p data-start=\"128\" data-end=\"396\">Ponorte sa do sveta detailov s multispektr\u00e1lnym binokul\u00e1rom Habrok Pro, ktor\u00fd poskytuje vynikaj\u00facu kvalitu obrazu vo dne aj v noci. S \u010falekoh\u013eadom Habrok Pro m\u00f4\u017eete v\u010faka jeho pohodln\u00e9mu pou\u017e\u00edvaniu a vysok\u00e9mu v\u00fdkonu \u013eahko zabudn\u00fa\u0165 na tradi\u010dn\u00e9 denn\u00e9 \u010falekoh\u013eady.<\/p>\n<ul>\n<li data-start=\"400\" data-end=\"438\">Sn\u00edma\u010d termokamery: 1280 \u00d7 1024 px<\/li>\n<li data-start=\"441\" data-end=\"467\">Tepeln\u00e1 citlivos\u0165: 15 mK<\/li>\n<li data-start=\"470\" data-end=\"521\">R\u00fdchle prep\u00ednanie medzi re\u017eimom termokamery a no\u010dn\u00e9ho videnia<\/li>\n<li data-start=\"524\" data-end=\"574\">Vymenite\u013en\u00e9 no\u010dn\u00e9 osvetlenie: 940 \/ 850 m2<\/li>\n<li data-start=\"577\" data-end=\"606\">Image Pro 3.0, Sync Pro<\/li>\n<li data-start=\"609\" data-end=\"652\">Detek\u010dn\u00e1 vzdialenos\u0165: do 3100 metrov<\/li>\n<li data-start=\"655\" data-end=\"679\">Laserov\u00fd dia\u013ekomer<\/li>\n<\/ul>","protected":false},"featured_media":6060,"comment_status":"open","ping_status":"closed","template":"","meta":[],"product_brand":[],"product_cat":[48],"product_tag":[125,31,50],"class_list":{"0":"post-6059","1":"product","2":"type-product","3":"status-publish","4":"has-post-thumbnail","6":"product_cat-hokamera-keresotavcso","7":"product_tag-binokular","8":"product_tag-hikmicro","9":"product_tag-hokamera-keresotavcso","11":"first","12":"instock","13":"sale","14":"featured","15":"taxable","16":"shipping-taxable","17":"purchasable","18":"product-type-simple"},"jetpack_sharing_enabled":true,"_links":{"self":[{"href":"https:\/\/bestoptika.eu\/sk\/wp-json\/wp\/v2\/product\/6059","targetHints":{"allow":["GET"]}}],"collection":[{"href":"https:\/\/bestoptika.eu\/sk\/wp-json\/wp\/v2\/product"}],"about":[{"href":"https:\/\/bestoptika.eu\/sk\/wp-json\/wp\/v2\/types\/product"}],"replies":[{"embeddable":true,"href":"https:\/\/bestoptika.eu\/sk\/wp-json\/wp\/v2\/comments?post=6059"}],"wp:featuredmedia":[{"embeddable":true,"href":"https:\/\/bestoptika.eu\/sk\/wp-json\/wp\/v2\/media\/6060"}],"wp:attachment":[{"href":"https:\/\/bestoptika.eu\/sk\/wp-json\/wp\/v2\/media?parent=6059"}],"wp:term":[{"taxonomy":"product_brand","embeddable":true,"href":"https:\/\/bestoptika.eu\/sk\/wp-json\/wp\/v2\/product_brand?post=6059"},{"taxonomy":"product_cat","embeddable":true,"href":"https:\/\/bestoptika.eu\/sk\/wp-json\/wp\/v2\/product_cat?post=6059"},{"taxonomy":"product_tag","embeddable":true,"href":"https:\/\/bestoptika.eu\/sk\/wp-json\/wp\/v2\/product_tag?post=6059"}],"curies":[{"name":"wp","href":"https:\/\/api.w.org\/{rel}","templated":true}]}}