{"id":6063,"date":"2025-11-30T22:42:12","date_gmt":"2025-11-30T21:42:12","guid":{"rendered":"https:\/\/bestoptika.eu\/?post_type=product&#038;p=6063"},"modified":"2026-04-14T17:19:48","modified_gmt":"2026-04-14T15:19:48","slug":"hikmicro-stellar-sx60ls-3-0-hokamera-celtavcso-lezeres-tavolsagmerovel-az-objektivben","status":"publish","type":"product","link":"https:\/\/bestoptika.eu\/sk\/product\/hikmicro-stellar-sx60ls-3-0-hokamera-celtavcso-lezeres-tavolsagmerovel-az-objektivben\/","title":{"rendered":"HIKMICRO STELLAR SX60LS 3.0 termov\u00edzny pu\u0161koh\u013ead s laserov\u00fdm dia\u013ekomerom v objekt\u00edve"},"content":{"rendered":"<p>V\u010faka objekt\u00edvu s ohniskovou vzdialenos\u0165ou 60 mm a 2,5\u00d7 optick\u00e9mu zv\u00e4\u010d\u0161eniu je detek\u010dn\u00fd dosah a\u017e 3100 metrov. Modul LRF zabudovan\u00fd v objekt\u00edve umo\u017e\u0148uje meranie vzdialenosti a\u017e do 1000 metrov.<\/p>\n<p>Sync Pro zni\u017euje digit\u00e1lne oneskorenie a\u017e o 60% - tak\u017ee u\u017e nikdy nezme\u0161k\u00e1te \u017eiaden okamih! Plynul\u00fd a \u010dist\u00fd obraz sa zobrazuje v\u010faka obnovovacej frekvencii 50 Hz a zaoblen\u00e9mu displeju OLED s rozl\u00ed\u0161en\u00edm 2560 \u00d7 2560 px, ktor\u00fd je pr\u00edjemn\u00fd na poh\u013ead.<\/p>\n<p>Pou\u017e\u00edva tie\u017e aplik\u00e1ciu Image Pro 3.0, ktor\u00e1 v\u00fdrazne zlep\u0161uje spracovanie obrazu a jeho detaily. V porovnan\u00ed s predch\u00e1dzaj\u00facou verziou odstra\u0148uje ru\u0161iv\u00e9 prvky pozadia, tak\u017ee cie\u013e a prek\u00e1\u017eky priamo pred n\u00edm s\u00fa dokonale vidite\u013en\u00e9.<\/p>\n<p>Vstavan\u00e1 pam\u00e4\u0165 s kapacitou 64 GB umo\u017e\u0148uje robi\u0165 fotografie a vide\u00e1 so zvukom. Medzi u\u017eito\u010dn\u00e9 funkcie patr\u00ed automatick\u00e9 nahr\u00e1vanie po nasn\u00edman\u00ed a okam\u017eit\u00e9 zobrazenie alebo vymazanie z\u00e1znamu. Kameru mo\u017eno pripoji\u0165 k po\u010d\u00edta\u010du prostredn\u00edctvom v\u00fdstupu USB-C alebo prepoji\u0165 s aplik\u00e1ciou HIKMICRO Sight.<\/p>\n<p>Kamera Stellar 3.0 m\u00e1 stupe\u0148 krytia IP67 a hlin\u00edkov\u00fd kryt, tak\u017ee je spo\u013eahliv\u00e1 aj v da\u017edi a snehu. Dve vstavan\u00e9 bat\u00e9rie s jednou vymenite\u013enou poskytuj\u00fa a\u017e 6,5 hodiny nepretr\u017eit\u00e9ho monitorovania. Na \u0161etrenie energie bat\u00e9rie mo\u017eno pou\u017ei\u0165 re\u017eim sp\u00e1nku a pripoji\u0165 powerbanku.<\/p>\n<p>Na zariadenie sa vz\u0165ahuje 3-ro\u010dn\u00e1 z\u00e1ruka a z\u00e1ruka v\u00fdmeny v pr\u00edpade servisu.<\/p>\n<table dir=\"ltr\" style=\"width: 551px\" border=\"1\" cellspacing=\"0\" cellpadding=\"0\" data-sheets-root=\"1\" data-sheets-baot=\"1\">\n<colgroup>\n<col width=\"100\" \/>\n<col width=\"223\" \/><\/colgroup>\n<tbody>\n<tr>\n<td style=\"width: 259.193px\">Wi-Fi<\/td>\n<td style=\"width: 287.443px\">\u00c1no<\/td>\n<\/tr>\n<tr>\n<td style=\"width: 259.193px\">Senzor<\/td>\n<td style=\"width: 287.443px\">1280 \u00d7 1080 px<\/td>\n<\/tr>\n<tr>\n<td style=\"width: 259.193px\">Teplotn\u00e1 citlivos\u0165<\/td>\n<td style=\"width: 287.443px\">&lt; 15 mK<\/td>\n<\/tr>\n<tr>\n<td style=\"width: 259.193px\">Rozl\u00ed\u0161enie displeja<\/td>\n<td style=\"width: 287.443px\">2560 \u00d7 2560 px<\/td>\n<\/tr>\n<tr>\n<td style=\"width: 259.193px\">Obnovovacia frekvencia<\/td>\n<td style=\"width: 287.443px\">50 Hz<\/td>\n<\/tr>\n<tr>\n<td style=\"width: 259.193px\">\u0160o\u0161ovka<\/td>\n<td style=\"width: 287.443px\">60 mm<\/td>\n<\/tr>\n<tr>\n<td style=\"width: 259.193px\">Detek\u010dn\u00e1 vzdialenos\u0165<\/td>\n<td style=\"width: 287.443px\">3100 m<\/td>\n<\/tr>\n<tr>\n<td style=\"width: 259.193px\">Optick\u00e9 zv\u00e4\u010d\u0161enie<\/td>\n<td style=\"width: 287.443px\">2,5x<\/td>\n<\/tr>\n<tr>\n<td style=\"width: 259.193px\">Digit\u00e1lny zoom<\/td>\n<td style=\"width: 287.443px\">11,4x<\/td>\n<\/tr>\n<tr>\n<td style=\"width: 259.193px\">Laserov\u00fd dia\u013ekomer<\/td>\n<td style=\"width: 287.443px\">\u00c1no, dosah 1000 m<\/td>\n<\/tr>\n<tr>\n<td style=\"width: 259.193px\">Balistick\u00e1 kalkula\u010dka<\/td>\n<td style=\"width: 287.443px\">\u00c1no<\/td>\n<\/tr>\n<tr>\n<td style=\"width: 259.193px\">Zorn\u00e9 pole<\/td>\n<td style=\"width: 287.443px\">14,6\u00b0 \u00d7 11,7\u00b0<\/td>\n<\/tr>\n<tr>\n<td style=\"width: 259.193px\">Dioptrick\u00e1 korekcia<\/td>\n<td style=\"width: 287.443px\">-4D ~ +4D<\/td>\n<\/tr>\n<tr>\n<td style=\"width: 259.193px\">Fotografovanie<\/td>\n<td style=\"width: 287.443px\">\u00c1no<\/td>\n<\/tr>\n<tr>\n<td style=\"width: 259.193px\">Sn\u00edmanie videa<\/td>\n<td style=\"width: 287.443px\">\u00c1no<\/td>\n<\/tr>\n<tr>\n<td style=\"width: 259.193px\">Z\u00e1znam zvuku<\/td>\n<td style=\"width: 287.443px\">\u00c1no<\/td>\n<\/tr>\n<tr>\n<td style=\"width: 259.193px\">\u00darove\u0148 imunity<\/td>\n<td style=\"width: 287.443px\">IP67<\/td>\n<\/tr>\n<tr>\n<td style=\"width: 259.193px\">Intern\u00e1 pam\u00e4\u0165<\/td>\n<td style=\"width: 287.443px\">Vstavan\u00fd, 64 GB<\/td>\n<\/tr>\n<tr>\n<td style=\"width: 259.193px\">Prev\u00e1dzkov\u00e1 teplota<\/td>\n<td style=\"width: 287.443px\">-30\u00b0C - +55\u00b0C<\/td>\n<\/tr>\n<tr>\n<td style=\"width: 259.193px\">Bat\u00e9ria<\/td>\n<td style=\"width: 287.443px\">2\u00d7 vstavan\u00fd, 1\u00d7 vymenite\u013en\u00fd 18650<\/td>\n<\/tr>\n<tr>\n<td style=\"width: 259.193px\">V\u00fddr\u017e bat\u00e9rie<\/td>\n<td style=\"width: 287.443px\">6,5 hodiny<\/td>\n<\/tr>\n<tr>\n<td style=\"width: 259.193px\">Hmotnos\u0165<\/td>\n<td style=\"width: 287.443px\">1150 g<\/td>\n<\/tr>\n<tr>\n<td style=\"width: 259.193px\">Rozmery<\/td>\n<td style=\"width: 287.443px\">453 \u00d7 94 \u00d7 79 mm<\/td>\n<\/tr>\n<\/tbody>\n<\/table>","protected":false},"excerpt":{"rendered":"<p>U\u017eite si loveck\u00fa revol\u00faciu s \u010falekoh\u013eadom s termokamerou Stellar 3.0, ktor\u00fd odhal\u00ed ka\u017ed\u00fd detail aj v tej najtemnej\u0161ej noci!<\/p>\n<ul>\n<li>Sn\u00edma\u010d termokamery: 1280 \u00d7 1024 px<\/li>\n<li>Tepeln\u00e1 citlivos\u0165: 15 mK<\/li>\n<li>Detek\u010dn\u00e1 vzdialenos\u0165: do 3100 m<\/li>\n<li>Funkcie:Image Pro 3.0, Sync Pro<\/li>\n<li>Laserov\u00fd dia\u013ekomer: zabudovan\u00fd v objekt\u00edve<\/li>\n<li>Krytka objekt\u00edvu: magnetick\u00e1<\/li>\n<\/ul>\n<p>Model SX60LS 3.0 m\u00e1 jadro termokamery s rozl\u00ed\u0161en\u00edm 1280 \u00d7 1024 px a tepelnou citlivos\u0165ou \u2264 15 mK, ktor\u00e9 poskytuje dokonale detailn\u00fd obraz, na ktorom vid\u00edte dokonca aj vlasy a parohy.<\/p>","protected":false},"featured_media":6066,"comment_status":"open","ping_status":"closed","template":"","meta":[],"product_brand":[],"product_cat":[30],"product_tag":[31,192],"class_list":{"0":"post-6063","1":"product","2":"type-product","3":"status-publish","4":"has-post-thumbnail","6":"product_cat-celtavcso","7":"product_tag-hikmicro","8":"product_tag-stellar","10":"first","11":"instock","12":"sale","13":"featured","14":"taxable","15":"shipping-taxable","16":"purchasable","17":"product-type-simple"},"jetpack_sharing_enabled":true,"_links":{"self":[{"href":"https:\/\/bestoptika.eu\/sk\/wp-json\/wp\/v2\/product\/6063","targetHints":{"allow":["GET"]}}],"collection":[{"href":"https:\/\/bestoptika.eu\/sk\/wp-json\/wp\/v2\/product"}],"about":[{"href":"https:\/\/bestoptika.eu\/sk\/wp-json\/wp\/v2\/types\/product"}],"replies":[{"embeddable":true,"href":"https:\/\/bestoptika.eu\/sk\/wp-json\/wp\/v2\/comments?post=6063"}],"wp:featuredmedia":[{"embeddable":true,"href":"https:\/\/bestoptika.eu\/sk\/wp-json\/wp\/v2\/media\/6066"}],"wp:attachment":[{"href":"https:\/\/bestoptika.eu\/sk\/wp-json\/wp\/v2\/media?parent=6063"}],"wp:term":[{"taxonomy":"product_brand","embeddable":true,"href":"https:\/\/bestoptika.eu\/sk\/wp-json\/wp\/v2\/product_brand?post=6063"},{"taxonomy":"product_cat","embeddable":true,"href":"https:\/\/bestoptika.eu\/sk\/wp-json\/wp\/v2\/product_cat?post=6063"},{"taxonomy":"product_tag","embeddable":true,"href":"https:\/\/bestoptika.eu\/sk\/wp-json\/wp\/v2\/product_tag?post=6063"}],"curies":[{"name":"wp","href":"https:\/\/api.w.org\/{rel}","templated":true}]}}