{"id":6087,"date":"2025-12-09T06:15:28","date_gmt":"2025-12-09T05:15:28","guid":{"rendered":"https:\/\/bestoptika.eu\/?post_type=product&#038;p=6087"},"modified":"2025-12-09T06:15:28","modified_gmt":"2025-12-09T05:15:28","slug":"deerhunter-fleece-neck-tube-polar-nyakmelegito-csosal","status":"publish","type":"product","link":"https:\/\/bestoptika.eu\/sk\/product\/deerhunter-fleece-neck-tube-polar-nyakmelegito-csosal\/","title":{"rendered":"Deerhunter Fleece Neck Tube pol\u00e1rny n\u00e1kr\u010dn\u00edk"},"content":{"rendered":"<p>A <strong>Deerhunter Fleece Neck Tube pol\u00e1rny n\u00e1kr\u010dn\u00edk<\/strong> \u013eahk\u00e1 vrstva, ktor\u00e1 poskytuje prisp\u00f4sobiv\u00e9 teplo. Vyroben\u00e1 z m\u00e4kkej, dobre odvetr\u00e1vanej mikropol\u00e1rnej tkaniny s \u00fapravou proti \u017emolkovaniu na jednej strane, pon\u00faka pohodln\u00e9 nosenie bez toho, aby bola objemn\u00e1. D\u00e1 sa \u013eahko zrolova\u0165 a schova\u0165 do vrecka, tak\u017ee je ide\u00e1lna na chladn\u00e9 r\u00e1na alebo ke\u010f tr\u00e1vite dlh\u00e9 hodiny vonku v premenlivom po\u010das\u00ed. K dispoz\u00edcii v unisexovom dizajne.<\/p>\n<div>\n<h2>Parametre produktu<\/h2>\n<\/div>\n<ul>\n<li>Jedna strana zelen\u00e1, druh\u00e1 oran\u017eov\u00e1<\/li>\n<li>M\u00e4kk\u00e1, priedu\u0161n\u00e1, lepen\u00e1 mikropol\u00e1rna tkanina<\/li>\n<\/ul>","protected":false},"excerpt":{"rendered":"<p>Fleecov\u00e1 n\u00e1kr\u010dn\u00edk je \u013eahk\u00e1, dobre odvetran\u00e1 mikropol\u00e1rna vrstva, ktor\u00e1 poskytuje spo\u013eahliv\u00e9 teplo na krku v chladnom a premenlivom po\u010das\u00ed. Jej kompaktn\u00fd dizajn, ktor\u00fd sa d\u00e1 vlo\u017ei\u0165 do vrecka, a zeleno-oran\u017eov\u00e9, unisexov\u00e9 vyhotovenie z nej robia praktick\u00fa vo\u013ebu na v\u0161etky outdoorov\u00e9 aktivity.<\/p>","protected":false},"featured_media":6088,"comment_status":"open","ping_status":"closed","template":"","meta":[],"product_brand":[],"product_cat":[320],"product_tag":[314,410],"class_list":{"0":"post-6087","1":"product","2":"type-product","3":"status-publish","4":"has-post-thumbnail","6":"product_cat-kiegeszitok","7":"product_tag-deerhunter","8":"product_tag-fleece-neck-tube","10":"first","11":"instock","12":"taxable","13":"shipping-taxable","14":"purchasable","15":"product-type-simple"},"jetpack_sharing_enabled":true,"_links":{"self":[{"href":"https:\/\/bestoptika.eu\/sk\/wp-json\/wp\/v2\/product\/6087","targetHints":{"allow":["GET"]}}],"collection":[{"href":"https:\/\/bestoptika.eu\/sk\/wp-json\/wp\/v2\/product"}],"about":[{"href":"https:\/\/bestoptika.eu\/sk\/wp-json\/wp\/v2\/types\/product"}],"replies":[{"embeddable":true,"href":"https:\/\/bestoptika.eu\/sk\/wp-json\/wp\/v2\/comments?post=6087"}],"wp:featuredmedia":[{"embeddable":true,"href":"https:\/\/bestoptika.eu\/sk\/wp-json\/wp\/v2\/media\/6088"}],"wp:attachment":[{"href":"https:\/\/bestoptika.eu\/sk\/wp-json\/wp\/v2\/media?parent=6087"}],"wp:term":[{"taxonomy":"product_brand","embeddable":true,"href":"https:\/\/bestoptika.eu\/sk\/wp-json\/wp\/v2\/product_brand?post=6087"},{"taxonomy":"product_cat","embeddable":true,"href":"https:\/\/bestoptika.eu\/sk\/wp-json\/wp\/v2\/product_cat?post=6087"},{"taxonomy":"product_tag","embeddable":true,"href":"https:\/\/bestoptika.eu\/sk\/wp-json\/wp\/v2\/product_tag?post=6087"}],"curies":[{"name":"wp","href":"https:\/\/api.w.org\/{rel}","templated":true}]}}