{"id":6089,"date":"2025-12-09T06:15:28","date_gmt":"2025-12-09T05:15:28","guid":{"rendered":"https:\/\/bestoptika.eu\/?post_type=product&#038;p=6089"},"modified":"2025-12-09T06:15:28","modified_gmt":"2025-12-09T05:15:28","slug":"deerhunter-facemask-realtree-max-7-vadasz-alcazo-arcmaszk","status":"publish","type":"product","link":"https:\/\/bestoptika.eu\/sk\/product\/deerhunter-facemask-realtree-max-7-vadasz-alcazo-arcmaszk\/","title":{"rendered":"Po\u013eovn\u00edcka maska na tv\u00e1r Realtree MAX-7"},"content":{"rendered":"<p>A <strong>Po\u013eovn\u00edcka maska na tv\u00e1r Realtree MAX-7<\/strong> je vyroben\u00e1 z v\u00fdraznej obojsmerne elastickej tkaniny s \u00fa\u010dinn\u00fdm maskovac\u00edm vzorom Realtree MAX-7\u2122, zn\u00e1mym svoj\u00edm prirodzen\u00fdm tie\u0148ovan\u00edm, ktor\u00fd je navrhnut\u00fd tak, aby bol lovec nepozorovate\u013en\u00fd pre \u0161irok\u00fa \u0161k\u00e1lu druhov zveri v r\u00f4znych typoch ter\u00e9nu.<\/p>\n<div>\n<h2>Parametre produktu<\/h2>\n<\/div>\n<ul>\n<li>Pru\u017en\u00fd materi\u00e1l pre v\u00e4\u010d\u0161ie pohodlie<\/li>\n<li>Otvorenie v \u00fast\u00ed<\/li>\n<\/ul>","protected":false},"excerpt":{"rendered":"<p>Po\u013eovn\u00edcka mask\u00e1\u010dov\u00e1 maska na tv\u00e1r Deerhunter Realtree MAX-7 je vyroben\u00e1 z obojsmerne elastickej tkaniny, ktor\u00e1 poskytuje pohodln\u00e9 nosenie a stabiln\u00e9 nosenie. Maskovac\u00ed vzor Realtree MAX-7\u2122 v\u00e1m pom\u00f4\u017ee zosta\u0165 nepozorovan\u00fd v r\u00f4znorodom ter\u00e9ne, zatia\u013e \u010do otvor v \u00fastach u\u013eah\u010duje d\u00fdchanie a komunik\u00e1ciu.<\/p>","protected":false},"featured_media":6091,"comment_status":"open","ping_status":"closed","template":"","meta":[],"product_brand":[],"product_cat":[320],"product_tag":[314,412],"class_list":{"0":"post-6089","1":"product","2":"type-product","3":"status-publish","4":"has-post-thumbnail","6":"product_cat-kiegeszitok","7":"product_tag-deerhunter","8":"product_tag-facemask","10":"first","11":"instock","12":"taxable","13":"shipping-taxable","14":"purchasable","15":"product-type-simple"},"jetpack_sharing_enabled":true,"_links":{"self":[{"href":"https:\/\/bestoptika.eu\/sk\/wp-json\/wp\/v2\/product\/6089","targetHints":{"allow":["GET"]}}],"collection":[{"href":"https:\/\/bestoptika.eu\/sk\/wp-json\/wp\/v2\/product"}],"about":[{"href":"https:\/\/bestoptika.eu\/sk\/wp-json\/wp\/v2\/types\/product"}],"replies":[{"embeddable":true,"href":"https:\/\/bestoptika.eu\/sk\/wp-json\/wp\/v2\/comments?post=6089"}],"wp:featuredmedia":[{"embeddable":true,"href":"https:\/\/bestoptika.eu\/sk\/wp-json\/wp\/v2\/media\/6091"}],"wp:attachment":[{"href":"https:\/\/bestoptika.eu\/sk\/wp-json\/wp\/v2\/media?parent=6089"}],"wp:term":[{"taxonomy":"product_brand","embeddable":true,"href":"https:\/\/bestoptika.eu\/sk\/wp-json\/wp\/v2\/product_brand?post=6089"},{"taxonomy":"product_cat","embeddable":true,"href":"https:\/\/bestoptika.eu\/sk\/wp-json\/wp\/v2\/product_cat?post=6089"},{"taxonomy":"product_tag","embeddable":true,"href":"https:\/\/bestoptika.eu\/sk\/wp-json\/wp\/v2\/product_tag?post=6089"}],"curies":[{"name":"wp","href":"https:\/\/api.w.org\/{rel}","templated":true}]}}