{"id":6092,"date":"2025-12-09T06:15:26","date_gmt":"2025-12-09T05:15:26","guid":{"rendered":"https:\/\/bestoptika.eu\/?post_type=product&#038;p=6092"},"modified":"2025-12-09T06:15:26","modified_gmt":"2025-12-09T05:15:26","slug":"deerhunter-silent-neck-tube-multifunkcios-nyakmelegito-csosal","status":"publish","type":"product","link":"https:\/\/bestoptika.eu\/sk\/product\/deerhunter-silent-neck-tube-multifunkcios-nyakmelegito-csosal\/","title":{"rendered":"Deerhunter Silent Neck Tube multifunk\u010dn\u00fd ohrieva\u010d krku"},"content":{"rendered":"<p>A <strong>Deerhunter Silent Neck Tube multifunk\u010dn\u00fd ohrieva\u010d krku<\/strong> je vyroben\u00e1 zo \u0161peci\u00e1lneho materi\u00e1lu, ktor\u00fd odv\u00e1dza vlhkos\u0165 a nekr\u010d\u00ed sa, tak\u017ee je ide\u00e1lna na lov a in\u00e9 tich\u00e9 aktivity. \u010ci u\u017e prenasledujete v lese, sed\u00edte vysoko pod oblohou alebo sa len chyst\u00e1te na zimn\u00fa prech\u00e1dzku, tich\u00e1 n\u00e1kr\u010dn\u00edk s vetrac\u00edmi sie\u0165ovan\u00fdmi vlo\u017ekami poskytuje vysok\u00fa priedu\u0161nos\u0165 a bude v\u00e1s sprev\u00e1dza\u0165 po\u010das v\u0161etk\u00fdch va\u0161ich outdoorov\u00fdch aktiv\u00edt. Ako tich\u00fd n\u00e1kr\u010dn\u00edk v\u00e1s zahreje po\u010das chladn\u00fdch letn\u00fdch ve\u010derov a nosen\u00fd ako balaklava v\u00e1s ochr\u00e1ni pred nepriazniv\u00fdmi vplyvmi po\u010dasia. M\u00f4\u017eete ju nosi\u0165 ako \u010diapku, aby ste vyu\u017eili jej v\u0161estrannos\u0165, alebo jednoducho ako masku na tv\u00e1r. Nech u\u017e ju pou\u017e\u00edvate ak\u00fdmko\u013evek sp\u00f4sobom, m\u00e4kk\u00fd, tich\u00fd materi\u00e1l je pr\u00edjemn\u00fd na poko\u017eku a u\u017e\u0161\u00ed dizajn v spodnej \u010dasti poskytuje stabiln\u00e9, tesne priliehaj\u00face nosenie - mo\u017eno budete chcie\u0165 viac.<\/p>\n<div>\n<h2>Parametre produktu<\/h2>\n<\/div>\n<ul>\n<li>Tich\u00e9 celoro\u010dn\u00e9 rie\u0161enie<\/li>\n<li>Vlo\u017eky zo sie\u0165oviny s r\u00f4znou hustotou pre vysok\u00fa priedu\u0161nos\u0165<\/li>\n<li>U\u017e\u0161ia spodn\u00e1 \u010das\u0165 pre ergonomick\u00e9 prisp\u00f4sobenie sa krku<\/li>\n<\/ul>","protected":false},"excerpt":{"rendered":"<p>Deerhunter Silent Neck Tube je multifunk\u010dn\u00fd n\u00e1kr\u010dn\u00edk vyroben\u00fd z priedu\u0161nej, nekr\u010divej tkaniny a dobre vetran\u00fdch sie\u0165ovan\u00fdch vlo\u017eiek, v\u010faka \u010domu je jeho nosenie pri love a in\u00fdch outdoorov\u00fdch aktivit\u00e1ch pohodln\u00e9 a diskr\u00e9tne. Mo\u017eno ju nosi\u0165 celoro\u010dne ako n\u00e1kr\u010dn\u00edk, balaklavu, \u010diapku alebo masku na tv\u00e1r a u\u017e\u0161ia kon\u0161trukcia v spodnej \u010dasti zais\u0165uje stabiln\u00e9, tesn\u00e9 priliehanie ku krku.<\/p>","protected":false},"featured_media":6094,"comment_status":"open","ping_status":"closed","template":"","meta":[],"product_brand":[],"product_cat":[320],"product_tag":[314,414],"class_list":{"0":"post-6092","1":"product","2":"type-product","3":"status-publish","4":"has-post-thumbnail","6":"product_cat-kiegeszitok","7":"product_tag-deerhunter","8":"product_tag-silent-neck-tube","10":"first","11":"instock","12":"taxable","13":"shipping-taxable","14":"purchasable","15":"product-type-simple"},"jetpack_sharing_enabled":true,"_links":{"self":[{"href":"https:\/\/bestoptika.eu\/sk\/wp-json\/wp\/v2\/product\/6092","targetHints":{"allow":["GET"]}}],"collection":[{"href":"https:\/\/bestoptika.eu\/sk\/wp-json\/wp\/v2\/product"}],"about":[{"href":"https:\/\/bestoptika.eu\/sk\/wp-json\/wp\/v2\/types\/product"}],"replies":[{"embeddable":true,"href":"https:\/\/bestoptika.eu\/sk\/wp-json\/wp\/v2\/comments?post=6092"}],"wp:featuredmedia":[{"embeddable":true,"href":"https:\/\/bestoptika.eu\/sk\/wp-json\/wp\/v2\/media\/6094"}],"wp:attachment":[{"href":"https:\/\/bestoptika.eu\/sk\/wp-json\/wp\/v2\/media?parent=6092"}],"wp:term":[{"taxonomy":"product_brand","embeddable":true,"href":"https:\/\/bestoptika.eu\/sk\/wp-json\/wp\/v2\/product_brand?post=6092"},{"taxonomy":"product_cat","embeddable":true,"href":"https:\/\/bestoptika.eu\/sk\/wp-json\/wp\/v2\/product_cat?post=6092"},{"taxonomy":"product_tag","embeddable":true,"href":"https:\/\/bestoptika.eu\/sk\/wp-json\/wp\/v2\/product_tag?post=6092"}],"curies":[{"name":"wp","href":"https:\/\/api.w.org\/{rel}","templated":true}]}}