{"id":6105,"date":"2025-12-09T06:15:27","date_gmt":"2025-12-09T05:15:27","guid":{"rendered":"https:\/\/bestoptika.eu\/?post_type=product&#038;p=6105"},"modified":"2025-12-09T06:15:27","modified_gmt":"2025-12-09T05:15:27","slug":"deerhunter-game-cap-with-safety-realtree-max-7-biztonsagi-vadaszsapka","status":"publish","type":"product","link":"https:\/\/bestoptika.eu\/sk\/product\/deerhunter-game-cap-with-safety-realtree-max-7-biztonsagi-vadaszsapka\/","title":{"rendered":"Po\u013eovn\u00edcka \u010diapka Deerhunter Game Cap s poistkou REALTREE MAX-7"},"content":{"rendered":"<p>A <strong>Po\u013eovn\u00edcka \u010diapka Deerhunter Game Cap s poistkou REALTREE MAX-7<\/strong> \u0161t\u00fdlov\u00e1 a praktick\u00e1 pokr\u00fdvka hlavy, ktor\u00e1 je k dispoz\u00edcii v dvoch farb\u00e1ch a je ide\u00e1lna na r\u00f4zne outdoorov\u00e9 aktivity. \u010ciapka je vodoodpudiv\u00e1 a priedu\u0161n\u00e1, aby chr\u00e1nila hlavu pred slnkom, da\u017e\u010fom a snehom, zatia\u013e \u010do sklopn\u00e9 u\u0161n\u00e9 klapky udr\u017eia va\u0161e u\u0161i a krk v teple.<\/p>\n<p>\u010ciapka Game je k dispoz\u00edcii v zelenej farbe a v kamufl\u00e1\u017ei Realtree MAX-7\u2122. Ak je potrebn\u00e1 v\u00e4\u010d\u0161ia vidite\u013enos\u0165, napr\u00edklad na spolo\u010densk\u00fdch po\u013eova\u010dk\u00e1ch, \u010diapka m\u00f4\u017ee by\u0165 z vn\u00fatornej strany vybaven\u00e1 integrovanou oran\u017eovou bezpe\u010dnostnou vlo\u017ekou.<\/p>\n<h2>Parametre produktu<\/h2>\n<ul>\n<li>M\u00e4kk\u00fd, bez\u0161vov\u00fd povrch<\/li>\n<li>Vn\u00fatri integrovan\u00fd, rozkladac\u00ed oran\u017eov\u00fd bezpe\u010dnostn\u00fd kryt<\/li>\n<li>Pr\u00eddavn\u00fd n\u00e1kr\u010dn\u00edk na udr\u017eanie u\u0161\u00ed a krku v teple<\/li>\n<\/ul>","protected":false},"excerpt":{"rendered":"<p>Bezpe\u010dnostn\u00e1 po\u013eovn\u00edcka \u010diapka Deerhunter Game Cap REALTREE MAX-7 m\u00e1 vodoodpudiv\u00fa a priedu\u0161n\u00fa kon\u0161trukciu, ktor\u00e1 chr\u00e1ni hlavu pred slnkom, da\u017e\u010fom a snehom, zatia\u013e \u010do sklopn\u00e9 u\u0161i a krk v\u00e1s udr\u017eia v teple. V\u010faka maskovaciemu vzoru Realtree MAX-7\u2122 a oran\u017eovej bezpe\u010dnostnej vlo\u017eke, ktor\u00e1 sa vykl\u00e1pa z vn\u00fatornej strany, je vidite\u013en\u00e1 na spolo\u010densk\u00fdch po\u013eova\u010dk\u00e1ch a z\u00e1rove\u0148 zost\u00e1va skryt\u00e1 pred zverou.<\/p>","protected":false},"featured_media":6106,"comment_status":"open","ping_status":"closed","template":"","meta":[],"product_brand":[],"product_cat":[320],"product_tag":[314,422],"class_list":{"0":"post-6105","1":"product","2":"type-product","3":"status-publish","4":"has-post-thumbnail","6":"product_cat-kiegeszitok","7":"product_tag-deerhunter","8":"product_tag-game-cap-with-safety","10":"first","11":"instock","12":"taxable","13":"shipping-taxable","14":"purchasable","15":"product-type-variable","16":"has-default-attributes"},"jetpack_sharing_enabled":true,"_links":{"self":[{"href":"https:\/\/bestoptika.eu\/sk\/wp-json\/wp\/v2\/product\/6105","targetHints":{"allow":["GET"]}}],"collection":[{"href":"https:\/\/bestoptika.eu\/sk\/wp-json\/wp\/v2\/product"}],"about":[{"href":"https:\/\/bestoptika.eu\/sk\/wp-json\/wp\/v2\/types\/product"}],"replies":[{"embeddable":true,"href":"https:\/\/bestoptika.eu\/sk\/wp-json\/wp\/v2\/comments?post=6105"}],"wp:featuredmedia":[{"embeddable":true,"href":"https:\/\/bestoptika.eu\/sk\/wp-json\/wp\/v2\/media\/6106"}],"wp:attachment":[{"href":"https:\/\/bestoptika.eu\/sk\/wp-json\/wp\/v2\/media?parent=6105"}],"wp:term":[{"taxonomy":"product_brand","embeddable":true,"href":"https:\/\/bestoptika.eu\/sk\/wp-json\/wp\/v2\/product_brand?post=6105"},{"taxonomy":"product_cat","embeddable":true,"href":"https:\/\/bestoptika.eu\/sk\/wp-json\/wp\/v2\/product_cat?post=6105"},{"taxonomy":"product_tag","embeddable":true,"href":"https:\/\/bestoptika.eu\/sk\/wp-json\/wp\/v2\/product_tag?post=6105"}],"curies":[{"name":"wp","href":"https:\/\/api.w.org\/{rel}","templated":true}]}}