{"id":6128,"date":"2025-12-09T06:15:25","date_gmt":"2025-12-09T05:15:25","guid":{"rendered":"https:\/\/bestoptika.eu\/?post_type=product&#038;p=6128"},"modified":"2025-12-09T06:15:25","modified_gmt":"2025-12-09T05:15:25","slug":"deerhunter-logo-neck-tube-tarmac-green-multifunkcios-nyakmelegito-csosal","status":"publish","type":"product","link":"https:\/\/bestoptika.eu\/sk\/product\/deerhunter-logo-neck-tube-tarmac-green-multifunkcios-nyakmelegito-csosal\/","title":{"rendered":"Deerhunter Logo Neck Tube Tarmac Green multifunk\u010dn\u00fd ohrieva\u010d krku"},"content":{"rendered":"<p>A <strong>Deerhunter Logo Neck Tube Tarmac Green multifunk\u010dn\u00fd ohrieva\u010d krku<\/strong> ohrieva\u010d krku z m\u00e4kk\u00e9ho mikrovl\u00e1kna. Logo Deerhunter Neck Tube je viac ako len ohrieva\u010d krku, mo\u017eno ho pou\u017ei\u0165 r\u00f4znymi sp\u00f4sobmi, napr\u00edklad ako \u0161\u00e1l, \u010diapku alebo \u010delenku.<\/p>\n<h2>Parametre produktu<\/h2>\n<ul>\n<li>M\u00e4kk\u00e1 \u0161atka na zahriatie krku z mikrovl\u00e1kna<\/li>\n<li>D\u00e1 sa pou\u017ei\u0165 r\u00f4znymi sp\u00f4sobmi, napr\u00edklad ako n\u00e1kr\u010dn\u00edk, \u010diapka alebo \u010delenka<\/li>\n<\/ul>","protected":false},"excerpt":{"rendered":"<p>Deerhunter Logo Neck Tube Tarmac Green je multifunk\u010dn\u00fd n\u00e1kr\u010dn\u00edk z m\u00e4kk\u00e9ho mikrovl\u00e1kna, ktor\u00fd je pohodln\u00fd a pr\u00edjemn\u00fd na nosenie. Mo\u017eno ju pou\u017e\u00edva\u0165 viacer\u00fdmi sp\u00f4sobmi, ako n\u00e1kr\u010dn\u00edk, \u010diapku alebo \u010delenku na ka\u017edodenn\u00e9 a outdoorov\u00e9 aktivity.<\/p>","protected":false},"featured_media":6129,"comment_status":"open","ping_status":"closed","template":"","meta":[],"product_brand":[],"product_cat":[320],"product_tag":[314,432],"class_list":{"0":"post-6128","1":"product","2":"type-product","3":"status-publish","4":"has-post-thumbnail","6":"product_cat-kiegeszitok","7":"product_tag-deerhunter","8":"product_tag-logo-neck-tube","10":"first","11":"instock","12":"taxable","13":"shipping-taxable","14":"purchasable","15":"product-type-simple"},"jetpack_sharing_enabled":true,"_links":{"self":[{"href":"https:\/\/bestoptika.eu\/sk\/wp-json\/wp\/v2\/product\/6128","targetHints":{"allow":["GET"]}}],"collection":[{"href":"https:\/\/bestoptika.eu\/sk\/wp-json\/wp\/v2\/product"}],"about":[{"href":"https:\/\/bestoptika.eu\/sk\/wp-json\/wp\/v2\/types\/product"}],"replies":[{"embeddable":true,"href":"https:\/\/bestoptika.eu\/sk\/wp-json\/wp\/v2\/comments?post=6128"}],"wp:featuredmedia":[{"embeddable":true,"href":"https:\/\/bestoptika.eu\/sk\/wp-json\/wp\/v2\/media\/6129"}],"wp:attachment":[{"href":"https:\/\/bestoptika.eu\/sk\/wp-json\/wp\/v2\/media?parent=6128"}],"wp:term":[{"taxonomy":"product_brand","embeddable":true,"href":"https:\/\/bestoptika.eu\/sk\/wp-json\/wp\/v2\/product_brand?post=6128"},{"taxonomy":"product_cat","embeddable":true,"href":"https:\/\/bestoptika.eu\/sk\/wp-json\/wp\/v2\/product_cat?post=6128"},{"taxonomy":"product_tag","embeddable":true,"href":"https:\/\/bestoptika.eu\/sk\/wp-json\/wp\/v2\/product_tag?post=6128"}],"curies":[{"name":"wp","href":"https:\/\/api.w.org\/{rel}","templated":true}]}}