{"id":6138,"date":"2025-12-09T06:15:26","date_gmt":"2025-12-09T05:15:26","guid":{"rendered":"https:\/\/bestoptika.eu\/?post_type=product&#038;p=6138"},"modified":"2025-12-09T06:15:26","modified_gmt":"2025-12-09T05:15:26","slug":"deerhunter-ram-arctic-cap-realtree-edge-red-vizallo-vadaszsapka","status":"publish","type":"product","link":"https:\/\/bestoptika.eu\/sk\/product\/deerhunter-ram-arctic-cap-realtree-edge-red-vizallo-vadaszsapka\/","title":{"rendered":"Deerhunter Ram Arctic Cap REALTREE EDGE\u00ae RED vodotesn\u00e1 po\u013eovn\u00edcka \u010diapka"},"content":{"rendered":"<p>A <strong>Deerhunter Ram Arctic Cap REALTREE EDGE\u00ae RED vodeodoln\u00e1, vetruodoln\u00e1 a vodoodpudiv\u00e1 po\u013eovn\u00edcka \u010diapka<\/strong>, ktor\u00fd poskytuje spo\u013eahliv\u00fa ochranu za v\u0161etk\u00fdch poveternostn\u00fdch podmienok. V\u010faka pru\u017enej a priedu\u0161nej kon\u0161trukcii poskytuje dobr\u00fa izol\u00e1ciu po\u010das rann\u00fdch a ve\u010dern\u00fdch lovov. Sklopn\u00e1 \u010das\u0165 na ohrievanie u\u0161\u00ed poskytuje dodato\u010dn\u00e9 teplo pre u\u0161i a krk, zatia\u013e \u010do bo\u010dn\u00fd p\u00e1sik na upevnenie vetvy je praktick\u00fdm doplnkom \u010diapky.<\/p>\n<h2>Parametre produktu<\/h2>\n<ul>\n<li>Sklopn\u00fd ohrieva\u010d u\u0161\u00ed, ktor\u00fd udr\u017e\u00ed va\u0161e u\u0161i a krk v teple<\/li>\n<li>Upev\u0148ovac\u00ed popruh bo\u010dnej vetvy<\/li>\n<\/ul>","protected":false},"excerpt":{"rendered":"<p>Po\u013eovn\u00edcka \u010diapka Deerhunter Ram Arctic Cap REALTREE EDGE\u00ae RED s vodoodolnou, vetruvzdornou a vodoodpudivou kon\u0161trukciou poskytuje spo\u013eahliv\u00fa ochranu v premenliv\u00fdch a nepriazniv\u00fdch poveternostn\u00fdch podmienkach. Jej pru\u017en\u00e1, priedu\u0161n\u00e1 tkanina a skl\u00e1pac\u00ed ohrieva\u010d u\u0161\u00ed udr\u017e\u00ed va\u0161e u\u0161i a krk v teple po\u010das rann\u00fdch a ve\u010dern\u00fdch lovov.<\/p>","protected":false},"featured_media":6139,"comment_status":"open","ping_status":"closed","template":"","meta":[],"product_brand":[],"product_cat":[320],"product_tag":[314,438],"class_list":{"0":"post-6138","1":"product","2":"type-product","3":"status-publish","4":"has-post-thumbnail","6":"product_cat-kiegeszitok","7":"product_tag-deerhunter","8":"product_tag-ram-arctic-cap","10":"first","11":"instock","12":"taxable","13":"shipping-taxable","14":"purchasable","15":"product-type-variable","16":"has-default-attributes"},"jetpack_sharing_enabled":true,"_links":{"self":[{"href":"https:\/\/bestoptika.eu\/sk\/wp-json\/wp\/v2\/product\/6138","targetHints":{"allow":["GET"]}}],"collection":[{"href":"https:\/\/bestoptika.eu\/sk\/wp-json\/wp\/v2\/product"}],"about":[{"href":"https:\/\/bestoptika.eu\/sk\/wp-json\/wp\/v2\/types\/product"}],"replies":[{"embeddable":true,"href":"https:\/\/bestoptika.eu\/sk\/wp-json\/wp\/v2\/comments?post=6138"}],"wp:featuredmedia":[{"embeddable":true,"href":"https:\/\/bestoptika.eu\/sk\/wp-json\/wp\/v2\/media\/6139"}],"wp:attachment":[{"href":"https:\/\/bestoptika.eu\/sk\/wp-json\/wp\/v2\/media?parent=6138"}],"wp:term":[{"taxonomy":"product_brand","embeddable":true,"href":"https:\/\/bestoptika.eu\/sk\/wp-json\/wp\/v2\/product_brand?post=6138"},{"taxonomy":"product_cat","embeddable":true,"href":"https:\/\/bestoptika.eu\/sk\/wp-json\/wp\/v2\/product_cat?post=6138"},{"taxonomy":"product_tag","embeddable":true,"href":"https:\/\/bestoptika.eu\/sk\/wp-json\/wp\/v2\/product_tag?post=6138"}],"curies":[{"name":"wp","href":"https:\/\/api.w.org\/{rel}","templated":true}]}}