{"id":6149,"date":"2025-12-09T06:15:25","date_gmt":"2025-12-09T05:15:25","guid":{"rendered":"https:\/\/bestoptika.eu\/?post_type=product&#038;p=6149"},"modified":"2025-12-09T06:15:26","modified_gmt":"2025-12-09T05:15:26","slug":"deerhunter-lady-raven-gloves-elmwood-noi-vadaszkesztyu","status":"publish","type":"product","link":"https:\/\/bestoptika.eu\/sk\/product\/deerhunter-lady-raven-gloves-elmwood-noi-vadaszkesztyu\/","title":{"rendered":"D\u00e1mske po\u013eovn\u00edcke rukavice Deerhunter Lady Raven Gloves Elmwood"},"content":{"rendered":"<p>A <strong>D\u00e1mske po\u013eovn\u00edcke rukavice Deerhunter Lady Raven Gloves Elmwood<\/strong> je ur\u010den\u00fd pre d\u00e1my, ktor\u00e9 chc\u00fa spo\u013eahliv\u00e9 teplo, pohodlie a ochranu r\u00fak po\u010das pobytu v ter\u00e9ne. Rukavice Deerhunter Lady Raven s\u00fa navrhnut\u00e9 \u0161peci\u00e1lne pre d\u00e1my, ktor\u00e9 strie\u013eaj\u00fa, s\u00fa v\u0161ak univerz\u00e1lne a poskytuj\u00fa dodato\u010dn\u00fa ochranu pri v\u0161etk\u00fdch outdoorov\u00fdch \u0161portoch. Vystu\u017een\u00e1 dla\u0148ov\u00e1 \u010das\u0165 poskytuje lep\u0161\u00ed \u00fachop, pogumovan\u00e1 z\u00e1p\u00e4stn\u00e1 \u010das\u0165 a man\u017eeta na zips poskytuj\u00fa stabiln\u00e9 uchytenie, doplnen\u00e9 elastick\u00fdm materi\u00e1lom na ukazov\u00e1ku na pohodln\u00e9 ovl\u00e1danie sp\u00fa\u0161te.<\/p>\n<div>\n<h2>Parametre produktu<\/h2>\n<\/div>\n<ul>\n<li>Nastavite\u013en\u00e9, pogumovan\u00e9 z\u00e1p\u00e4stie<\/li>\n<li>Zosilnen\u00e1 dla\u0148 a palec pre lep\u0161\u00ed \u00fachop<\/li>\n<li>Zips na man\u017eet\u00e1ch pre e\u0161te lep\u0161ie prisp\u00f4sobenie<\/li>\n<li>Elastick\u00fd materi\u00e1l na ukazov\u00e1ku pre pohodlnej\u0161ie strie\u013eanie<\/li>\n<\/ul>","protected":false},"excerpt":{"rendered":"<p>D\u00e1mske po\u013eovn\u00edcke rukavice Deerhunter Lady Raven Gloves Elmwood poskytuj\u00fa spo\u013eahliv\u00e9 teplo, pohodlie a ochranu r\u00fak v ter\u00e9ne, \u0161peci\u00e1lne prisp\u00f4soben\u00e9 potreb\u00e1m \u017eien, ktor\u00e9 strie\u013eaj\u00fa. Vystu\u017een\u00e1 dla\u0148ov\u00e1 \u010das\u0165, nastavite\u013en\u00e1 pogumovan\u00e1 z\u00e1p\u00e4stn\u00e1 \u010das\u0165, man\u017eety na zips a elastick\u00fd ukazov\u00e1k poskytuj\u00fa stabiln\u00fd \u00fachop a pohodln\u00fa rukov\u00e4\u0165 sp\u00fa\u0161te pri v\u0161etk\u00fdch aktivit\u00e1ch v pr\u00edrode.<\/p>","protected":false},"featured_media":6151,"comment_status":"open","ping_status":"closed","template":"","meta":[],"product_brand":[],"product_cat":[320],"product_tag":[314,442],"class_list":{"0":"post-6149","1":"product","2":"type-product","3":"status-publish","4":"has-post-thumbnail","6":"product_cat-kiegeszitok","7":"product_tag-deerhunter","8":"product_tag-lady-raven-gloves","10":"first","11":"instock","12":"taxable","13":"shipping-taxable","14":"purchasable","15":"product-type-variable","16":"has-default-attributes"},"jetpack_sharing_enabled":true,"_links":{"self":[{"href":"https:\/\/bestoptika.eu\/sk\/wp-json\/wp\/v2\/product\/6149","targetHints":{"allow":["GET"]}}],"collection":[{"href":"https:\/\/bestoptika.eu\/sk\/wp-json\/wp\/v2\/product"}],"about":[{"href":"https:\/\/bestoptika.eu\/sk\/wp-json\/wp\/v2\/types\/product"}],"replies":[{"embeddable":true,"href":"https:\/\/bestoptika.eu\/sk\/wp-json\/wp\/v2\/comments?post=6149"}],"wp:featuredmedia":[{"embeddable":true,"href":"https:\/\/bestoptika.eu\/sk\/wp-json\/wp\/v2\/media\/6151"}],"wp:attachment":[{"href":"https:\/\/bestoptika.eu\/sk\/wp-json\/wp\/v2\/media?parent=6149"}],"wp:term":[{"taxonomy":"product_brand","embeddable":true,"href":"https:\/\/bestoptika.eu\/sk\/wp-json\/wp\/v2\/product_brand?post=6149"},{"taxonomy":"product_cat","embeddable":true,"href":"https:\/\/bestoptika.eu\/sk\/wp-json\/wp\/v2\/product_cat?post=6149"},{"taxonomy":"product_tag","embeddable":true,"href":"https:\/\/bestoptika.eu\/sk\/wp-json\/wp\/v2\/product_tag?post=6149"}],"curies":[{"name":"wp","href":"https:\/\/api.w.org\/{rel}","templated":true}]}}