{"id":6157,"date":"2025-12-09T06:15:25","date_gmt":"2025-12-09T05:15:25","guid":{"rendered":"https:\/\/bestoptika.eu\/?post_type=product&#038;p=6157"},"modified":"2025-12-09T06:15:25","modified_gmt":"2025-12-09T05:15:25","slug":"deerhunter-merino-wool-socks-art-green-merino-gyapju-vadasz-zokni","status":"publish","type":"product","link":"https:\/\/bestoptika.eu\/sk\/product\/deerhunter-merino-wool-socks-art-green-merino-gyapju-vadasz-zokni\/","title":{"rendered":"Pono\u017eky z merino vlny Deerhunter Art Green loveck\u00e9 pono\u017eky z merino vlny"},"content":{"rendered":"<p>A <strong>Pono\u017eky Deerhunter Merino Wool Art Green unisex loveck\u00e9 pono\u017eky<\/strong> poskytuje celodenn\u00e9 pohodlie, teplo a odolnos\u0165 pre ak\u00e9ko\u013evek loveck\u00e9 dobrodru\u017estvo. Vysok\u00fd obsah merino vlny pom\u00e1ha regulova\u0165 teplotu, odol\u00e1va z\u00e1pachu a poskytuje pocit sucha a pohodlia v premenliv\u00fdch podmienkach. V\u010faka dlhej stopke je ide\u00e1lna pre v\u0161etky typy po\u013eovn\u00edckych top\u00e1nok, frot\u00e9 vn\u00fatorn\u00e1 kon\u0161trukcia poskytuje m\u00e4kkos\u0165 a tlmenie n\u00e1razov, zatia\u013e \u010do rebrovan\u00e1 \u010das\u0165 stielky zabezpe\u010duje stabiln\u00e9 nosenie aj po\u010das dlh\u00fdch vych\u00e1dzok.<\/p>\n<div>\n<h2>Parametre produktu<\/h2>\n<\/div>\n<ul>\n<li>Merino vlna reguluj\u00faca teplo a odoln\u00e1 vo\u010di z\u00e1pachu<\/li>\n<li>Vn\u00fatorn\u00fd frot\u00e9 dizajn pre pohodlie a tlmenie n\u00e1razov<\/li>\n<li>Rebrovan\u00e1 stielka pre bezpe\u010dn\u00fa oporu<\/li>\n<\/ul>","protected":false},"excerpt":{"rendered":"<p>Pono\u017eky Deerhunter Merino Wool Socks Art Green s\u00fa unisexov\u00e9 po\u013eovn\u00edcke pono\u017eky s vysok\u00fdm obsahom merino vlny, ktor\u00e9 s\u00fa termoregula\u010dn\u00e9, odoln\u00e9 vo\u010di z\u00e1pachu a poskytuj\u00fa pocit sucha a pohodlia aj po dlhom nosen\u00ed. Dlh\u00e1 stopka, vn\u00fatorn\u00e9 frot\u00e9 prevedenie a rebrovan\u00e1 stielka poskytuj\u00fa pohodln\u00e9 a stabiln\u00e9 nosenie pre v\u0161etky typy po\u013eovn\u00edckych top\u00e1nok.<\/p>","protected":false},"featured_media":6159,"comment_status":"open","ping_status":"closed","template":"","meta":[],"product_brand":[],"product_cat":[320],"product_tag":[314,446],"class_list":{"0":"post-6157","1":"product","2":"type-product","3":"status-publish","4":"has-post-thumbnail","6":"product_cat-kiegeszitok","7":"product_tag-deerhunter","8":"product_tag-merino-wool-socks","10":"first","11":"instock","12":"taxable","13":"shipping-taxable","14":"purchasable","15":"product-type-variable","16":"has-default-attributes"},"jetpack_sharing_enabled":true,"_links":{"self":[{"href":"https:\/\/bestoptika.eu\/sk\/wp-json\/wp\/v2\/product\/6157","targetHints":{"allow":["GET"]}}],"collection":[{"href":"https:\/\/bestoptika.eu\/sk\/wp-json\/wp\/v2\/product"}],"about":[{"href":"https:\/\/bestoptika.eu\/sk\/wp-json\/wp\/v2\/types\/product"}],"replies":[{"embeddable":true,"href":"https:\/\/bestoptika.eu\/sk\/wp-json\/wp\/v2\/comments?post=6157"}],"wp:featuredmedia":[{"embeddable":true,"href":"https:\/\/bestoptika.eu\/sk\/wp-json\/wp\/v2\/media\/6159"}],"wp:attachment":[{"href":"https:\/\/bestoptika.eu\/sk\/wp-json\/wp\/v2\/media?parent=6157"}],"wp:term":[{"taxonomy":"product_brand","embeddable":true,"href":"https:\/\/bestoptika.eu\/sk\/wp-json\/wp\/v2\/product_brand?post=6157"},{"taxonomy":"product_cat","embeddable":true,"href":"https:\/\/bestoptika.eu\/sk\/wp-json\/wp\/v2\/product_cat?post=6157"},{"taxonomy":"product_tag","embeddable":true,"href":"https:\/\/bestoptika.eu\/sk\/wp-json\/wp\/v2\/product_tag?post=6157"}],"curies":[{"name":"wp","href":"https:\/\/api.w.org\/{rel}","templated":true}]}}