{"id":620,"date":"2024-05-31T05:54:24","date_gmt":"2024-05-31T03:54:24","guid":{"rendered":"https:\/\/bestoptika.eu\/?post_type=product&#038;p=620"},"modified":"2025-06-29T21:25:51","modified_gmt":"2025-06-29T19:25:51","slug":"hikmicro-cheetah-c32f-sl","status":"publish","type":"product","link":"https:\/\/bestoptika.eu\/sk\/product\/hikmicro-cheetah-c32f-sl\/","title":{"rendered":"Hikmicro CHEETAH C32F-S LRF pu\u0161koh\u013ead, no\u010dn\u00fd zameriava\u010d s 850 nm IR pr\u00edsvitom a laserov\u00fdm dia\u013ekomerom"},"content":{"rendered":"<p><span style=\"font-weight: 400\">Hikmicro CHEETAH C32F-S LRF je pokro\u010dil\u00fd pu\u0161koh\u013ead no\u010dn\u00e9ho videnia s infra\u010derven\u00fdm vys\u00fava\u010dom 850 nm a laserov\u00fdm dia\u013ekomerom. M\u00e1 maxim\u00e1lne rozl\u00ed\u0161enie 2560 x 1440 pixelov s 25 Hz obnovovan\u00edm obrazu pre plynul\u00fd obraz. 32 mm objekt\u00edv m\u00e1 clonu F1,2, minim\u00e1lnu ohniskov\u00fa vzdialenos\u0165 3 m, zorn\u00e9 pole 8,1\u00b0 \u00d7 6,1\u00b0 a zorn\u00e9 pole 14,2 m \u00d7 10,7 m na 100 m. M\u00e1 zv\u00e4\u010d\u0161enie 2,7x a\u017e 21,6x (8x) a detek\u010dn\u00fd rozsah a\u017e 400 m. Displej OLED s uhloprie\u010dkou 0,49 palca m\u00e1 rozl\u00ed\u0161enie 1920 x 1080 pixelov, v\u00fdstupn\u00fa pupilu 6 mm, o\u010dn\u00fd reli\u00e9f 45 mm a dioptrick\u00e9 nastavenie od -5D do 3D.<\/span><\/p>\n<table>\n<tbody>\n<tr>\n<td colspan=\"2\"><b>Hlavn\u00e9 funkcie<\/b><\/td>\n<\/tr>\n<tr>\n<td><span style=\"font-weight: 400\">Maxim\u00e1lne rozl\u00ed\u0161enie<\/span><\/td>\n<td><span style=\"font-weight: 400\">2560 x 1440<\/span><\/td>\n<\/tr>\n<tr>\n<td><span style=\"font-weight: 400\">Aktualiz\u00e1cia obr\u00e1zkov<\/span><\/td>\n<td><span style=\"font-weight: 400\">25 Hz<\/span><\/td>\n<\/tr>\n<tr>\n<td><span style=\"font-weight: 400\">\u0160o\u0161ovka<\/span><\/td>\n<td><span style=\"font-weight: 400\">32 mm, F1,2<\/span><\/td>\n<\/tr>\n<tr>\n<td><span style=\"font-weight: 400\">Min. ohniskov\u00e1 vzdialenos\u0165<\/span><\/td>\n<td><span style=\"font-weight: 400\">3m<\/span><\/td>\n<\/tr>\n<tr>\n<td><span style=\"font-weight: 400\">Zorn\u00fd uhol<\/span><\/td>\n<td><span style=\"font-weight: 400\">8,1\u00b0 \u00d7 6,1\u00b0\/ 14,2 m x 10,7 m @ 100 m<\/span><\/td>\n<\/tr>\n<tr>\n<td><span style=\"font-weight: 400\">Zv\u00e4\u010d\u0161i\u0165<\/span><\/td>\n<td><span style=\"font-weight: 400\">2,7x-21,6x (8x)<\/span><\/td>\n<\/tr>\n<tr>\n<td><span style=\"font-weight: 400\">Detek\u010dn\u00e1 vzdialenos\u0165<\/span><\/td>\n<td><span style=\"font-weight: 400\">400m<\/span><\/td>\n<\/tr>\n<tr>\n<td><span style=\"font-weight: 400\">Vlnov\u00e1 d\u013a\u017eka IR odpa\u013eovacieho zariadenia<\/span><\/td>\n<td><span style=\"font-weight: 400\">850 nm<\/span><\/td>\n<\/tr>\n<tr>\n<td colspan=\"2\"><b>Zobrazenie<\/b><\/td>\n<\/tr>\n<tr>\n<td><span style=\"font-weight: 400\">Max. rozl\u00ed\u0161enie<\/span><\/td>\n<td><span style=\"font-weight: 400\">1920 x 1080, 0,49-palcov\u00fd OLED<\/span><\/td>\n<\/tr>\n<tr>\n<td><span style=\"font-weight: 400\">Odch\u00e1dzaj\u00faci \u017eiak<\/span><\/td>\n<td><span style=\"font-weight: 400\">6 mm<\/span><\/td>\n<\/tr>\n<tr>\n<td><span style=\"font-weight: 400\">Eyelines<\/span><\/td>\n<td><span style=\"font-weight: 400\">45 mm<\/span><\/td>\n<\/tr>\n<tr>\n<td><span style=\"font-weight: 400\">Nastavenie dioptri\u00ed<\/span><\/td>\n<td><span style=\"font-weight: 400\">-5D do 3D<\/span><\/td>\n<\/tr>\n<tr>\n<td colspan=\"2\"><b>V\u0161eobecn\u00e9<\/b><\/td>\n<\/tr>\n<tr>\n<td><span style=\"font-weight: 400\">Mechanick\u00e1 ochrana<\/span><\/td>\n<td><span style=\"font-weight: 400\">IP67<\/span><\/td>\n<\/tr>\n<tr>\n<td><span style=\"font-weight: 400\">Hmotnos\u0165<\/span><\/td>\n<td><span style=\"font-weight: 400\">477 g bez objekt\u00edvu a bat\u00e9rie<\/span><\/td>\n<\/tr>\n<tr>\n<td><span style=\"font-weight: 400\">Rozmery<\/span><\/td>\n<td><span style=\"font-weight: 400\">217 mm x 70 mm x 87,2 mm (8,5 \u00d7 2,8 \u00d7 3,4 palca)<\/span><\/td>\n<\/tr>\n<tr>\n<td><span style=\"font-weight: 400\">Prev\u00e1dzkov\u00e1 teplota<\/span><\/td>\n<td><span style=\"font-weight: 400\">-30\u00b0C a\u017e +55\u00b0C<\/span><\/td>\n<\/tr>\n<tr>\n<td colspan=\"2\"><b>Syst\u00e9m<\/b><\/td>\n<\/tr>\n<tr>\n<td><span style=\"font-weight: 400\">Sn\u00edmanie sn\u00edmok<\/span><\/td>\n<td><span style=\"font-weight: 400\">\u00c1no<\/span><\/td>\n<\/tr>\n<tr>\n<td><span style=\"font-weight: 400\">Hotspot<\/span><\/td>\n<td><span style=\"font-weight: 400\">\u00c1no<\/span><\/td>\n<\/tr>\n<tr>\n<td><span style=\"font-weight: 400\">PIP<\/span><\/td>\n<td><span style=\"font-weight: 400\">\u00c1no<\/span><\/td>\n<\/tr>\n<tr>\n<td><span style=\"font-weight: 400\">Pohotovostn\u00fd re\u017eim<\/span><\/td>\n<td><span style=\"font-weight: 400\">\u00c1no<\/span><\/td>\n<\/tr>\n<tr>\n<td><span style=\"font-weight: 400\">Ukladanie<\/span><\/td>\n<td><span style=\"font-weight: 400\">Zabudovan\u00e1 pam\u00e4\u0165 EMMC (64 GB)<\/span><\/td>\n<\/tr>\n<tr>\n<td><span style=\"font-weight: 400\">Zvukov\u00fd z\u00e1znam<\/span><\/td>\n<td><span style=\"font-weight: 400\">\u00c1no<\/span><\/td>\n<\/tr>\n<tr>\n<td colspan=\"2\"><b>Dod\u00e1vka elektrickej energie<\/b><\/td>\n<\/tr>\n<tr>\n<td><span style=\"font-weight: 400\">Bat\u00e9ria<\/span><\/td>\n<td><span style=\"font-weight: 400\">Vymenite\u013en\u00e1 a dob\u00edjate\u013en\u00e1 l\u00edtium-i\u00f3nov\u00e1 bat\u00e9ria<\/span><\/td>\n<\/tr>\n<tr>\n<td><span style=\"font-weight: 400\">Prev\u00e1dzkov\u00e9 hodiny<\/span><\/td>\n<td><span style=\"font-weight: 400\">\u22655,5h <\/span><span style=\"font-weight: 400\">(25 \u00b0C, Wi-Fi vypnut\u00e9)<\/span><\/td>\n<\/tr>\n<tr>\n<td><span style=\"font-weight: 400\">Z\u00e1suvka nab\u00edja\u010dky<\/span><\/td>\n<td><span style=\"font-weight: 400\">5 V DC\/2 A, typ C\u00a0<\/span><\/td>\n<\/tr>\n<tr>\n<td colspan=\"2\"><b>Laserov\u00fd dia\u013ekomer<\/b><\/td>\n<\/tr>\n<tr>\n<td><span style=\"font-weight: 400\">Oddelenie laserovej bezpe\u010dnosti<\/span><\/td>\n<td><span style=\"font-weight: 400\">Trieda 1<\/span><\/td>\n<\/tr>\n<tr>\n<td><span style=\"font-weight: 400\">Vlnov\u00e1 d\u013a\u017eka<\/span><\/td>\n<td><span style=\"font-weight: 400\">905 nm<\/span><\/td>\n<\/tr>\n<tr>\n<td><span style=\"font-weight: 400\">Meranie maxim\u00e1lnej vzdialenosti<\/span><\/td>\n<td><span style=\"font-weight: 400\">1000 m<\/span><\/td>\n<\/tr>\n<tr>\n<td><span style=\"font-weight: 400\">Vzdialenos\u0165 merania<\/span><\/td>\n<td><span style=\"font-weight: 400\">\u00b11m<\/span><\/td>\n<\/tr>\n<tr>\n<td><span style=\"font-weight: 400\">Meranie min. vzdialenosti<\/span><\/td>\n<td><span style=\"font-weight: 400\">10 m<\/span><\/td>\n<\/tr>\n<\/tbody>\n<\/table>\n<p><span style=\"font-weight: 400\">C32F-SL: <\/span><a href=\"https:\/\/www.hikmicrotech.com\/en\/outdoor-products\/cheetah-night-vision-scope\/\"><span style=\"font-weight: 400\">https:\/\/www.hikmicrotech.com\/en\/outdoor-products\/cheetah-night-vision-scope\/<\/span><\/a><\/p>","protected":false},"excerpt":{"rendered":"<ul>\n<li style=\"font-weight: 400\"><span style=\"font-weight: 400\">Infra\u010derven\u00fd pr\u00edsvit: vlnov\u00e1 d\u013a\u017eka 850 nm<\/span><\/li>\n<li style=\"font-weight: 400\"><span style=\"font-weight: 400\">M\u00e1 zabudovan\u00fd laserov\u00fd dia\u013ekomer<\/span><\/li>\n<li style=\"font-weight: 400\"><span style=\"font-weight: 400\">Maxim\u00e1lne rozl\u00ed\u0161enie 2560 x 1440 pixelov<\/span><\/li>\n<li style=\"font-weight: 400\"><span style=\"font-weight: 400\">Obnovovanie obrazu pri 25 Hz, ktor\u00e9 poskytuje plynul\u00fd obraz<\/span><\/li>\n<li style=\"font-weight: 400\"><span style=\"font-weight: 400\">Zorn\u00fd uhol 8,1\u00b0 \u00d7 6,1\u00b0, \u010do predstavuje zorn\u00e9 pole 14,2 m \u00d7 10,7 m na 100 metrov<\/span><\/li>\n<li style=\"font-weight: 400\"><span style=\"font-weight: 400\">Zv\u00e4\u010d\u0161enie 2,7x-21,6x (8x)<\/span><\/li>\n<li style=\"font-weight: 400\"><span style=\"font-weight: 400\">Detek\u010dn\u00e1 vzdialenos\u0165 do 400 metrov<\/span><\/li>\n<li style=\"font-weight: 400\"><span style=\"font-weight: 400\">Displej 0,49-palcov\u00fd OLED s rozl\u00ed\u0161en\u00edm 1920 x 1080<\/span><\/li>\n<\/ul>","protected":false},"featured_media":1631,"comment_status":"open","ping_status":"closed","template":"","meta":[],"product_brand":[],"product_cat":[30],"product_tag":[32,31],"class_list":{"0":"post-620","1":"product","2":"type-product","3":"status-publish","4":"has-post-thumbnail","6":"product_cat-celtavcso","7":"product_tag-celtavcso","8":"product_tag-hikmicro","10":"first","11":"outofstock","12":"sale","13":"taxable","14":"shipping-taxable","15":"purchasable","16":"product-type-simple"},"jetpack_sharing_enabled":true,"_links":{"self":[{"href":"https:\/\/bestoptika.eu\/sk\/wp-json\/wp\/v2\/product\/620","targetHints":{"allow":["GET"]}}],"collection":[{"href":"https:\/\/bestoptika.eu\/sk\/wp-json\/wp\/v2\/product"}],"about":[{"href":"https:\/\/bestoptika.eu\/sk\/wp-json\/wp\/v2\/types\/product"}],"replies":[{"embeddable":true,"href":"https:\/\/bestoptika.eu\/sk\/wp-json\/wp\/v2\/comments?post=620"}],"wp:featuredmedia":[{"embeddable":true,"href":"https:\/\/bestoptika.eu\/sk\/wp-json\/wp\/v2\/media\/1631"}],"wp:attachment":[{"href":"https:\/\/bestoptika.eu\/sk\/wp-json\/wp\/v2\/media?parent=620"}],"wp:term":[{"taxonomy":"product_brand","embeddable":true,"href":"https:\/\/bestoptika.eu\/sk\/wp-json\/wp\/v2\/product_brand?post=620"},{"taxonomy":"product_cat","embeddable":true,"href":"https:\/\/bestoptika.eu\/sk\/wp-json\/wp\/v2\/product_cat?post=620"},{"taxonomy":"product_tag","embeddable":true,"href":"https:\/\/bestoptika.eu\/sk\/wp-json\/wp\/v2\/product_tag?post=620"}],"curies":[{"name":"wp","href":"https:\/\/api.w.org\/{rel}","templated":true}]}}