{"id":6232,"date":"2025-12-05T12:02:23","date_gmt":"2025-12-05T11:02:23","guid":{"rendered":"https:\/\/bestoptika.eu\/?post_type=product&#038;p=6232"},"modified":"2025-12-05T12:02:23","modified_gmt":"2025-12-05T11:02:23","slug":"deerhunter-elbert-padded-shirt-jacket-green-check-belelt-flanel-ingdzseki","status":"publish","type":"product","link":"https:\/\/bestoptika.eu\/sk\/product\/deerhunter-elbert-padded-shirt-jacket-green-check-belelt-flanel-ingdzseki\/","title":{"rendered":"Deerhunter Elbert Polstrovan\u00e1 ko\u0161e\u013eov\u00e1 bunda Green Check Polstrovan\u00e1 flanelov\u00e1 ko\u0161e\u013eov\u00e1 bunda"},"content":{"rendered":"<p>A <strong>Deerhunter Elbert Polstrovan\u00e1 ko\u0161e\u013eov\u00e1 bunda Green Check Polstrovan\u00e1 flanelov\u00e1 ko\u0161e\u013eov\u00e1 bunda<\/strong> kombinuje vzh\u013ead klasickej flanelovej ko\u0161ele s praktickou bundou, ktor\u00fa mo\u017eno pou\u017ei\u0165 aj ako vrchn\u00fa vrstvu. Je vyroben\u00e1 z \u010desanej bavlnenej tkaniny so zateplen\u00edm DEER-TEX\u00ae Temp pre \u013eahk\u00e9 teplo a m\u00e4kk\u00e9 pohodlie, zatia\u013e \u010do pre\u0161\u00edvan\u00fd trup, kontrastn\u00e9 z\u00e1platy na ramen\u00e1ch a lak\u0165och jej dod\u00e1vaj\u00fa v\u00fdrazn\u00fd, robustn\u00fd vzh\u013ead. Zap\u00ednanie na patent vpredu, n\u00e1prsn\u00e9 vreck\u00e1 s chlop\u0148ou a bo\u010dn\u00e9 vreck\u00e1 pon\u00fakaj\u00fa dostatok \u013eahko pr\u00edstupn\u00e9ho \u00falo\u017en\u00e9ho priestoru na ka\u017edodenn\u00e9 pou\u017e\u00edvanie a pr\u00e1cu v pr\u00edrode.<\/p>\n<div>\n<h2>Parametre produktu<\/h2>\n<\/div>\n<ul>\n<li>Pre\u0161\u00edvan\u00e1 flanelov\u00e1 ko\u0161e\u013eov\u00e1 bunda s pod\u0161\u00edvkou<\/li>\n<li>Kontrastn\u00e1 tkanina na ramen\u00e1ch a lak\u0165ov\u00fdch n\u00e1\u0161ivk\u00e1ch<\/li>\n<li>Predn\u00e1 \u010das\u0165 v \u0161t\u00fdle Ing s patentn\u00fdmi gomb\u00edkmi s logom<\/li>\n<li>Dve n\u00e1prsn\u00e9 vreck\u00e1 s chlop\u0148ami<\/li>\n<li>Dve bo\u010dn\u00e9 vreck\u00e1<\/li>\n<\/ul>","protected":false},"excerpt":{"rendered":"<p>Bundu Deerhunter Elbert Padded Shirt Jacket Green Check Padded Flannel Shirt Jacket m\u00f4\u017eete nosi\u0165 ako tepl\u00fa, zateplen\u00fa ko\u0161e\u013eu alebo \u013eahk\u00fa bundu, \u010do v\u00e1m umo\u017en\u00ed flexibilne sa prisp\u00f4sobi\u0165 chladnej\u0161\u00edm d\u0148om a \u00faloh\u00e1m v pr\u00edrode. V\u010faka pohodln\u00e9mu strihu a nen\u00e1padn\u00e9mu kockovan\u00e9mu vzoru sa hod\u00ed na lov, pr\u00e1cu v lese aj be\u017en\u00e9 nosenie vo vo\u013enom \u010dase.<\/p>","protected":false},"featured_media":6234,"comment_status":"open","ping_status":"closed","template":"","meta":[],"product_brand":[],"product_cat":[318],"product_tag":[314,481],"class_list":{"0":"post-6232","1":"product","2":"type-product","3":"status-publish","4":"has-post-thumbnail","6":"product_cat-ingek-es-polok","7":"product_tag-deerhunter","8":"product_tag-elbert-padded-shirt-jacket","10":"first","11":"instock","12":"taxable","13":"shipping-taxable","14":"purchasable","15":"product-type-variable","16":"has-default-attributes"},"jetpack_sharing_enabled":true,"_links":{"self":[{"href":"https:\/\/bestoptika.eu\/sk\/wp-json\/wp\/v2\/product\/6232","targetHints":{"allow":["GET"]}}],"collection":[{"href":"https:\/\/bestoptika.eu\/sk\/wp-json\/wp\/v2\/product"}],"about":[{"href":"https:\/\/bestoptika.eu\/sk\/wp-json\/wp\/v2\/types\/product"}],"replies":[{"embeddable":true,"href":"https:\/\/bestoptika.eu\/sk\/wp-json\/wp\/v2\/comments?post=6232"}],"wp:featuredmedia":[{"embeddable":true,"href":"https:\/\/bestoptika.eu\/sk\/wp-json\/wp\/v2\/media\/6234"}],"wp:attachment":[{"href":"https:\/\/bestoptika.eu\/sk\/wp-json\/wp\/v2\/media?parent=6232"}],"wp:term":[{"taxonomy":"product_brand","embeddable":true,"href":"https:\/\/bestoptika.eu\/sk\/wp-json\/wp\/v2\/product_brand?post=6232"},{"taxonomy":"product_cat","embeddable":true,"href":"https:\/\/bestoptika.eu\/sk\/wp-json\/wp\/v2\/product_cat?post=6232"},{"taxonomy":"product_tag","embeddable":true,"href":"https:\/\/bestoptika.eu\/sk\/wp-json\/wp\/v2\/product_tag?post=6232"}],"curies":[{"name":"wp","href":"https:\/\/api.w.org\/{rel}","templated":true}]}}