{"id":6240,"date":"2025-12-05T12:15:43","date_gmt":"2025-12-05T11:15:43","guid":{"rendered":"https:\/\/bestoptika.eu\/?post_type=product&#038;p=6240"},"modified":"2025-12-05T12:15:43","modified_gmt":"2025-12-05T11:15:43","slug":"deerhunter-heat-game-jacket-realtree-max-7-futheto-vadaszkabat","status":"publish","type":"product","link":"https:\/\/bestoptika.eu\/sk\/product\/deerhunter-heat-game-jacket-realtree-max-7-futheto-vadaszkabat\/","title":{"rendered":"Vyhrievate\u013en\u00e1 po\u013eovn\u00edcka bunda Deerhunter Heat REALTREE MAX-7\u00ae"},"content":{"rendered":"<p>A <strong>Vyhrievate\u013en\u00e1 po\u013eovn\u00edcka bunda Deerhunter Heat REALTREE MAX-7\u00ae<\/strong> ur\u010den\u00e9 pre t\u00fdch, ktor\u00ed od svojho zariadenia o\u010dak\u00e1vaj\u00fa vysok\u00fa \u00farove\u0148 pohodlia a funk\u010dnosti. Bunda m\u00e1 integrovan\u00fd syst\u00e9m vyhrievania, ktor\u00fd udr\u017eiava pr\u00edjemn\u00fa teplotu za ka\u017ed\u00e9ho po\u010dasia. Trojstup\u0148ov\u00e9 vyhrievanie mo\u017eno ovl\u00e1da\u0165 jedin\u00fdm tla\u010didlom vo vrecku na hrudi, pri\u010dom vyhrievacie prvky s\u00fa umiestnen\u00e9 na prednej a zadnej strane bundy. Kombin\u00e1cia integrovan\u00e9ho vyhrievania a vetracieho zipsu v podpazu\u0161\u00ed umo\u017e\u0148uje nastavi\u0165 teplotu pod\u013ea va\u0161ich potrieb.<\/p>\n<p>Bunda Heat Game je vyroben\u00e1 z m\u00e4kkej tkaniny, ktor\u00e1 odv\u00e1dza vlhkos\u0165, aby ste sa \u010do najviac pribl\u00ed\u017eili k hre. Dvojcestn\u00fd zips v prednej \u010dasti umo\u017e\u0148uje v\u00e4\u010d\u0161iu vo\u013enos\u0165 pohybu, zatia\u013e \u010do po\u010detn\u00e9 funk\u010dn\u00e9 vreck\u00e1 poskytuj\u00fa \u013eahk\u00fd pr\u00edstup ku v\u0161etk\u00e9mu v\u00e1\u0161mu nevyhnutn\u00e9mu vybaveniu. Ve\u013ek\u00e9 predn\u00e9 boxov\u00e9 vreck\u00e1 a vreck\u00e1 na ruky maj\u00fa magnetick\u00e9 zap\u00ednanie, n\u00e1prsn\u00e9 vreck\u00e1 maj\u00fa skryt\u00e9 zipsy a ve\u013ek\u00e9 zadn\u00e9 vrecko m\u00e1 klopu, magnetick\u00e9 zap\u00ednanie a odn\u00edmate\u013en\u00fa bezpe\u010dnostn\u00fa vestu. Bunda je vybaven\u00e1 odn\u00edmate\u013enou kapuc\u0148ou, nastavite\u013en\u00fdmi man\u017eetami na such\u00fd zips, man\u017eetami proti b\u00farke a spodn\u00fdm lemom nastavite\u013en\u00fdm \u0161n\u00farkou pre dokonal\u00e9 prisp\u00f4sobenie.<\/p>\n<div>\n<h2>Parametre produktu<\/h2>\n<\/div>\n<ul>\n<li>M\u00e4kk\u00fd a proti\u0161mykov\u00fd materi\u00e1l<\/li>\n<li>Odn\u00edmate\u013en\u00e1 kapuc\u0148a<\/li>\n<li>Dvojcestn\u00fd zips vpredu v strede<\/li>\n<li>Dve n\u00e1prsn\u00e9 vreck\u00e1 so skryt\u00fdm zipsom<\/li>\n<li>Napoleonova kapsa<\/li>\n<li>Dve vreck\u00e1 na zahriatie r\u00fak so zap\u00ednan\u00edm na zips<\/li>\n<li>Dve predn\u00e9 vreck\u00e1 s chlop\u0148ami, magnetick\u00e9 zap\u00ednanie<\/li>\n<li>Zipsy pod bokmi na vetranie<\/li>\n<li>Nastavite\u013en\u00e1 \u0161pi\u010dka prsta s popruhom a such\u00fdm zipsom<\/li>\n<li>Okovy proti b\u00farke<\/li>\n<li>Tri vn\u00fatorn\u00e9 vreck\u00e1<\/li>\n<li>Ve\u013ek\u00e9 zadn\u00e9 vrecko s chlop\u0148ou, magnetick\u00e9 zap\u00ednanie, vr\u00e1tane odn\u00edmate\u013enej bezpe\u010dnostnej vesty<\/li>\n<li>Nastavite\u013en\u00fd spodn\u00fd okraj so \u0161n\u00farkou<\/li>\n<li>Vn\u00fatorn\u00e9 vetracie otvory zo sie\u0165oviny<\/li>\n<li>Integrovan\u00fd vykurovac\u00ed syst\u00e9m<\/li>\n<li>Tla\u010didlo ON\/OFF v pravom prednom vrecku<\/li>\n<li>Tri \u00farovne vykurovania<\/li>\n<li>Vyhrievacie prvky: dva vpredu, jeden v hornej \u010dasti chrbta<\/li>\n<li>Mo\u017eno pra\u0165 v pr\u00e1\u010dke<\/li>\n<li>Powerbank nie je s\u00fa\u010das\u0165ou balenia<\/li>\n<li>Odpor\u00fa\u010da sa pou\u017e\u00edva\u0165 powerbank s kapacitou 10 000 mAh<\/li>\n<\/ul>","protected":false},"excerpt":{"rendered":"<p>Vyhrievan\u00e1 po\u013eovn\u00edcka bunda Deerhunter Heat Game Jacket REALTREE MAX-7\u00ae m\u00e1 nastavite\u013en\u00e9 vyhrievanie, tich\u00fd materi\u00e1l a premyslen\u00fd dizajn vreciek, ktor\u00fd z nej rob\u00ed skvel\u00e9ho spolo\u010dn\u00edka na dlh\u00e9 a chladn\u00e9 po\u013eova\u010dky. Odn\u00edmate\u013en\u00e1 bezpe\u010dnostn\u00e1 vesta, vetracie zipsy a prec\u00edzne nastavite\u013en\u00fd strih poskytuj\u00fa pohodlie, bezpe\u010dnos\u0165 a funk\u010dnos\u0165 v ter\u00e9ne.<\/p>","protected":false},"featured_media":6242,"comment_status":"open","ping_status":"closed","template":"","meta":[],"product_brand":[],"product_cat":[319],"product_tag":[314,485],"class_list":{"0":"post-6240","1":"product","2":"type-product","3":"status-publish","4":"has-post-thumbnail","6":"product_cat-kabatok-es-puloverek","7":"product_tag-deerhunter","8":"product_tag-heat-game-jacket","10":"first","11":"instock","12":"taxable","13":"shipping-taxable","14":"purchasable","15":"product-type-variable","16":"has-default-attributes"},"jetpack_sharing_enabled":true,"_links":{"self":[{"href":"https:\/\/bestoptika.eu\/sk\/wp-json\/wp\/v2\/product\/6240","targetHints":{"allow":["GET"]}}],"collection":[{"href":"https:\/\/bestoptika.eu\/sk\/wp-json\/wp\/v2\/product"}],"about":[{"href":"https:\/\/bestoptika.eu\/sk\/wp-json\/wp\/v2\/types\/product"}],"replies":[{"embeddable":true,"href":"https:\/\/bestoptika.eu\/sk\/wp-json\/wp\/v2\/comments?post=6240"}],"wp:featuredmedia":[{"embeddable":true,"href":"https:\/\/bestoptika.eu\/sk\/wp-json\/wp\/v2\/media\/6242"}],"wp:attachment":[{"href":"https:\/\/bestoptika.eu\/sk\/wp-json\/wp\/v2\/media?parent=6240"}],"wp:term":[{"taxonomy":"product_brand","embeddable":true,"href":"https:\/\/bestoptika.eu\/sk\/wp-json\/wp\/v2\/product_brand?post=6240"},{"taxonomy":"product_cat","embeddable":true,"href":"https:\/\/bestoptika.eu\/sk\/wp-json\/wp\/v2\/product_cat?post=6240"},{"taxonomy":"product_tag","embeddable":true,"href":"https:\/\/bestoptika.eu\/sk\/wp-json\/wp\/v2\/product_tag?post=6240"}],"curies":[{"name":"wp","href":"https:\/\/api.w.org\/{rel}","templated":true}]}}