{"id":6253,"date":"2025-12-05T12:45:42","date_gmt":"2025-12-05T11:45:42","guid":{"rendered":"https:\/\/bestoptika.eu\/?post_type=product&#038;p=6253"},"modified":"2025-12-05T12:45:42","modified_gmt":"2025-12-05T11:45:42","slug":"deerhunter-eagle-winter-jacket-realtree-edge-orange-teli-vadaszkabat","status":"publish","type":"product","link":"https:\/\/bestoptika.eu\/sk\/product\/deerhunter-eagle-winter-jacket-realtree-edge-orange-teli-vadaszkabat\/","title":{"rendered":"Zimn\u00e1 bunda Deerhunter Eagle REALTREE EDGE\u00ae ORANGE zimn\u00e1 loveck\u00e1 bunda"},"content":{"rendered":"<p>A <strong>Zimn\u00e1 bunda Deerhunter Eagle REALTREE EDGE\u00ae ORANGE zimn\u00e1 loveck\u00e1 bunda<\/strong> \u0161peci\u00e1lne navrhnut\u00e9 pre modern\u00e9ho po\u013eovn\u00edka, ide\u00e1lne na spolo\u010densk\u00e9 po\u013eova\u010dky. Efekt\u00edvny maskovac\u00ed vzor REALTREE EDGE\u00ae Orange rozb\u00edja \u013eudsk\u00fa siluetu svoj\u00edm usporiadan\u00edm pr\u00edrodn\u00fdch prvkov, zatia\u013e \u010do jasn\u00e1 oran\u017eov\u00e1 farba rob\u00ed po\u013eovn\u00edka dobre vidite\u013en\u00fdm v jeho okol\u00ed. Zimn\u00e1 bunda Eagle Jacket s membr\u00e1nou Deer-Tex\u00ae Performance Shell odolnou vo\u010di vetru a vode poskytuje pr\u00edjemn\u00fa vn\u00fatorn\u00fa kl\u00edmu za ka\u017ed\u00e9ho po\u010dasia, zatia\u013e \u010do kombin\u00e1cia priedu\u0161nej sie\u0165oviny a pre\u0161\u00edvanej pod\u0161\u00edvky poskytuje spo\u013eahliv\u00e9 teplo po\u010das dlh\u00fdch chladn\u00fdch hod\u00edn. Do \u010diasto\u010dne odn\u00edmate\u013en\u00e9ho, \u013eahko um\u00fdvate\u013en\u00e9ho, vodeodoln\u00e9ho vrecka na chrbtov\u00fa v\u00fdpl\u0148 mo\u017eno umiestni\u0165 aj sedac\u00ed vank\u00fa\u0161, zatia\u013e \u010do vrecko Napoleon, vreck\u00e1 na ruku a viacero vn\u00fatorn\u00fdch vreciek na zips pon\u00fakaj\u00fa dostato\u010dn\u00fd a bezpe\u010dn\u00fd \u00falo\u017en\u00fd priestor pre v\u0161etku va\u0161u nevyhnutn\u00fa v\u00fdbavu.<\/p>\n<div>\n<h2>Parametre produktu<\/h2>\n<\/div>\n<ul>\n<li>Umel\u00e9 semi\u0161ov\u00e9 ozdoby<\/li>\n<li>Odn\u00edmate\u013en\u00e1 kapuc\u0148a<\/li>\n<li>Dvojcestn\u00fd zips YKK na prednej strednej \u010dasti<\/li>\n<li>Vrecko na r\u00e1dio na \u013eavej strane<\/li>\n<li>Pru\u017en\u00fd popruh na upevnenie ant\u00e9ny<\/li>\n<li>Popruh na upevnenie r\u00e1dia<\/li>\n<li>Napoleonova kapsa<\/li>\n<li>Dve vreck\u00e1 na zahriatie r\u00fak so skryt\u00fdm zipsom<\/li>\n<li>Dve predn\u00e9 vreck\u00e1 s chlop\u0148ami<\/li>\n<li>\u010eal\u0161ie bo\u010dn\u00e9 vrecko na predn\u00fdch vreck\u00e1ch<\/li>\n<li>Predtvarovan\u00e9 kolen\u00e1<\/li>\n<li>Rebrovan\u00fd pas na koncoch prstov<\/li>\n<li>Nastavite\u013en\u00e1 na prstoch v spodnej \u010dasti pomocou remienka a patentu<\/li>\n<li>Bo\u010dn\u00fd zips pre v\u00e4\u010d\u0161ie pohodlie<\/li>\n<li>Vodotesn\u00e9, \u013eahko um\u00fdvate\u013en\u00e9 vrecko na zadnom \u010dal\u00fanen\u00ed, odn\u00edmate\u013en\u00e9 z troch str\u00e1n<\/li>\n<li>Do vrecka na \u010dal\u00fanenie sa zmest\u00ed aj vank\u00fa\u0161 na sedenie<\/li>\n<li>Dve vn\u00fatorn\u00e9 vreck\u00e1 na zips<\/li>\n<li>Dve vn\u00fatorn\u00e9 sie\u0165ovan\u00e9 vreck\u00e1 so zap\u00ednan\u00edm na zips<\/li>\n<li>Kombin\u00e1cia priedu\u0161nej sie\u0165oviny a pre\u0161\u00edvanej pod\u0161\u00edvky<\/li>\n<li>Vn\u00fatorn\u00e1 stuha s logom<\/li>\n<\/ul>","protected":false},"excerpt":{"rendered":"<p>Zimn\u00e1 po\u013eovn\u00edcka bunda Deerhunter Eagle Winter Jacket REALTREE EDGE\u00ae ORANGE s efektn\u00fdm maskovac\u00edm vzorom, vetru a vode odolnou membr\u00e1nou a premyslen\u00fdm dizajnom vreciek bude va\u0161\u00edm spo\u013eahliv\u00fdm spolo\u010dn\u00edkom na lovoch v chladnom po\u010das\u00ed. V\u010faka vynikaj\u00facej vidite\u013enosti a pohodln\u00e9mu, tepl\u00e9mu noseniu ju odpor\u00fa\u010dame najm\u00e4 na spolo\u010densk\u00e9 po\u013eova\u010dky a v\u0161etky outdoorov\u00e9 aktivity v chladnom po\u010das\u00ed.<\/p>","protected":false},"featured_media":6256,"comment_status":"open","ping_status":"closed","template":"","meta":[],"product_brand":[],"product_cat":[319],"product_tag":[314,489],"class_list":{"0":"post-6253","1":"product","2":"type-product","3":"status-publish","4":"has-post-thumbnail","6":"product_cat-kabatok-es-puloverek","7":"product_tag-deerhunter","8":"product_tag-eagle-winter-jacket","10":"first","11":"instock","12":"taxable","13":"shipping-taxable","14":"purchasable","15":"product-type-variable","16":"has-default-attributes"},"jetpack_sharing_enabled":true,"_links":{"self":[{"href":"https:\/\/bestoptika.eu\/sk\/wp-json\/wp\/v2\/product\/6253","targetHints":{"allow":["GET"]}}],"collection":[{"href":"https:\/\/bestoptika.eu\/sk\/wp-json\/wp\/v2\/product"}],"about":[{"href":"https:\/\/bestoptika.eu\/sk\/wp-json\/wp\/v2\/types\/product"}],"replies":[{"embeddable":true,"href":"https:\/\/bestoptika.eu\/sk\/wp-json\/wp\/v2\/comments?post=6253"}],"wp:featuredmedia":[{"embeddable":true,"href":"https:\/\/bestoptika.eu\/sk\/wp-json\/wp\/v2\/media\/6256"}],"wp:attachment":[{"href":"https:\/\/bestoptika.eu\/sk\/wp-json\/wp\/v2\/media?parent=6253"}],"wp:term":[{"taxonomy":"product_brand","embeddable":true,"href":"https:\/\/bestoptika.eu\/sk\/wp-json\/wp\/v2\/product_brand?post=6253"},{"taxonomy":"product_cat","embeddable":true,"href":"https:\/\/bestoptika.eu\/sk\/wp-json\/wp\/v2\/product_cat?post=6253"},{"taxonomy":"product_tag","embeddable":true,"href":"https:\/\/bestoptika.eu\/sk\/wp-json\/wp\/v2\/product_tag?post=6253"}],"curies":[{"name":"wp","href":"https:\/\/api.w.org\/{rel}","templated":true}]}}