{"id":6258,"date":"2025-12-05T12:51:32","date_gmt":"2025-12-05T11:51:32","guid":{"rendered":"https:\/\/bestoptika.eu\/?post_type=product&#038;p=6258"},"modified":"2026-01-14T11:41:09","modified_gmt":"2026-01-14T10:41:09","slug":"deerhunter-heat-padded-jacket-wood-futheto-steppelt-vadaszkabat","status":"publish","type":"product","link":"https:\/\/bestoptika.eu\/sk\/product\/deerhunter-heat-padded-jacket-wood-futheto-steppelt-vadaszkabat\/","title":{"rendered":"Deerhunter Heat Padded Jacket Dreven\u00e1 vyhrievan\u00e1 pre\u0161\u00edvan\u00e1 loveck\u00e1 bunda"},"content":{"rendered":"<p>A <strong>Deerhunter Heat Padded Jacket Dreven\u00e1 vyhrievan\u00e1 pre\u0161\u00edvan\u00e1 loveck\u00e1 bunda<\/strong> kombinuje modern\u00e9 pou\u017eitie materi\u00e1lov, funk\u010dn\u00fd dizajn a pokro\u010dil\u00fa textiln\u00fa technol\u00f3giu, aby po\u013eovn\u00edkovi poskytla optim\u00e1lne pohodlie a teplo v \u010dase potreby. Ako s\u00fa\u010das\u0165 radu DEERHUNTER HEAT je vybaven\u00e1 inteligentn\u00fdm integrovan\u00fdm syst\u00e9mom vyhrievania, ktor\u00fd sa aktivuje \u013eahko dostupn\u00fdm tla\u010didlom ON\/OFF v n\u00e1prsnom vrecku, so zabudovanou LED di\u00f3dou na indik\u00e1ciu \u00farovne vyhrievania. Powerbank je z praktick\u00fdch d\u00f4vodov \u013eahko odn\u00edmate\u013en\u00fd, tak\u017ee bundu mo\u017eno pra\u0165 v pr\u00e1\u010dke. Pre\u0161\u00edvan\u00e9 zateplen\u00e9 panely na prednej strane, chrbte a ruk\u00e1voch a dvojcestn\u00e9 elastick\u00e9 vlo\u017eky zabezpe\u010duj\u00fa dobr\u00e9 udr\u017eanie tepla a v\u00e4\u010d\u0161iu vo\u013enos\u0165 pohybu v chladn\u00fdch, ale priazniv\u00fdch po\u013eovn\u00edckych podmienkach.<\/p>\n<div>\n<h2>Parametre produktu<\/h2>\n<\/div>\n<ul>\n<li>Pre\u0161\u00edvan\u00e9 predn\u00e9, zadn\u00e9 a ruk\u00e1vov\u00e9 segmenty<\/li>\n<li>Pru\u017en\u00e9 vlo\u017eky z kontrastn\u00e9ho materi\u00e1lu pre v\u00e4\u010d\u0161ie pohodlie<\/li>\n<li>N\u00e1prsn\u00e9 vrecko na zips<\/li>\n<li>Dve predn\u00e9 vreck\u00e1 na zips<\/li>\n<li>Dve vn\u00fatorn\u00e9 vreck\u00e1<\/li>\n<li>Elastick\u00e1 p\u00e1ska na leme pri krku, na koncoch ruk\u00e1vov a na spodnom okraji<\/li>\n<li>Integrovan\u00fd vykurovac\u00ed syst\u00e9m<\/li>\n<li>Tla\u010didlo ON\/OFF v n\u00e1prsnom vrecku<\/li>\n<li>Tri \u00farovne vykurovania<\/li>\n<li>Vykurovacie teles\u00e1: dve vpredu, jedno vzadu<\/li>\n<li>Mo\u017eno pra\u0165 v pr\u00e1\u010dke<\/li>\n<li>Powerbank nie je s\u00fa\u010das\u0165ou balenia<\/li>\n<li>Odpor\u00fa\u010da sa pou\u017e\u00edva\u0165 powerbank s kapacitou 5 000 mAh<\/li>\n<\/ul>","protected":false},"excerpt":{"rendered":"<p>Vyhrievan\u00e1 pre\u0161\u00edvan\u00e1 po\u013eovn\u00edcka bunda Deerhunter Heat Padded Jacket Wood poskytuje spo\u013eahliv\u00e9 teplo v chladnom po\u010das\u00ed v\u010faka nastavite\u013en\u00e9mu vyhrievaniu a zateplen\u00e9mu, flexibiln\u00e9mu dizajnu. V\u010faka \u013eahkej, pohodlnej kon\u0161trukcii a praktick\u00fdm vreck\u00e1m sa v\u00fdborne pou\u017e\u00edva samostatne alebo vo vrstv\u00e1ch pri akt\u00edvnom love a in\u00fdch aktivit\u00e1ch v pr\u00edrode.<\/p>","protected":false},"featured_media":6261,"comment_status":"open","ping_status":"closed","template":"","meta":[],"product_brand":[],"product_cat":[319],"product_tag":[314,491],"class_list":{"0":"post-6258","1":"product","2":"type-product","3":"status-publish","4":"has-post-thumbnail","6":"product_cat-kabatok-es-puloverek","7":"product_tag-deerhunter","8":"product_tag-heat-padded-jacket","10":"first","11":"instock","12":"taxable","13":"shipping-taxable","14":"purchasable","15":"product-type-variable","16":"has-default-attributes"},"jetpack_sharing_enabled":true,"_links":{"self":[{"href":"https:\/\/bestoptika.eu\/sk\/wp-json\/wp\/v2\/product\/6258","targetHints":{"allow":["GET"]}}],"collection":[{"href":"https:\/\/bestoptika.eu\/sk\/wp-json\/wp\/v2\/product"}],"about":[{"href":"https:\/\/bestoptika.eu\/sk\/wp-json\/wp\/v2\/types\/product"}],"replies":[{"embeddable":true,"href":"https:\/\/bestoptika.eu\/sk\/wp-json\/wp\/v2\/comments?post=6258"}],"wp:featuredmedia":[{"embeddable":true,"href":"https:\/\/bestoptika.eu\/sk\/wp-json\/wp\/v2\/media\/6261"}],"wp:attachment":[{"href":"https:\/\/bestoptika.eu\/sk\/wp-json\/wp\/v2\/media?parent=6258"}],"wp:term":[{"taxonomy":"product_brand","embeddable":true,"href":"https:\/\/bestoptika.eu\/sk\/wp-json\/wp\/v2\/product_brand?post=6258"},{"taxonomy":"product_cat","embeddable":true,"href":"https:\/\/bestoptika.eu\/sk\/wp-json\/wp\/v2\/product_cat?post=6258"},{"taxonomy":"product_tag","embeddable":true,"href":"https:\/\/bestoptika.eu\/sk\/wp-json\/wp\/v2\/product_tag?post=6258"}],"curies":[{"name":"wp","href":"https:\/\/api.w.org\/{rel}","templated":true}]}}