{"id":6338,"date":"2025-12-05T16:09:09","date_gmt":"2025-12-05T15:09:09","guid":{"rendered":"https:\/\/bestoptika.eu\/?post_type=product&#038;p=6338"},"modified":"2025-12-05T16:09:09","modified_gmt":"2025-12-05T15:09:09","slug":"deerhunter-excape-softshell-trousers-art-green-softshell-vadasznadrag","status":"publish","type":"product","link":"https:\/\/bestoptika.eu\/sk\/product\/deerhunter-excape-softshell-trousers-art-green-softshell-vadasznadrag\/","title":{"rendered":"Deerhunter Excape Softshellov\u00e9 nohavice Art Green Softshellov\u00e9 nohavice na lov"},"content":{"rendered":"<p>A <strong>Deerhunter Excape Softshellov\u00e9 nohavice Art Green Softshellov\u00e9 nohavice na lov<\/strong> m\u00e1 elastick\u00fd p\u00e1s a odn\u00edmate\u013en\u00e9 \u0161le pre pohodln\u00e9 a bezpe\u010dn\u00e9 nosenie. Je navrhnut\u00e1 tak, aby pri outdoorov\u00fdch aktivit\u00e1ch ni\u010d neprek\u00e1\u017ealo, a pon\u00faka cel\u00fd rad premyslen\u00fdch \u00falo\u017en\u00fdch rie\u0161en\u00ed: dve predn\u00e9 vreck\u00e1 s vodoodpudiv\u00fdmi zipsami, dve ergonomick\u00e9 stehenn\u00e9 vreck\u00e1 s vodoodpudiv\u00fdmi zipsami, vrecko na n\u00f4\u017e ukryt\u00e9 v \u013eavom stehennom vrecku a zadn\u00e9 vrecko s vodoodpudiv\u00fdm zipsom. Vodoodpudiv\u00fd zips na zadnej strane nohav\u00edc zabezpe\u010duje vetranie, priestor pre kolenn\u00e9 chr\u00e1ni\u010de na predtvarovan\u00fdch kolen\u00e1ch a elastick\u00e9 vystu\u017eenie na sedacej \u010dasti, kolen\u00e1ch a spodnej \u010dasti nohav\u00edc pre zv\u00fd\u0161en\u00fa ochranu a odolnos\u0165. Nastavite\u013en\u00e9 zakon\u010denie predstavca s gumov\u00fdm p\u00e1sikom a such\u00fdm zipsom na spodnej \u010dasti nohy zvy\u0161uje funk\u010dnos\u0165. Nohavice s\u00fa m\u00e4kk\u00e9 a bez \u0161vov a kombin\u00e1cia nepremokav\u00fdch a nepremokav\u00fdch l\u00e1tkov\u00fdch vlo\u017eiek zais\u0165uje vysok\u00fa priedu\u0161nos\u0165 a pohodlie.<\/p>\n<div>\n<h2>Parametre produktu<\/h2>\n<\/div>\n<ul>\n<li>M\u00e4kk\u00fd a proti\u0161mykov\u00fd materi\u00e1l<\/li>\n<li>Elastick\u00fd p\u00e1s<\/li>\n<li>Odn\u00edmate\u013en\u00e9 podv\u00e4zky<\/li>\n<li>Dve predn\u00e9 vreck\u00e1 s vodoodpudiv\u00fdm zipsom<\/li>\n<li>Dve ergonomick\u00e9 stehenn\u00e9 vreck\u00e1 s vodoodpudiv\u00fdm zipsom<\/li>\n<li>Skryt\u00e9 vrecko na n\u00f4\u017e v \u013eavom stehennom vrecku<\/li>\n<li>Zadn\u00e9 vrecko s vodoodpudiv\u00fdm zipsom<\/li>\n<li>Vodoodpudiv\u00fd zips na zadnej nohavici na vetranie<\/li>\n<li>Predtvarovan\u00e9 kolen\u00e1 s priestorom na kolenn\u00e9 chr\u00e1ni\u010de<\/li>\n<li>Pru\u017en\u00e9 vystu\u017eenie sedadla, kolien a dolnej \u010dasti nohy<\/li>\n<li>Nastavite\u013en\u00fd koniec stopky s gumov\u00fdm p\u00e1sikom a such\u00fdm zipsom<\/li>\n<li>Vlo\u017eky z nepremokavej a nepremokavej tkaniny pre vysok\u00fa priedu\u0161nos\u0165 a pohodlie<\/li>\n<\/ul>","protected":false},"excerpt":{"rendered":"<p>Deerhunter Excape Softshell Trousers Art Green s\u00fa m\u00e4kk\u00e9, priedu\u0161n\u00e9 a priedu\u0161n\u00e9 po\u013eovn\u00edcke nohavice ur\u010den\u00e9 na akt\u00edvny lov a intenz\u00edvne pou\u017e\u00edvanie v pr\u00edrode. Ich pru\u017en\u00e9, zosilnen\u00e9 z\u00f3ny a vodoodpudiv\u00e9 vreck\u00e1 na zips poskytuj\u00fa spo\u013eahliv\u00fa ochranu a praktick\u00e9 \u00falo\u017en\u00e9 priestory v r\u00f4znom ter\u00e9ne a v r\u00f4znych poveternostn\u00fdch podmienkach.<\/p>","protected":false},"featured_media":6340,"comment_status":"open","ping_status":"closed","template":"","meta":[],"product_brand":[],"product_cat":[322],"product_tag":[314,519],"class_list":{"0":"post-6338","1":"product","2":"type-product","3":"status-publish","4":"has-post-thumbnail","6":"product_cat-nadragok","7":"product_tag-deerhunter","8":"product_tag-excape-softshell-trousers","10":"first","11":"instock","12":"taxable","13":"shipping-taxable","14":"purchasable","15":"product-type-variable","16":"has-default-attributes"},"jetpack_sharing_enabled":true,"_links":{"self":[{"href":"https:\/\/bestoptika.eu\/sk\/wp-json\/wp\/v2\/product\/6338","targetHints":{"allow":["GET"]}}],"collection":[{"href":"https:\/\/bestoptika.eu\/sk\/wp-json\/wp\/v2\/product"}],"about":[{"href":"https:\/\/bestoptika.eu\/sk\/wp-json\/wp\/v2\/types\/product"}],"replies":[{"embeddable":true,"href":"https:\/\/bestoptika.eu\/sk\/wp-json\/wp\/v2\/comments?post=6338"}],"wp:featuredmedia":[{"embeddable":true,"href":"https:\/\/bestoptika.eu\/sk\/wp-json\/wp\/v2\/media\/6340"}],"wp:attachment":[{"href":"https:\/\/bestoptika.eu\/sk\/wp-json\/wp\/v2\/media?parent=6338"}],"wp:term":[{"taxonomy":"product_brand","embeddable":true,"href":"https:\/\/bestoptika.eu\/sk\/wp-json\/wp\/v2\/product_brand?post=6338"},{"taxonomy":"product_cat","embeddable":true,"href":"https:\/\/bestoptika.eu\/sk\/wp-json\/wp\/v2\/product_cat?post=6338"},{"taxonomy":"product_tag","embeddable":true,"href":"https:\/\/bestoptika.eu\/sk\/wp-json\/wp\/v2\/product_tag?post=6338"}],"curies":[{"name":"wp","href":"https:\/\/api.w.org\/{rel}","templated":true}]}}