{"id":6342,"date":"2025-12-05T16:15:00","date_gmt":"2025-12-05T15:15:00","guid":{"rendered":"https:\/\/bestoptika.eu\/?post_type=product&#038;p=6342"},"modified":"2025-12-05T16:15:01","modified_gmt":"2025-12-05T15:15:01","slug":"deerhunter-lady-ann-trousers-bronze-noi-outdoor-nadrag","status":"publish","type":"product","link":"https:\/\/bestoptika.eu\/sk\/product\/deerhunter-lady-ann-trousers-bronze-noi-outdoor-nadrag\/","title":{"rendered":"D\u00e1mske outdoorov\u00e9 nohavice Deerhunter Lady Ann Trousers Bronze"},"content":{"rendered":"<p>A <strong>D\u00e1mske outdoorov\u00e9 nohavice Deerhunter Lady Ann Trousers Bronze<\/strong> \u0161t\u00fdlov\u00fd a v\u0161estrann\u00fd k\u00fasok z kolekcie Lady Ann s elastick\u00fdmi vsadkami, ktor\u00e9 poskytuj\u00fa vynikaj\u00facu vo\u013enos\u0165 pohybu a pohodln\u00e9 nosenie. Nohavice maj\u00fa certifik\u00e1t OEKO-TEX, ktor\u00fd potvrdzuje, \u017ee v\u00fdrobok bol testovan\u00fd a schv\u00e1len\u00fd pod\u013ea noriem OEKO-TEX.<\/p>\n<div>\n<h2>Parametre produktu<\/h2>\n<\/div>\n<ul>\n<li>Elastick\u00fd p\u00e1s<\/li>\n<li>Dve predn\u00e9 vreck\u00e1<\/li>\n<li>Plisovan\u00e9 vreck\u00e1 na stehne so skryt\u00fdm zipsom<\/li>\n<li>Vrecko na n\u00f4\u017e v \u013eavom stehennom vrecku<\/li>\n<li>Zadn\u00e9 vrecko na zips<\/li>\n<li>Predtvarovan\u00fd \u0161tvorcov\u00fd profil<\/li>\n<li>Vlo\u017eky z pru\u017en\u00e9ho materi\u00e1lu na zv\u00fd\u0161enie mobility<\/li>\n<li>Nastavite\u013en\u00fd koniec stopky s popruhom a such\u00fdm zipsom<\/li>\n<\/ul>","protected":false},"excerpt":{"rendered":"<p>Nohavice Deerhunter Lady Ann Bronze s\u00fa pohodln\u00e9, pru\u017en\u00e9 outdoorov\u00e9 nohavice na turistiku, lov a ka\u017edodenn\u00e9 aktivity v pr\u00edrode. V\u010faka funk\u010dn\u00e9mu dizajnu vreciek a elastick\u00fdm vsadk\u00e1m sa dobre prisp\u00f4sobia akt\u00edvnemu pou\u017e\u00edvaniu a z\u00e1rove\u0148 si zachov\u00e1vaj\u00fa \u017eensk\u00fd, uhladen\u00fd vzh\u013ead.<\/p>","protected":false},"featured_media":6351,"comment_status":"open","ping_status":"closed","template":"","meta":[],"product_brand":[],"product_cat":[322],"product_tag":[314,521],"class_list":{"0":"post-6342","1":"product","2":"type-product","3":"status-publish","4":"has-post-thumbnail","6":"product_cat-nadragok","7":"product_tag-deerhunter","8":"product_tag-lady-ann-trousers","10":"first","11":"instock","12":"taxable","13":"shipping-taxable","14":"purchasable","15":"product-type-variable","16":"has-default-attributes"},"jetpack_sharing_enabled":true,"_links":{"self":[{"href":"https:\/\/bestoptika.eu\/sk\/wp-json\/wp\/v2\/product\/6342","targetHints":{"allow":["GET"]}}],"collection":[{"href":"https:\/\/bestoptika.eu\/sk\/wp-json\/wp\/v2\/product"}],"about":[{"href":"https:\/\/bestoptika.eu\/sk\/wp-json\/wp\/v2\/types\/product"}],"replies":[{"embeddable":true,"href":"https:\/\/bestoptika.eu\/sk\/wp-json\/wp\/v2\/comments?post=6342"}],"wp:featuredmedia":[{"embeddable":true,"href":"https:\/\/bestoptika.eu\/sk\/wp-json\/wp\/v2\/media\/6351"}],"wp:attachment":[{"href":"https:\/\/bestoptika.eu\/sk\/wp-json\/wp\/v2\/media?parent=6342"}],"wp:term":[{"taxonomy":"product_brand","embeddable":true,"href":"https:\/\/bestoptika.eu\/sk\/wp-json\/wp\/v2\/product_brand?post=6342"},{"taxonomy":"product_cat","embeddable":true,"href":"https:\/\/bestoptika.eu\/sk\/wp-json\/wp\/v2\/product_cat?post=6342"},{"taxonomy":"product_tag","embeddable":true,"href":"https:\/\/bestoptika.eu\/sk\/wp-json\/wp\/v2\/product_tag?post=6342"}],"curies":[{"name":"wp","href":"https:\/\/api.w.org\/{rel}","templated":true}]}}