{"id":6363,"date":"2025-12-05T16:33:16","date_gmt":"2025-12-05T15:33:16","guid":{"rendered":"https:\/\/bestoptika.eu\/?post_type=product&#038;p=6363"},"modified":"2025-12-05T16:33:16","modified_gmt":"2025-12-05T15:33:16","slug":"deerhunter-mens-performance-underwear-set-forest-night-ferfi-technikai-alaoltozet-szett","status":"publish","type":"product","link":"https:\/\/bestoptika.eu\/sk\/product\/deerhunter-mens-performance-underwear-set-forest-night-ferfi-technikai-alaoltozet-szett\/","title":{"rendered":"Deerhunter P\u00e1nska s\u00faprava technick\u00e9ho spodn\u00e9ho pr\u00e1dla Forest Night P\u00e1nska s\u00faprava technick\u00e9ho spodn\u00e9ho pr\u00e1dla"},"content":{"rendered":"<p>A <strong>Deerhunter P\u00e1nska s\u00faprava technick\u00e9ho spodn\u00e9ho pr\u00e1dla Forest Night P\u00e1nska s\u00faprava technick\u00e9ho spodn\u00e9ho pr\u00e1dla<\/strong> je rovnako d\u00f4le\u017eit\u00fd ako v\u00fdber spr\u00e1vneho vrchn\u00e9ho oble\u010denia. Bez\u0161vov\u00e1 kon\u0161trukcia tejto super\u013eahkej s\u00fapravy je mimoriadne m\u00e4kk\u00e1, v\u010faka \u010domu je jej nosenie mimoriadne pohodln\u00e9. R\u00f4zne \u0161trukt\u00fary pleten\u00fdch panelov zabezpe\u010duj\u00fa cielen\u00e9 vetranie v oblastiach n\u00e1chyln\u00fdch na prehrievanie, \u010do vedie k dobr\u00e9mu pr\u00fadeniu vzduchu. Spodn\u00e1 bielize\u0148 r\u00fdchlo schne, ke\u010f je vystaven\u00e1 vlhkosti.<\/p>\n<div>\n<h2>Parametre produktu<\/h2>\n<\/div>\n<ul>\n<li>R\u00f4zne \u0161trukt\u00fary pleten\u00fdch panelov pre vy\u0161\u0161\u00ed komfort<\/li>\n<li>Vetracie z\u00f3ny v oblastiach n\u00e1chyln\u00fdch na prehriatie<\/li>\n<li>Ergonomick\u00fd dizajn pre maxim\u00e1lnu vo\u013enos\u0165 pohybu<\/li>\n<li>Bezprobl\u00e9mov\u00e9 pohodlie bez trenia<\/li>\n<li>Priedu\u0161nos\u0165 a odvod vlhkosti<\/li>\n<li>Extr\u00e9mne m\u00e4kk\u00e9<\/li>\n<li>\u013dahk\u00e1 kon\u0161trukcia<\/li>\n<\/ul>","protected":false},"excerpt":{"rendered":"<p>P\u00e1nska s\u00faprava spodn\u00e9ho pr\u00e1dla Deerhunter Performance Forest Night je \u013eahk\u00e1, mimoriadne m\u00e4kk\u00e1 a priedu\u0161n\u00e1 spodn\u00e1 vrstva na akt\u00edvny lov a in\u00e9 intenz\u00edvne outdoorov\u00e9 aktivity. Jej ergonomick\u00fd, bez\u0161vov\u00fd dizajn a r\u00fdchloschn\u00faca tkanina zaru\u010duj\u00fa pohodlie pri celodennom nosen\u00ed.<\/p>","protected":false},"featured_media":6366,"comment_status":"open","ping_status":"closed","template":"","meta":[],"product_brand":[],"product_cat":[320],"product_tag":[314,527],"class_list":{"0":"post-6363","1":"product","2":"type-product","3":"status-publish","4":"has-post-thumbnail","6":"product_cat-kiegeszitok","7":"product_tag-deerhunter","8":"product_tag-mens-performance-underwear-set","10":"first","11":"instock","12":"taxable","13":"shipping-taxable","14":"purchasable","15":"product-type-variable","16":"has-default-attributes"},"jetpack_sharing_enabled":true,"_links":{"self":[{"href":"https:\/\/bestoptika.eu\/sk\/wp-json\/wp\/v2\/product\/6363","targetHints":{"allow":["GET"]}}],"collection":[{"href":"https:\/\/bestoptika.eu\/sk\/wp-json\/wp\/v2\/product"}],"about":[{"href":"https:\/\/bestoptika.eu\/sk\/wp-json\/wp\/v2\/types\/product"}],"replies":[{"embeddable":true,"href":"https:\/\/bestoptika.eu\/sk\/wp-json\/wp\/v2\/comments?post=6363"}],"wp:featuredmedia":[{"embeddable":true,"href":"https:\/\/bestoptika.eu\/sk\/wp-json\/wp\/v2\/media\/6366"}],"wp:attachment":[{"href":"https:\/\/bestoptika.eu\/sk\/wp-json\/wp\/v2\/media?parent=6363"}],"wp:term":[{"taxonomy":"product_brand","embeddable":true,"href":"https:\/\/bestoptika.eu\/sk\/wp-json\/wp\/v2\/product_brand?post=6363"},{"taxonomy":"product_cat","embeddable":true,"href":"https:\/\/bestoptika.eu\/sk\/wp-json\/wp\/v2\/product_cat?post=6363"},{"taxonomy":"product_tag","embeddable":true,"href":"https:\/\/bestoptika.eu\/sk\/wp-json\/wp\/v2\/product_tag?post=6363"}],"curies":[{"name":"wp","href":"https:\/\/api.w.org\/{rel}","templated":true}]}}