{"id":6381,"date":"2025-12-06T07:16:16","date_gmt":"2025-12-06T06:16:16","guid":{"rendered":"https:\/\/bestoptika.eu\/?post_type=product&#038;p=6381"},"modified":"2025-12-06T07:16:16","modified_gmt":"2025-12-06T06:16:16","slug":"deerhunter-quinn-merino-long-johns-black-oak-merino-alaoltozet-alsonadrag","status":"publish","type":"product","link":"https:\/\/bestoptika.eu\/sk\/product\/deerhunter-quinn-merino-long-johns-black-oak-merino-alaoltozet-alsonadrag\/","title":{"rendered":"Deerhunter Quinn Merino Long Johns Black Oak merino spodn\u00e1 bielize\u0148 spodky"},"content":{"rendered":"<p>A <strong>Deerhunter Quinn Merino Long Johns Black Oak merino spodn\u00e1 bielize\u0148 spodky<\/strong> m\u00e4kk\u00e9, pohodln\u00e9 na nosenie, s merino vlnou 100% na vonkaj\u0161ej strane a pr\u00edrodnou visk\u00f3zou (bambusom) na vn\u00fatornej strane. V\u010faka termoregula\u010dn\u00fdm vlastnostiam a prirodzen\u00fdm antibakteri\u00e1lnym vlastnostiam je ide\u00e1lna ako z\u00e1kladn\u00e1 vrstva v chladnom po\u010das\u00ed a v kombin\u00e1cii s charakteristickou dvojsmernou elastickou tkaninou DEERHUNTER poskytuje vynikaj\u00facu vo\u013enos\u0165 pohybu po\u010das akt\u00edvneho pou\u017e\u00edvania.<\/p>\n<div>\n<h2>Parametre produktu<\/h2>\n<\/div>\n<ul>\n<li>Vonkaj\u0161ia strana: 100% merino vlna<\/li>\n<li>Vn\u00fatorn\u00e1 strana: 100% visk\u00f3za (bambus)<\/li>\n<li>M\u00e4kk\u00e9, pohodln\u00e9 nosenie<\/li>\n<li>Udr\u017euje teplo v chladnom po\u010das\u00ed<\/li>\n<li>Pr\u00edrodn\u00e9 antibakteri\u00e1lne vlastnosti<\/li>\n<\/ul>","protected":false},"excerpt":{"rendered":"<p>Spodn\u00e1 bielize\u0148 Deerhunter Quinn Merino Long Johns Black Oak Merino Long Johns Merino poskytuje vynikaj\u00facu termoregul\u00e1ciu a pohodln\u00fa z\u00e1kladn\u00fa vrstvu na zimn\u00fd lov a in\u00e9 outdoorov\u00e9 aktivity. Jeho zlo\u017eenie z pr\u00edrodnej tkaniny a elastick\u00fd dizajn poskytuj\u00fa pr\u00edjemn\u00fd pocit pri dlh\u0161om nosen\u00ed a z\u00e1rove\u0148 \u00fa\u010dinne chr\u00e1nia telo pred ochladen\u00edm.<\/p>","protected":false},"featured_media":6384,"comment_status":"open","ping_status":"closed","template":"","meta":[],"product_brand":[],"product_cat":[323],"product_tag":[314,533],"class_list":{"0":"post-6381","1":"product","2":"type-product","3":"status-publish","4":"has-post-thumbnail","6":"product_cat-termo-ruhak","7":"product_tag-deerhunter","8":"product_tag-quinn-merino-long-johns","10":"first","11":"instock","12":"taxable","13":"shipping-taxable","14":"purchasable","15":"product-type-variable","16":"has-default-attributes"},"jetpack_sharing_enabled":true,"_links":{"self":[{"href":"https:\/\/bestoptika.eu\/sk\/wp-json\/wp\/v2\/product\/6381","targetHints":{"allow":["GET"]}}],"collection":[{"href":"https:\/\/bestoptika.eu\/sk\/wp-json\/wp\/v2\/product"}],"about":[{"href":"https:\/\/bestoptika.eu\/sk\/wp-json\/wp\/v2\/types\/product"}],"replies":[{"embeddable":true,"href":"https:\/\/bestoptika.eu\/sk\/wp-json\/wp\/v2\/comments?post=6381"}],"wp:featuredmedia":[{"embeddable":true,"href":"https:\/\/bestoptika.eu\/sk\/wp-json\/wp\/v2\/media\/6384"}],"wp:attachment":[{"href":"https:\/\/bestoptika.eu\/sk\/wp-json\/wp\/v2\/media?parent=6381"}],"wp:term":[{"taxonomy":"product_brand","embeddable":true,"href":"https:\/\/bestoptika.eu\/sk\/wp-json\/wp\/v2\/product_brand?post=6381"},{"taxonomy":"product_cat","embeddable":true,"href":"https:\/\/bestoptika.eu\/sk\/wp-json\/wp\/v2\/product_cat?post=6381"},{"taxonomy":"product_tag","embeddable":true,"href":"https:\/\/bestoptika.eu\/sk\/wp-json\/wp\/v2\/product_tag?post=6381"}],"curies":[{"name":"wp","href":"https:\/\/api.w.org\/{rel}","templated":true}]}}