{"id":6427,"date":"2025-12-08T22:40:36","date_gmt":"2025-12-08T21:40:36","guid":{"rendered":"https:\/\/bestoptika.eu\/?post_type=product&#038;p=6427"},"modified":"2025-12-15T11:41:49","modified_gmt":"2025-12-15T10:41:49","slug":"hikmicro-habrok-pro-lezeres-ir-megvilagito-910nm","status":"publish","type":"product","link":"https:\/\/bestoptika.eu\/sk\/product\/hikmicro-habrok-pro-lezeres-ir-megvilagito-910nm\/","title":{"rendered":"Hikmicro HABROK PRO pr\u00edsvit 910nm"},"content":{"rendered":"<p><strong>Hikmicro HABROK PRO pr\u00edsvit 910nm<\/strong><\/p>\n<p><strong data-start=\"0\" data-end=\"168\">Tento laserov\u00fd IR pr\u00edsvit je v\u00fdkonnej\u0161ou alternat\u00edvou k p\u00f4vodn\u00e9mu LED pr\u00edsvitu pre binokul\u00e1re Habrok (modely s vymenite\u013en\u00fdm osvet\u013eova\u010dom).<\/strong><br data-start=\"168\" data-end=\"171\" \/>Zlep\u0161uje vidite\u013enos\u0165 v n\u00e1ro\u010dn\u00fdch podmienkach v\u010faka vy\u0161\u0161ej intenzite a dlh\u0161iemu dosahu. Jednoduch\u00e1 v\u00fdmena - sta\u010d\u00ed odskrutkova\u0165 tov\u00e1rensk\u00fd LED pr\u00edsvit a vlo\u017ei\u0165 laserov\u00fa jednotku.<\/p>\n<table dir=\"ltr\" style=\"width: 369px\" border=\"1\" cellspacing=\"0\" cellpadding=\"0\" data-sheets-root=\"1\" data-sheets-baot=\"1\">\n<colgroup>\n<col width=\"73\" \/>\n<col width=\"80\" \/>\n<col width=\"24\" \/><\/colgroup>\n<tbody>\n<tr style=\"height: 24px\">\n<td style=\"width: 145.425px;height: 24px\">\n<div>\n<div>Vlastn\u00edctvo<\/div>\n<\/div>\n<\/td>\n<td style=\"width: 114.425px;height: 24px\">940 nm<\/td>\n<td style=\"width: 102.75px;height: 24px\">\n<div>\n<div>810 nm<\/div>\n<\/div>\n<\/td>\n<\/tr>\n<tr style=\"height: 24px\">\n<td style=\"width: 145.425px;height: 24px\">Rozsah<\/td>\n<td style=\"width: 114.425px;height: 24px\">300 m<\/td>\n<td style=\"width: 102.75px;height: 24px\">\n<div>\n<div>350 m<\/div>\n<\/div>\n<\/td>\n<\/tr>\n<tr style=\"height: 24px\">\n<td style=\"width: 145.425px;height: 24px\">Hmotnos\u0165<\/td>\n<td style=\"width: 114.425px;height: 24px\">22g<\/td>\n<td style=\"width: 102.75px;height: 24px\"><\/td>\n<\/tr>\n<\/tbody>\n<\/table>","protected":false},"excerpt":{"rendered":"<p><strong data-start=\"0\" data-end=\"78\" data-is-only-node=\"\">Vymenite\u013en\u00fd laserov\u00fd IR pr\u00edsvit pre multispektr\u00e1lne binokul\u00e1re HABROK.<\/strong><br data-start=\"78\" data-end=\"81\" \/><strong data-start=\"81\" data-end=\"97\">Vlnov\u00e1 d\u013a\u017eka:<\/strong> 940 \/ 810 nm<br data-start=\"110\" data-end=\"113\" \/><strong data-start=\"113\" data-end=\"130\">Rozsah:<\/strong> 300 \/ 350 m<\/p>","protected":false},"featured_media":6428,"comment_status":"open","ping_status":"closed","template":"","meta":[],"product_brand":[],"product_cat":[231,148],"product_tag":[134,232,31,542],"class_list":{"0":"post-6427","1":"product","2":"type-product","3":"status-publish","4":"has-post-thumbnail","6":"product_cat-tartozek","7":"product_cat-infraveto","8":"product_tag-fenyveto","9":"product_tag-habrok","10":"product_tag-hikmicro","11":"product_tag-tartozek","13":"first","14":"instock","15":"taxable","16":"shipping-taxable","17":"purchasable","18":"product-type-simple"},"jetpack_sharing_enabled":true,"_links":{"self":[{"href":"https:\/\/bestoptika.eu\/sk\/wp-json\/wp\/v2\/product\/6427","targetHints":{"allow":["GET"]}}],"collection":[{"href":"https:\/\/bestoptika.eu\/sk\/wp-json\/wp\/v2\/product"}],"about":[{"href":"https:\/\/bestoptika.eu\/sk\/wp-json\/wp\/v2\/types\/product"}],"replies":[{"embeddable":true,"href":"https:\/\/bestoptika.eu\/sk\/wp-json\/wp\/v2\/comments?post=6427"}],"wp:featuredmedia":[{"embeddable":true,"href":"https:\/\/bestoptika.eu\/sk\/wp-json\/wp\/v2\/media\/6428"}],"wp:attachment":[{"href":"https:\/\/bestoptika.eu\/sk\/wp-json\/wp\/v2\/media?parent=6427"}],"wp:term":[{"taxonomy":"product_brand","embeddable":true,"href":"https:\/\/bestoptika.eu\/sk\/wp-json\/wp\/v2\/product_brand?post=6427"},{"taxonomy":"product_cat","embeddable":true,"href":"https:\/\/bestoptika.eu\/sk\/wp-json\/wp\/v2\/product_cat?post=6427"},{"taxonomy":"product_tag","embeddable":true,"href":"https:\/\/bestoptika.eu\/sk\/wp-json\/wp\/v2\/product_tag?post=6427"}],"curies":[{"name":"wp","href":"https:\/\/api.w.org\/{rel}","templated":true}]}}