{"id":6438,"date":"2025-12-08T22:55:22","date_gmt":"2025-12-08T21:55:22","guid":{"rendered":"https:\/\/bestoptika.eu\/?post_type=product&#038;p=6438"},"modified":"2026-01-13T18:45:42","modified_gmt":"2026-01-13T17:45:42","slug":"hikmicro-habrok-pro-akkumulatortolto","status":"publish","type":"product","link":"https:\/\/bestoptika.eu\/sk\/product\/hikmicro-habrok-pro-akkumulatortolto\/","title":{"rendered":"Nab\u00edja\u010dka bat\u00e9ri\u00ed Hikmicro HABROK PRO"},"content":{"rendered":"<p><strong>Nab\u00edja\u010dka bat\u00e9ri\u00ed Hikmicro HABROK PRO<\/strong><\/p>\n<p data-start=\"0\" data-end=\"223\">Kompaktn\u00e1 a v\u00fdkonn\u00e1 nab\u00edja\u010dka Hikmicro dok\u00e1\u017ee nab\u00edja\u0165 a\u017e dve bat\u00e9rie Habrok PRO s\u00fa\u010dasne. M\u00e1 LED indik\u00e1tor nab\u00edjania, tak\u017ee \u013eahko zist\u00edte, kedy s\u00fa bat\u00e9rie plne nabit\u00e9.<\/p>\n<p data-start=\"225\" data-end=\"244\" data-is-last-node=\"\" data-is-only-node=\"\"><strong data-start=\"225\" data-end=\"244\" data-is-last-node=\"\">Technick\u00e9 \u00fadaje:<\/strong><\/p>\n<div>\n<table dir=\"ltr\" style=\"width: 534px\" border=\"1\" cellspacing=\"0\" cellpadding=\"0\" data-sheets-root=\"1\" data-sheets-baot=\"1\">\n<colgroup>\n<col width=\"140\" \/>\n<col width=\"73\" \/><\/colgroup>\n<tbody>\n<tr>\n<td style=\"width: 246.1px\">Vlastn\u00edctvo<\/td>\n<td style=\"width: 283.1px\">Hodnota<\/td>\n<\/tr>\n<tr>\n<td style=\"width: 246.1px\">Vstupn\u00e9 nap\u00e4tie<\/td>\n<td style=\"width: 283.1px\">\n<div>\n<div>100-240 V \/ 1,6 A<\/div>\n<\/div>\n<\/td>\n<\/tr>\n<tr>\n<td style=\"width: 246.1px\">V\u00fdstupn\u00e9 nap\u00e4tie<\/td>\n<td style=\"width: 283.1px\">\n<div>\n<div>20 V \/ 3,25 A<\/div>\n<\/div>\n<\/td>\n<\/tr>\n<tr>\n<td style=\"width: 246.1px\">Hmotnos\u0165<\/td>\n<td style=\"width: 283.1px\">350 g<\/td>\n<\/tr>\n<tr>\n<td style=\"width: 246.1px\">Rozmery<\/td>\n<td style=\"width: 283.1px\">\n<div>\n<div>130 \u00d7 68 \u00d7 39 mm<\/div>\n<\/div>\n<\/td>\n<\/tr>\n<\/tbody>\n<\/table>\n<p data-start=\"0\" data-end=\"22\"><strong data-start=\"0\" data-end=\"22\">Obsah balenia:<\/strong><\/p>\n<ul>\n<li data-start=\"26\" data-end=\"44\">Nab\u00edja\u010dka bat\u00e9ri\u00ed<\/li>\n<li data-start=\"26\" data-end=\"44\">1 nap\u00e1jac\u00ed k\u00e1bel<\/li>\n<li data-start=\"65\" data-end=\"114\">4 medzin\u00e1rodn\u00e9 nap\u00e1jacie adapt\u00e9ry (USA, UK, E\u00da, AU)<\/li>\n<\/ul>\n<\/div>","protected":false},"excerpt":{"rendered":"<article class=\"text-token-text-primary w-full focus:outline-none [--shadow-height:45px] has-data-writing-block:pointer-events-none has-data-writing-block:-mt-(--shadow-height) has-data-writing-block:pt-(--shadow-height) [&amp;:has([data-writing-block])&gt;*]:pointer-events-auto scroll-mt-[calc(var(--header-height)+min(200px,max(70px,20svh)))]\" dir=\"auto\" data-turn-id=\"request-WEB:54df9281-890e-409e-bc94-42282d816c38-18\" data-testid=\"conversation-turn-38\" data-scroll-anchor=\"false\" data-turn=\"assistant\">\n<div class=\"text-base my-auto mx-auto [--thread-content-margin:--spacing(4)] @w-sm\/main:[--thread-content-margin:--spacing(6)] @w-lg\/main:[--thread-content-margin:--spacing(16)] px-(--thread-content-margin)\">\n<div class=\"[--thread-content-max-width:40rem] @w-lg\/main:[--thread-content-max-width:48rem] mx-auto max-w-(--thread-content-max-width) flex-1 group\/turn-messages focus-visible:outline-hidden relative flex w-full min-w-0 flex-col agent-turn\" tabindex=\"-1\">\n<div class=\"flex max-w-full flex-col grow\">\n<div class=\"min-h-8 text-message relative flex w-full flex-col items-end gap-2 text-start break-words whitespace-normal [.text-message+&amp;]:mt-1\" dir=\"auto\" data-message-author-role=\"assistant\" data-message-id=\"34789a52-d3c9-4608-86f0-5bb47982821a\" data-message-model-slug=\"gpt-5-1\">\n<div class=\"flex w-full flex-col gap-1 empty:hidden first:pt-[1px]\">\n<div class=\"markdown prose dark:prose-invert w-full break-words light markdown-new-styling\">\n<p data-start=\"0\" data-end=\"72\" data-is-last-node=\"\" data-is-only-node=\"\"><strong data-start=\"0\" data-end=\"72\" data-is-last-node=\"\" data-is-only-node=\"\">K\u00e9t akkumul\u00e1toros Hikmicro t\u00f6lt\u0151 a Habrok PRO sorozat k\u00e9sz\u00fcl\u00e9keihez.<\/strong><\/p>\n<\/div>\n<\/div>\n<\/div>\n<\/div>\n<\/div>\n<\/div>\n<\/article>\n","protected":false},"featured_media":6439,"comment_status":"open","ping_status":"closed","template":"","meta":[],"product_brand":[],"product_cat":[128],"product_tag":[232,31,130],"class_list":{"0":"post-6438","1":"product","2":"type-product","3":"status-publish","4":"has-post-thumbnail","6":"product_cat-tolto","7":"product_tag-habrok","8":"product_tag-hikmicro","9":"product_tag-tolto","11":"first","12":"instock","13":"sale","14":"taxable","15":"shipping-taxable","16":"purchasable","17":"product-type-simple"},"jetpack_sharing_enabled":true,"_links":{"self":[{"href":"https:\/\/bestoptika.eu\/sk\/wp-json\/wp\/v2\/product\/6438","targetHints":{"allow":["GET"]}}],"collection":[{"href":"https:\/\/bestoptika.eu\/sk\/wp-json\/wp\/v2\/product"}],"about":[{"href":"https:\/\/bestoptika.eu\/sk\/wp-json\/wp\/v2\/types\/product"}],"replies":[{"embeddable":true,"href":"https:\/\/bestoptika.eu\/sk\/wp-json\/wp\/v2\/comments?post=6438"}],"wp:featuredmedia":[{"embeddable":true,"href":"https:\/\/bestoptika.eu\/sk\/wp-json\/wp\/v2\/media\/6439"}],"wp:attachment":[{"href":"https:\/\/bestoptika.eu\/sk\/wp-json\/wp\/v2\/media?parent=6438"}],"wp:term":[{"taxonomy":"product_brand","embeddable":true,"href":"https:\/\/bestoptika.eu\/sk\/wp-json\/wp\/v2\/product_brand?post=6438"},{"taxonomy":"product_cat","embeddable":true,"href":"https:\/\/bestoptika.eu\/sk\/wp-json\/wp\/v2\/product_cat?post=6438"},{"taxonomy":"product_tag","embeddable":true,"href":"https:\/\/bestoptika.eu\/sk\/wp-json\/wp\/v2\/product_tag?post=6438"}],"curies":[{"name":"wp","href":"https:\/\/api.w.org\/{rel}","templated":true}]}}