{"id":6511,"date":"2025-12-11T17:50:00","date_gmt":"2025-12-11T16:50:00","guid":{"rendered":"https:\/\/bestoptika.eu\/?post_type=product&#038;p=6511"},"modified":"2025-12-11T18:15:38","modified_gmt":"2025-12-11T17:15:38","slug":"deerhunter-rogaland-fiber-pile-barna-ferfi-polardzseki","status":"publish","type":"product","link":"https:\/\/bestoptika.eu\/sk\/product\/deerhunter-rogaland-fiber-pile-barna-ferfi-polardzseki\/","title":{"rendered":"Deerhunter Rogaland Fiber Pile hned\u00e1 p\u00e1nska pol\u00e1rna bunda"},"content":{"rendered":"<p>A <strong>Deerhunter Rogaland Fiber Pile hned\u00e1 p\u00e1nska pol\u00e1rna bunda<\/strong> v\u010faka svojmu hrejiv\u00e9mu a pohodln\u00e9mu dizajnu ur\u010dite nebudete sklaman\u00ed. Zaru\u010duje vysok\u00fa vo\u013enos\u0165 pohybu. Elegantn\u00fd dizajn a modernos\u0165 zaru\u010duj\u00fa hlavn\u00fd predn\u00fd zips, dve predn\u00e9 vreck\u00e1 na zips a n\u00e1prsn\u00e9 vrecko. S bundou Rogaland Fiber Pile Jacket m\u00e1te zaru\u010den\u00fd pohodln\u00fd lov alebo prech\u00e1dzku v pr\u00edrode. Zaru\u010den\u00e1 spokojnos\u0165 pri jej nosen\u00ed.<\/p>\n<div>\n<h2>Popis produktu<\/h2>\n<\/div>\n<ul>\n<li><strong>Rozmery:<\/strong> S - 4XL<\/li>\n<li><strong>Farba:<\/strong> \u010dokol\u00e1dovo hned\u00e1<\/li>\n<li><strong>Vonkaj\u0161\u00ed materi\u00e1l:<\/strong> 100% polyester<\/li>\n<li><strong>Kontrastn\u00e9 m\u00e9dium:<\/strong> 7% elastan \/ 69% polyester \/ 24% visk\u00f3za<\/li>\n<li><strong>Oblo\u017eenie:<\/strong> 96% polyester \/ 4% elastan<\/li>\n<li><strong>Visk\u00f3za<\/strong> - pr\u00edrodn\u00fd materi\u00e1l vyroben\u00fd z celul\u00f3zov\u00fdch vl\u00e1kien. Zaru\u010duje pr\u00edjemn\u00fd pocit bez potreby v\u00fdplne. To je v\u00fdhoda najm\u00e4 v lete.<\/li>\n<\/ul>\n<h2>Parametre produktu<\/h2>\n<ul>\n<li>Predn\u00fd zips na zap\u00ednanie<\/li>\n<li>N\u00e1prsn\u00e9 vrecko na zips<\/li>\n<li>Dve predn\u00e9 vreck\u00e1 na zips<\/li>\n<li>Pru\u017en\u00fd golier<\/li>\n<li>Man\u017eety vpredu, uprostred a dole<\/li>\n<li>Kombin\u00e1cia tkaniny bundy a stre\u010dovej tkaniny<\/li>\n<li>Vn\u00fatorn\u00e1 elastick\u00e1 pod\u0161\u00edvka s dvoma v\u00e4\u010d\u0161\u00edmi vreckami<\/li>\n<\/ul>","protected":false},"excerpt":{"rendered":"<p>P\u00e1nska pol\u00e1rna bunda Deerhunter Rogaland Fiber Pile Chocolate Brown je tepl\u00e1, m\u00e4kk\u00e1 a pohodln\u00e1 na nosenie, pon\u00faka ve\u013ek\u00fa vo\u013enos\u0165 pohybu pri ka\u017edodennom pou\u017e\u00edvan\u00ed a love. V\u010faka praktick\u00fdm vreck\u00e1m na zips a pru\u017en\u00e9mu dizajnu je ide\u00e1lnou vo\u013ebou na prech\u00e1dzky do pr\u00edrody a akt\u00edvne aktivity v pr\u00edrode.<\/p>","protected":false},"featured_media":6520,"comment_status":"open","ping_status":"closed","template":"","meta":[],"product_brand":[],"product_cat":[319],"product_tag":[314,555],"class_list":{"0":"post-6511","1":"product","2":"type-product","3":"status-publish","4":"has-post-thumbnail","6":"product_cat-kabatok-es-puloverek","7":"product_tag-deerhunter","8":"product_tag-rogaland-fiber-pile-jacket","10":"first","11":"instock","12":"taxable","13":"shipping-taxable","14":"purchasable","15":"product-type-variable","16":"has-default-attributes"},"jetpack_sharing_enabled":true,"_links":{"self":[{"href":"https:\/\/bestoptika.eu\/sk\/wp-json\/wp\/v2\/product\/6511","targetHints":{"allow":["GET"]}}],"collection":[{"href":"https:\/\/bestoptika.eu\/sk\/wp-json\/wp\/v2\/product"}],"about":[{"href":"https:\/\/bestoptika.eu\/sk\/wp-json\/wp\/v2\/types\/product"}],"replies":[{"embeddable":true,"href":"https:\/\/bestoptika.eu\/sk\/wp-json\/wp\/v2\/comments?post=6511"}],"wp:featuredmedia":[{"embeddable":true,"href":"https:\/\/bestoptika.eu\/sk\/wp-json\/wp\/v2\/media\/6520"}],"wp:attachment":[{"href":"https:\/\/bestoptika.eu\/sk\/wp-json\/wp\/v2\/media?parent=6511"}],"wp:term":[{"taxonomy":"product_brand","embeddable":true,"href":"https:\/\/bestoptika.eu\/sk\/wp-json\/wp\/v2\/product_brand?post=6511"},{"taxonomy":"product_cat","embeddable":true,"href":"https:\/\/bestoptika.eu\/sk\/wp-json\/wp\/v2\/product_cat?post=6511"},{"taxonomy":"product_tag","embeddable":true,"href":"https:\/\/bestoptika.eu\/sk\/wp-json\/wp\/v2\/product_tag?post=6511"}],"curies":[{"name":"wp","href":"https:\/\/api.w.org\/{rel}","templated":true}]}}