{"id":6623,"date":"2025-12-12T07:55:49","date_gmt":"2025-12-12T06:55:49","guid":{"rendered":"https:\/\/bestoptika.eu\/?post_type=product&#038;p=6623"},"modified":"2025-12-12T07:55:49","modified_gmt":"2025-12-12T06:55:49","slug":"deerhunter-heat-game-wood-futheto-kabat","status":"publish","type":"product","link":"https:\/\/bestoptika.eu\/sk\/product\/deerhunter-heat-game-wood-futheto-kabat\/","title":{"rendered":"Deerhunter Heat Game - Bunda s vyhrievan\u00edm"},"content":{"rendered":"<p>A <strong>Deerhunter Heat Game - Bunda s vyhrievan\u00edm<\/strong> ide\u00e1lna vyhrievan\u00e1 vrchn\u00e1 vrstva pre ka\u017ed\u00e9ho po\u013eovn\u00edka, ktor\u00fd si zaklad\u00e1 na vysokej \u00farovni pohodlia a funk\u010dnosti, najm\u00e4 po\u010das zimn\u00fdch mesiacov. O tom, \u017ee t\u00e1to verzia bundy je tou spr\u00e1vnou vo\u013ebou, sved\u010d\u00ed aj fakt, \u017ee je vybaven\u00e1 zabudovanou funkciou vyhrievania. Ide o trojstup\u0148ov\u00fa funkciu vyhrievania, ktor\u00fa mo\u017eno jednoducho regulova\u0165 pomocou ovl\u00e1da\u010da v n\u00e1prsnom vrecku. Stla\u010den\u00edm ovl\u00e1da\u010da sa automaticky spust\u00ed vyhrievanie prvkov na prednej a zadnej strane bundy. Kombin\u00e1cia vyhrievania a ventila\u010dn\u00fdch zipsov v podpazu\u0161\u00ed spolu dokonale spolupracuj\u00fa. Spolo\u010dne vytv\u00e1raj\u00fa regul\u00e1ciu teploty. S\u00fa\u010das\u0165ou bundy je aj dob\u00edjacia Powerbank s kapacitou 10 000 mAh \/ 37 Wh. Na v\u00fdrobu tejto bundy bola pou\u017eit\u00e1 kvalitn\u00e1, odoln\u00e1, ale mimoriadne tich\u00e1 tkanina, ktor\u00e1 po\u010das pohybu lovca nevyd\u00e1va \u017eiadny hluk. Bundu mo\u017eno zaisti\u0165 pomocou dvojcestn\u00e9ho zipsu. Vonkaj\u0161ia \u010das\u0165 bundy je spolu s vn\u00fatornou \u010das\u0165ou vybaven\u00e1 mno\u017estvom praktick\u00fdch vreciek s magnetick\u00fdm zap\u00ednan\u00edm. V zadnom vrecku sa nach\u00e1dza odn\u00edmate\u013en\u00e1 reflexn\u00e1 vesta, ktor\u00e1 je hlavnou bezpe\u010dnostnou ochranou po\u010das spolo\u010dn\u00fdch po\u013eova\u010diek. Nastavite\u013en\u00e9 man\u017eety na such\u00fd zips na ruk\u00e1voch a nastavite\u013en\u00fd spodn\u00fd lem so \u0161n\u00farkou zabezpe\u010duj\u00fa dokonal\u00e9 prisp\u00f4sobenie. Bundu dop\u013a\u0148a aj membr\u00e1na DEER-TEX\u00ae Performance Shell, v\u010faka ktorej je bunda nepremokav\u00e1 v 100%. Na v\u0161etky v\u00fdrobn\u00e9 chyby membr\u00e1ny DEER-TEX\u00ae sa vz\u0165ahuje 5-ro\u010dn\u00e1 z\u00e1ruka.<\/p>\n<p>Popis produktu<\/p>\n<ul>\n<li><strong>Farba:<\/strong> 585 - Drevo<\/li>\n<li><strong>Materi\u00e1l:<\/strong> 100% polyester<\/li>\n<li><strong>Oblo\u017eenie:<\/strong> 100% polyester<\/li>\n<li><strong>Nalo\u017een\u00e9:<\/strong> 100% polyester<\/li>\n<li><strong>Mikiny s kapuc\u0148ou:<\/strong> Odn\u00edmate\u013en\u00fd<\/li>\n<li><strong>Po\u010det vreciek:<\/strong> 11<\/li>\n<li><strong>Zadn\u00e9 vrecko:<\/strong> magnetick\u00e9 zap\u00ednanie a vn\u00fatorn\u00e1 odn\u00edmate\u013en\u00e1 reflexn\u00e1 vesta<\/li>\n<li><strong>Vykurovac\u00ed syst\u00e9m<\/strong>: integrovan\u00fd<\/li>\n<li><strong>Po\u010det stup\u0148ov ohrevu:<\/strong> 3<\/li>\n<li><strong>Umiestnenie tla\u010didla BE\/KI:<\/strong> prav\u00e9 predn\u00e9 vrecko<\/li>\n<li><strong>Po\u010det vykurovac\u00edch telies:<\/strong> dva vpredu, jeden v hornej \u010dasti chrbta<\/li>\n<li><strong>Powerbank:<\/strong> \u00e1no, kapacita 10 000 mAh \/ 37 Wh<\/li>\n<li><strong>Odpor\u00fa\u010da sa pranie:<\/strong> nepou\u017e\u00edvajte oplachovac\u00ed prostriedok, pred um\u00fdvan\u00edm vyberte bat\u00e9riu<\/li>\n<\/ul>\n<p><strong>DEER-TEX\u00ae Performance Shell<\/strong> - je to membr\u00e1na laminovan\u00e1 na zadn\u00fa stranu vonkaj\u0161ej tkaniny a lepen\u00e1 v ka\u017edom \u0161ve. Je nepremokav\u00e1 a v\u00fdnimo\u010dne \u013eahk\u00e1 vo vyhotoven\u00ed 100%. Pou\u017e\u00edva sa vo v\u0161etk\u00fdch najtechnickej\u0161\u00edch v\u00fdrobkoch zna\u010dky Deerhunter.<\/p>\n<p><strong>Tich\u00fd<\/strong> - \u0161peci\u00e1lne vybran\u00fd tich\u00fd materi\u00e1l, ktor\u00fd minimalizuje hluk, kon\u0161trukcia je navrhnut\u00e1 tak, aby minimalizovala trenie v oblasti ramien a n\u00f4h.<\/p>\n<p><strong>Izol\u00e1cia<\/strong> - lov pri n\u00edzkych teplot\u00e1ch nie je probl\u00e9m. Vank\u00fa\u0161iky a izol\u00e1cia s\u00fa navrhnut\u00e9 tak, aby po\u013eovn\u00edkovi poskytovali izol\u00e1ciu za ka\u017ed\u00fdch okolnost\u00ed.<\/p>\n<p><strong>Odpudzovanie vody<\/strong> - impregnovan\u00e1 vodoodpudiv\u00e1 \u00faprava je odoln\u00e1 vo\u010di vode a ne\u010distot\u00e1m. V\u0161etky \u0161kvrny sa daj\u00fa ve\u013emi \u013eahko odstr\u00e1ni\u0165, v\u010faka \u010domu m\u00e1 bunda hladk\u00fd povrch.<\/p>\n<p><strong>Priedu\u0161n\u00e9<\/strong> - bez oh\u013eadu na po\u010dasie, priedu\u0161n\u00e1 membr\u00e1na zaru\u010duje pohodlie, aktivitu a, samozrejme, lep\u0161\u00ed z\u00e1\u017eitok.<\/p>\n<p><strong>Odolnos\u0165 proti vetru<\/strong> - membr\u00e1na v\u00e1s m\u00f4\u017ee po\u010das lovu ochr\u00e1ni\u0165 pred nepr\u00edjemn\u00fdm vetrom. T\u00e1to odolnos\u0165 bundy lep\u0161ie udr\u017euje teplo.<\/p>\n<p><strong>Lepen\u00e9 \u0161vy<\/strong> - po\u010das v\u00fdroby sa vo \u0161v\u00edkoch urobia mal\u00e9 otvory. Aby sa zabr\u00e1nilo prenikaniu vlhkosti cez otvory, tieto \u0161vy sa lepia. Tento proces chr\u00e1ni exponovan\u00e9 miesta a zvy\u0161uje odolnos\u0165 v\u00fdrobku vo\u010di vode.<\/p>\n<p><strong>100% vo vodeodolnom vyhotoven\u00ed<\/strong> - jedine\u010dn\u00fa kombin\u00e1ciu materi\u00e1lov a postupov na v\u00fdvoj v\u00fdrobkov s odolnos\u0165ou vo\u010di vode 100%.<\/p>\n<p><strong>Odolnos\u0165 vo\u010di vode a priedu\u0161nos\u0165<\/strong> - odolnos\u0165 proti prenikaniu vody sa meria v milimetroch tlaku vodn\u00e9ho st\u013apca. Tlak vodn\u00e9ho st\u013apca sa meria tak, \u017ee sa na materi\u00e1l umiestni manometer na meranie st\u013apca kvapaliny, tak\u017ee materi\u00e1l s odolnos\u0165ou vo\u010di vode 5000 mm m\u00f4\u017ee zadr\u017ea\u0165 vodu z p\u00e4\u0165metrov\u00e9ho (5000 mm) manometra. Materi\u00e1l s odolnos\u0165ou proti prenikaniu vody 10 000 mm dok\u00e1\u017ee zadr\u017ea\u0165 10 metrov (10 000 mm) vody at\u010f. hodnota MVP ud\u00e1va priedu\u0161nos\u0165 membr\u00e1ny. Hodnota MVP vyjadruje mno\u017estvo vodnej pary, ktor\u00e9 m\u00f4\u017ee unikn\u00fa\u0165 cez jeden \u0161tvorcov\u00fd meter membr\u00e1ny za 24 hod\u00edn. V\u00fdrobok s hodnotou priepustnosti 5000 teda m\u00f4\u017ee \u201euvo\u013eni\u0165\u201d 5000 g (5 litrov) vodnej pary na meter \u0161tvorcov\u00fd za 24 hod\u00edn.<\/p>\n<p><strong>Membr\u00e1nov\u00e1 z\u00e1ruka<\/strong> - 5 rokov z\u00e1ruky na v\u00fdrobn\u00e9 chyby membr\u00e1ny DEER-TEX\u00ae.<\/p>\n<h2>Parametre produktu<\/h2>\n<ul>\n<li>Integrovan\u00e1 funkcia vykurovania<\/li>\n<li>S\u00fa\u010das\u0165ou bundy je aj nab\u00edjate\u013en\u00e1 powerbanka<\/li>\n<li>Ve\u013ek\u00fd po\u010det priestrann\u00fdch vreciek<\/li>\n<li>Zadn\u00e9 vrecko je doplnen\u00e9 odn\u00edmate\u013enou reflexnou vestou<\/li>\n<li>Vysok\u00e1 \u00farove\u0148 pohodlia a funk\u010dnosti<\/li>\n<li>Intuit\u00edvna aktiv\u00e1cia ohrevu<\/li>\n<li>A\u017e 5 rokov z\u00e1ruky na v\u00fdrobn\u00e9 chyby<\/li>\n<\/ul>","protected":false},"excerpt":{"rendered":"<p>Vyhrievan\u00e1 bunda Deerhunter Heat Game Wood je ide\u00e1lna vrchn\u00e1 vrstva na zimn\u00fd lov s integrovan\u00fdm trojstup\u0148ov\u00fdm vyhrievac\u00edm syst\u00e9mom, dod\u00e1vanou 10 000 mAh powerbankou a tich\u00fdm, izolovan\u00fdm dizajnom, ktor\u00fd v\u00e1s udr\u017e\u00ed v teple aj po\u010das najchladnej\u0161\u00edch dn\u00ed. Bunda 100% je vybaven\u00e1 vodeodolnou membr\u00e1nou DEER-TEX\u00ae Performance Shell, ve\u013ek\u00fdm mno\u017estvom praktick\u00fdch vreciek a reflexnou vestou ukrytou v zadnom vrecku pre vysok\u00fd komfort, bezpe\u010dnos\u0165 a funk\u010dnos\u0165 po\u010das spolo\u010dn\u00fdch po\u013eova\u010diek.<\/p>","protected":false},"featured_media":6633,"comment_status":"open","ping_status":"closed","template":"","meta":[],"product_brand":[],"product_cat":[319],"product_tag":[314,574],"class_list":{"0":"post-6623","1":"product","2":"type-product","3":"status-publish","4":"has-post-thumbnail","6":"product_cat-kabatok-es-puloverek","7":"product_tag-deerhunter","8":"product_tag-heat-game","10":"first","11":"instock","12":"taxable","13":"shipping-taxable","14":"purchasable","15":"product-type-variable","16":"has-default-attributes"},"jetpack_sharing_enabled":true,"_links":{"self":[{"href":"https:\/\/bestoptika.eu\/sk\/wp-json\/wp\/v2\/product\/6623","targetHints":{"allow":["GET"]}}],"collection":[{"href":"https:\/\/bestoptika.eu\/sk\/wp-json\/wp\/v2\/product"}],"about":[{"href":"https:\/\/bestoptika.eu\/sk\/wp-json\/wp\/v2\/types\/product"}],"replies":[{"embeddable":true,"href":"https:\/\/bestoptika.eu\/sk\/wp-json\/wp\/v2\/comments?post=6623"}],"wp:featuredmedia":[{"embeddable":true,"href":"https:\/\/bestoptika.eu\/sk\/wp-json\/wp\/v2\/media\/6633"}],"wp:attachment":[{"href":"https:\/\/bestoptika.eu\/sk\/wp-json\/wp\/v2\/media?parent=6623"}],"wp:term":[{"taxonomy":"product_brand","embeddable":true,"href":"https:\/\/bestoptika.eu\/sk\/wp-json\/wp\/v2\/product_brand?post=6623"},{"taxonomy":"product_cat","embeddable":true,"href":"https:\/\/bestoptika.eu\/sk\/wp-json\/wp\/v2\/product_cat?post=6623"},{"taxonomy":"product_tag","embeddable":true,"href":"https:\/\/bestoptika.eu\/sk\/wp-json\/wp\/v2\/product_tag?post=6623"}],"curies":[{"name":"wp","href":"https:\/\/api.w.org\/{rel}","templated":true}]}}