{"id":673,"date":"2024-06-01T14:54:26","date_gmt":"2024-06-01T12:54:26","guid":{"rendered":"https:\/\/bestoptika.eu\/?post_type=product&#038;p=673"},"modified":"2026-04-01T14:19:43","modified_gmt":"2026-04-01T12:19:43","slug":"hikmicro-falcon-fq35","status":"publish","type":"product","link":"https:\/\/bestoptika.eu\/sk\/product\/hikmicro-falcon-fq35\/","title":{"rendered":"Hikmicro FALCON FQ35 termov\u00edzny monokul\u00e1r"},"content":{"rendered":"<p><span style=\"font-weight: 400\">A <\/span><b>Falcon FQ35<\/b><span style=\"font-weight: 400\"> a Hikmicro <\/span><b>Falcon<\/b><span style=\"font-weight: 400\"> radu, prv\u00fd z novej gener\u00e1cie spotrebi\u010dov. K dispoz\u00edcii od <\/span><b>FQ35<\/b><span style=\"font-weight: 400\"> a <\/span><b>vysok\u00e9 rozl\u00ed\u0161enie <\/b><span style=\"font-weight: 400\">brat <\/span><b>640\u00d7512<\/b><span style=\"font-weight: 400\"> s pixelov\u00fdm sn\u00edma\u010dom. S touto s\u00e9riou sme vst\u00fapili do novej \u00e9ry tepelnej citlivosti. <\/span><b>&lt;20mK NETD<\/b><span style=\"font-weight: 400\"> \u010do umo\u017e\u0148uje zrete\u013ene zisti\u0165 aj tie najmen\u0161ie teplotn\u00e9 rozdiely, a to aj za nepriazniv\u00fdch poveternostn\u00fdch podmienok. Senzor <\/span><b>VOx 12 mikr\u00f3nov<\/b><span style=\"font-weight: 400\"> verzie. Hikmicro je \u00faplne nov\u00fd v\u00fdvoj <\/span><b>Image Pro<\/b><span style=\"font-weight: 400\"> Softv\u00e9r na optimaliz\u00e1ciu obrazu, revolu\u010dn\u00fd nov\u00fd sn\u00edma\u010d s\u00e9rie Falcon plne vyu\u017e\u00edva svoje siln\u00e9 str\u00e1nky, aby div\u00e1kovi poskytol vysoko kontrastn\u00fd, ostr\u00fd obraz s nev\u00eddan\u00fdmi detailmi a h\u013abkou.<\/span><\/p>\n<table>\n<tbody>\n<tr>\n<td colspan=\"2\"><b>Hlavn\u00e9 funkcie<\/b><\/td>\n<\/tr>\n<tr>\n<td><span style=\"font-weight: 400\">Maxim\u00e1lne rozl\u00ed\u0161enie<\/span><\/td>\n<td><span style=\"font-weight: 400\">640\u00d7512<\/span><\/td>\n<\/tr>\n<tr>\n<td><span style=\"font-weight: 400\">Aktualiz\u00e1cia obr\u00e1zkov<\/span><\/td>\n<td><span style=\"font-weight: 400\">50 Hz<\/span><\/td>\n<\/tr>\n<tr>\n<td><span style=\"font-weight: 400\">\u0160o\u0161ovka<\/span><\/td>\n<td><span style=\"font-weight: 400\">35 mm, F1.0<\/span><\/td>\n<\/tr>\n<tr>\n<td><span style=\"font-weight: 400\">Min. ohniskov\u00e1 vzdialenos\u0165<\/span><\/td>\n<td><span style=\"font-weight: 400\">3.5m<\/span><\/td>\n<\/tr>\n<tr>\n<td><span style=\"font-weight: 400\">Zorn\u00fd uhol<\/span><\/td>\n<td><span style=\"font-weight: 400\">12,5\u00b0 \u00d7 10,0\u00b0\/21,9 m \u00d7 17,5 m<\/span><\/td>\n<\/tr>\n<tr>\n<td><span style=\"font-weight: 400\">Zv\u00e4\u010d\u0161i\u0165<\/span><\/td>\n<td><span style=\"font-weight: 400\">1.8\u00d7-14.4 (8x)<\/span><\/td>\n<\/tr>\n<tr>\n<td><span style=\"font-weight: 400\">Detek\u010dn\u00e1 vzdialenos\u0165<\/span><\/td>\n<td><span style=\"font-weight: 400\">1800m<\/span><\/td>\n<\/tr>\n<tr>\n<td colspan=\"2\"><b>Zobrazenie<\/b><\/td>\n<\/tr>\n<tr>\n<td><span style=\"font-weight: 400\">Rozl\u00ed\u0161enie<\/span><\/td>\n<td><span style=\"font-weight: 400\">1024 \u00d7 768, 0,39 palca, OLED<\/span><\/td>\n<\/tr>\n<tr>\n<td><span style=\"font-weight: 400\">Odch\u00e1dzaj\u00faci \u017eiak<\/span><\/td>\n<td><span style=\"font-weight: 400\">4 mm<\/span><\/td>\n<\/tr>\n<tr>\n<td><span style=\"font-weight: 400\">Eyelines<\/span><\/td>\n<td><span style=\"font-weight: 400\">15 mm<\/span><\/td>\n<\/tr>\n<tr>\n<td><span style=\"font-weight: 400\">Nastavenie dioptri\u00ed<\/span><\/td>\n<td><span style=\"font-weight: 400\">-5D a <\/span><span style=\"font-weight: 400\">+3D<\/span><span style=\"font-weight: 400\"> medzi<\/span><\/td>\n<\/tr>\n<tr>\n<td><span style=\"font-weight: 400\">Image Pro<\/span><\/td>\n<td><span style=\"font-weight: 400\">\u00c1no<\/span><\/td>\n<\/tr>\n<tr>\n<td colspan=\"2\"><b>V\u0161eobecn\u00e9<\/b><\/td>\n<\/tr>\n<tr>\n<td><span style=\"font-weight: 400\">Mechanick\u00e1 ochrana<\/span><\/td>\n<td><span style=\"font-weight: 400\">IP67<\/span><\/td>\n<\/tr>\n<tr>\n<td><span style=\"font-weight: 400\">Hmotnos\u0165<\/span><\/td>\n<td><span style=\"font-weight: 400\">455 g bez bat\u00e9rie<\/span><\/td>\n<\/tr>\n<tr>\n<td><span style=\"font-weight: 400\">Rozmery<\/span><\/td>\n<td><span style=\"font-weight: 400\">190,3 mm \u00d7 58,3 mm \u00d7 65,2 mm<\/span><\/td>\n<\/tr>\n<tr>\n<td><span style=\"font-weight: 400\">Prev\u00e1dzkov\u00e1 teplota<\/span><\/td>\n<td><span style=\"font-weight: 400\">-30\u00b0C a\u017e +55\u00b0C<\/span><\/td>\n<\/tr>\n<tr>\n<td colspan=\"2\"><b>Syst\u00e9m<\/b><\/td>\n<\/tr>\n<tr>\n<td><span style=\"font-weight: 400\">Sn\u00edmanie sn\u00edmok<\/span><\/td>\n<td><span style=\"font-weight: 400\">\u00c1no<\/span><\/td>\n<\/tr>\n<tr>\n<td><span style=\"font-weight: 400\">Pohotovostn\u00fd re\u017eim<\/span><\/td>\n<td><span style=\"font-weight: 400\">\u00c1no<\/span><\/td>\n<\/tr>\n<tr>\n<td><span style=\"font-weight: 400\">Ukladanie<\/span><\/td>\n<td><span style=\"font-weight: 400\">64 GB<\/span><\/td>\n<\/tr>\n<tr>\n<td><span style=\"font-weight: 400\">Zvukov\u00fd z\u00e1znam<\/span><\/td>\n<td><span style=\"font-weight: 400\">\u00c1no<\/span><\/td>\n<\/tr>\n<tr>\n<td><span style=\"font-weight: 400\">Hotspot<\/span><\/td>\n<td><span style=\"font-weight: 400\">\u00c1no<\/span><\/td>\n<\/tr>\n<tr>\n<td><span style=\"font-weight: 400\">Meranie vzdialenosti<\/span><\/td>\n<td><span style=\"font-weight: 400\">\u00c1no<\/span><\/td>\n<\/tr>\n<tr>\n<td colspan=\"2\"><b>Dod\u00e1vka elektrickej energie<\/b><\/td>\n<\/tr>\n<tr>\n<td><span style=\"font-weight: 400\">Bat\u00e9ria<\/span><\/td>\n<td><span style=\"font-weight: 400\">Vymenite\u013en\u00e1 a dob\u00edjate\u013en\u00e1 bat\u00e9ria, l\u00edtiov\u00e1 bat\u00e9ria<\/span><\/td>\n<\/tr>\n<tr>\n<td><span style=\"font-weight: 400\">Prev\u00e1dzkov\u00e9 hodiny<\/span><\/td>\n<td><span style=\"font-weight: 400\">\u22655h <\/span><span style=\"font-weight: 400\">(25 \u00b0C, Wi-Fi vypnut\u00e9)<\/span><\/td>\n<\/tr>\n<tr>\n<td><span style=\"font-weight: 400\">Z\u00e1suvka nab\u00edja\u010dky<\/span><\/td>\n<td><span style=\"font-weight: 400\">5 V DC, 2 A, typ C\u00a0<\/span><\/td>\n<\/tr>\n<\/tbody>\n<\/table>\n<p><a href=\"https:\/\/www.hikmicrotech.com\/en\/outdoor-products\/falcon-series-monocular\/\">https:\/\/www.hikmicrotech.com\/en\/outdoor-products\/falcon-series-monocular\/<\/a><\/p>","protected":false},"excerpt":{"rendered":"<p><strong>Hlavn\u00e9 vlastnosti:<\/strong><\/p>\n<ul>\n<li>Rozl\u00ed\u0161enie 640 \u00d7 512 s 12\u03bcm sn\u00edma\u010dom<\/li>\n<li>Vysok\u00e1 citlivos\u0165 tepeln\u00e9ho modulu NETD &lt; 20 mK (@25\u00b0C, F# = 1,0)<\/li>\n<li>Vymenite\u013en\u00e1 a dob\u00edjate\u013en\u00e1 l\u00edtium-i\u00f3nov\u00e1 bat\u00e9ria<\/li>\n<li>A\u017e 7 hod\u00edn nepretr\u017eitej prev\u00e1dzky<\/li>\n<li>\u0160pi\u010dkov\u00e1 technol\u00f3gia spracovania tepeln\u00fdch sn\u00edmok na trhu: Image Pro<\/li>\n<li>0,39-palcov\u00fd displej OLED s rozl\u00ed\u0161en\u00edm 1024 x 768<\/li>\n<\/ul>","protected":false},"featured_media":674,"comment_status":"open","ping_status":"closed","template":"","meta":[],"product_brand":[],"product_cat":[17],"product_tag":[31,18],"class_list":{"0":"post-673","1":"product","2":"type-product","3":"status-publish","4":"has-post-thumbnail","6":"product_cat-hokamera-kereso","7":"product_tag-hikmicro","8":"product_tag-hokamera","10":"first","11":"instock","12":"sale","13":"taxable","14":"shipping-taxable","15":"purchasable","16":"product-type-simple"},"jetpack_sharing_enabled":true,"_links":{"self":[{"href":"https:\/\/bestoptika.eu\/sk\/wp-json\/wp\/v2\/product\/673","targetHints":{"allow":["GET"]}}],"collection":[{"href":"https:\/\/bestoptika.eu\/sk\/wp-json\/wp\/v2\/product"}],"about":[{"href":"https:\/\/bestoptika.eu\/sk\/wp-json\/wp\/v2\/types\/product"}],"replies":[{"embeddable":true,"href":"https:\/\/bestoptika.eu\/sk\/wp-json\/wp\/v2\/comments?post=673"}],"wp:featuredmedia":[{"embeddable":true,"href":"https:\/\/bestoptika.eu\/sk\/wp-json\/wp\/v2\/media\/674"}],"wp:attachment":[{"href":"https:\/\/bestoptika.eu\/sk\/wp-json\/wp\/v2\/media?parent=673"}],"wp:term":[{"taxonomy":"product_brand","embeddable":true,"href":"https:\/\/bestoptika.eu\/sk\/wp-json\/wp\/v2\/product_brand?post=673"},{"taxonomy":"product_cat","embeddable":true,"href":"https:\/\/bestoptika.eu\/sk\/wp-json\/wp\/v2\/product_cat?post=673"},{"taxonomy":"product_tag","embeddable":true,"href":"https:\/\/bestoptika.eu\/sk\/wp-json\/wp\/v2\/product_tag?post=673"}],"curies":[{"name":"wp","href":"https:\/\/api.w.org\/{rel}","templated":true}]}}