{"id":6773,"date":"2025-12-12T12:09:09","date_gmt":"2025-12-12T11:09:09","guid":{"rendered":"https:\/\/bestoptika.eu\/?post_type=product&#038;p=6773"},"modified":"2025-12-12T12:09:09","modified_gmt":"2025-12-12T11:09:09","slug":"deerhunter-escape-light-art-green-ferfi-kabat","status":"publish","type":"product","link":"https:\/\/bestoptika.eu\/sk\/product\/deerhunter-escape-light-art-green-ferfi-kabat\/","title":{"rendered":"Deerhunter Escape Light - Art Green p\u00e1nska bunda"},"content":{"rendered":"<p>A <strong>Deerhunter Escape Light - Art Green p\u00e1nska bunda<\/strong> skvel\u00fd top na chladn\u00e9 mesiace, ktor\u00fd ka\u017ed\u00e9mu lovcovi poskytne najvy\u0161\u0161iu \u00farove\u0148 pohodlia po\u010das lovu. Vyroben\u00fd z kvalitn\u00fdch materi\u00e1lov doplnen\u00fdch odolnou v\u00fdstu\u017eou Deer-X-Dura. \u00da\u010dinne spev\u0148uje oblas\u0165 ramien a lak\u0165ov, ke\u010f\u017ee pr\u00e1ve tieto \u010dasti bundy s\u00fa vystaven\u00e9 najv\u00e4\u010d\u0161ej z\u00e1\u0165a\u017ei. \u0160tvorsmern\u00e9 stre\u010dov\u00e9 prvky zabezpe\u010duj\u00fa pohodlie. Zabudovan\u00e9 vreck\u00e1 poskytuj\u00fa jednoduch\u00fd a r\u00fdchly pr\u00edstup ku v\u0161etk\u00fdm doplnkom, ktor\u00e9 nos\u00edte so sebou. Vysokokvalitn\u00fd zips YKK a nastavite\u013en\u00e1 spodn\u00e1 s\u0165ahovacia \u0161n\u00farka skuto\u010dne ur\u010duj\u00fa najlep\u0161ie padnutie bundy pre ka\u017ed\u00fa postavu po\u013eovn\u00edka.<\/p>\n<h2>Popis produktu<\/h2>\n<ul>\n<li><strong>Farba:<\/strong> 376 - Art Green<\/li>\n<li><strong>Ve\u013ekos\u0165:<\/strong> S-3XL<\/li>\n<li><strong>Materi\u00e1l:<\/strong> 89% polyamid, 11% elastan<\/li>\n<li><strong>Posilnenie:<\/strong> 7% polyuret\u00e1n, 67% polyamid, 26% polyester<\/li>\n<li><strong>Oblo\u017eenie:<\/strong> 100% polyester<\/li>\n<li><strong>Odpor\u00fa\u010da sa pranie:<\/strong> nepou\u017e\u00edvajte oplachovac\u00ed prostriedok, perte s podobn\u00fdmi farbami<\/li>\n<li><strong>Certifik\u00e1t:<\/strong> OEKOTEX<\/li>\n<li><strong>Zips:<\/strong> YKK<\/li>\n<li><strong>Kni\u017en\u00e9 oblasti:<\/strong> Predform\u00e1tovan\u00e9 z<\/li>\n<\/ul>\n<p><strong>OEKOTEX<\/strong> certifik\u00e1t v\u00fdrobku, ktor\u00fd neobsahuje \u017eiadne \u0161kodliv\u00e9 l\u00e1tky. Je to popredn\u00fd svetov\u00fd certifik\u00e1t zdravotnej nez\u00e1vadnosti pre v\u0161etky textiln\u00e9 v\u00fdrobky.<\/p>\n<p><strong>V\u00fdstu\u017e Deer-X-Dura<\/strong> - ide o \u0161peci\u00e1lne navrhnut\u00fa v\u00fdstu\u017e Deerhunter, ktor\u00e1 obsahuje stre\u010d. Je ve\u013emi pru\u017en\u00e1 a poskytuje vysok\u00fa ochranu v najviac nam\u00e1han\u00fdch oblastiach - kolen\u00e1, lakte. D\u00f4raz sa kladie na maxim\u00e1lnu vo\u013enos\u0165 pohybu.<\/p>\n<h2>Parametre produktu<\/h2>\n<ul>\n<li>Predtvarovan\u00e9 kolen\u00e1<\/li>\n<li>Priedu\u0161n\u00e1 pod\u0161\u00edvka zo sie\u0165oviny<\/li>\n<li>Dvojcestn\u00fd zips YKK<\/li>\n<li>Odvetr\u00e1van\u00e9 zipsy v podpazu\u0161\u00ed<\/li>\n<li>Kvalitn\u00e9 vystu\u017eenie ramien a lak\u0165ov Deer-X-Dura<\/li>\n<li>Certifik\u00e1cia OEKOTEX<\/li>\n<li>Nastavite\u013en\u00fd spodn\u00fd pl\u00e1\u0161\u0165<\/li>\n<\/ul>","protected":false},"excerpt":{"rendered":"<p>P\u00e1nska bunda Deerhunter Escape Light Art Green je \u013eahk\u00e1, pru\u017en\u00e1 a odoln\u00e1 vonkaj\u0161ia vrstva na chladn\u00e9 mesiace s v\u00fdstu\u017eami Deer-X-Dura na ramen\u00e1ch a lak\u0165och a certifik\u00e1ciou OEKOTEX bez \u0161kodliv\u00fdch l\u00e1tok. \u0160tvorsmern\u00e1 stre\u010dov\u00e1 tkanina, priedu\u0161n\u00e1 pod\u0161\u00edvka zo sie\u0165oviny, zipsy v podpazu\u0161\u00ed a dvojcestn\u00fd zips YKK v\u00e1m poskytn\u00fa pohodln\u00fd pohyb a r\u00fdchly pr\u00edstup k va\u0161ej loveckej v\u00fdbave.<\/p>","protected":false},"featured_media":6779,"comment_status":"open","ping_status":"closed","template":"","meta":[],"product_brand":[],"product_cat":[319],"product_tag":[314,563],"class_list":{"0":"post-6773","1":"product","2":"type-product","3":"status-publish","4":"has-post-thumbnail","6":"product_cat-kabatok-es-puloverek","7":"product_tag-deerhunter","8":"product_tag-escape-light","10":"first","11":"instock","12":"taxable","13":"shipping-taxable","14":"purchasable","15":"product-type-variable","16":"has-default-attributes"},"jetpack_sharing_enabled":true,"_links":{"self":[{"href":"https:\/\/bestoptika.eu\/sk\/wp-json\/wp\/v2\/product\/6773","targetHints":{"allow":["GET"]}}],"collection":[{"href":"https:\/\/bestoptika.eu\/sk\/wp-json\/wp\/v2\/product"}],"about":[{"href":"https:\/\/bestoptika.eu\/sk\/wp-json\/wp\/v2\/types\/product"}],"replies":[{"embeddable":true,"href":"https:\/\/bestoptika.eu\/sk\/wp-json\/wp\/v2\/comments?post=6773"}],"wp:featuredmedia":[{"embeddable":true,"href":"https:\/\/bestoptika.eu\/sk\/wp-json\/wp\/v2\/media\/6779"}],"wp:attachment":[{"href":"https:\/\/bestoptika.eu\/sk\/wp-json\/wp\/v2\/media?parent=6773"}],"wp:term":[{"taxonomy":"product_brand","embeddable":true,"href":"https:\/\/bestoptika.eu\/sk\/wp-json\/wp\/v2\/product_brand?post=6773"},{"taxonomy":"product_cat","embeddable":true,"href":"https:\/\/bestoptika.eu\/sk\/wp-json\/wp\/v2\/product_cat?post=6773"},{"taxonomy":"product_tag","embeddable":true,"href":"https:\/\/bestoptika.eu\/sk\/wp-json\/wp\/v2\/product_tag?post=6773"}],"curies":[{"name":"wp","href":"https:\/\/api.w.org\/{rel}","templated":true}]}}