{"id":6781,"date":"2025-12-12T12:13:53","date_gmt":"2025-12-12T11:13:53","guid":{"rendered":"https:\/\/bestoptika.eu\/?post_type=product&#038;p=6781"},"modified":"2025-12-12T12:13:53","modified_gmt":"2025-12-12T11:13:53","slug":"deerhunter-sarek-knitted-butternut-melange-noi-pulover","status":"publish","type":"product","link":"https:\/\/bestoptika.eu\/sk\/product\/deerhunter-sarek-knitted-butternut-melange-noi-pulover\/","title":{"rendered":"Deerhunter Sarek Knitted - Butternut Melange d\u00e1msky sveter"},"content":{"rendered":"<p>A <strong>Deerhunter Sarek Knitted - Butternut Melange d\u00e1msky sveter<\/strong> ide\u00e1lne pre d\u00e1my v jarn\u00fdch a letn\u00fdch mesiacoch. Je vyroben\u00e1 z kvalitn\u00e9ho, modern\u00e9ho a elastick\u00e9ho materi\u00e1lu, chr\u00e1nen\u00e9ho certifik\u00e1tom OEKO-TEX, \u010do znamen\u00e1, \u017ee je vyroben\u00e1 bez \u0161kodliv\u00fdch l\u00e1tok. Mikina m\u00e1 3 priestrann\u00e9 vreck\u00e1 na ulo\u017eenie po\u013eovn\u00edckej v\u00fdbavy alebo in\u00fdch cennost\u00ed. Mikinu mo\u017eno nosi\u0165 na lov, do pr\u00e1ce aj na vo\u013eno\u010dasov\u00e9 v\u00fdlety s priate\u013emi alebo rodinou. V\u00fdborne sa kombinuje s d\u017e\u00ednsami.<\/p>\n<h2>Popis produktu<\/h2>\n<ul>\n<li><strong>Farba:<\/strong> 365 - Olive Night Melange<\/li>\n<li><strong>Materi\u00e1l:<\/strong> 100% polyester<\/li>\n<li><strong>Po\u010det vreciek:<\/strong> 3<\/li>\n<li><strong>Certifik\u00e1t:<\/strong> OEKO-TEX<\/li>\n<li><strong>Odpor\u00fa\u010da sa pranie:<\/strong> nepou\u017e\u00edvajte oplachovac\u00ed prostriedok, perte s podobn\u00fdmi farbami<\/li>\n<\/ul>\n<p><strong>OEKO-TEX<\/strong> - certifik\u00e1t v\u00fdrobku bez \u0161kodliv\u00fdch l\u00e1tok. OEKO-TEX je popredn\u00fd svetov\u00fd certifik\u00e1t zdravotnej nez\u00e1vadnosti pre v\u0161etky textiln\u00e9 v\u00fdrobky.<\/p>\n<h2>Parametre produktu<\/h2>\n<ul>\n<li>Mimoriadne m\u00e4kk\u00e9 a pohodln\u00e9<\/li>\n<li>Modern\u00fd a flexibiln\u00fd materi\u00e1l<\/li>\n<li>s 3 priestrann\u00fdmi vreckami<\/li>\n<li>Ide\u00e1lna vrchn\u00e1 vrstva na jarn\u00e9 a letn\u00e9 mesiace<\/li>\n<\/ul>","protected":false},"excerpt":{"rendered":"<p>D\u00e1msky sveter Deerhunter Sarek Knitted Butternut Melange je mimoriadne m\u00e4kk\u00e1, pru\u017en\u00e1 a certifikovan\u00e1 vrchn\u00e1 vrstva OEKO-TEX na jarn\u00e9 a letn\u00e9 mesiace bez \u0161kodliv\u00fdch l\u00e1tok. Tri priestrann\u00e9 vreck\u00e1 pohodlne pojm\u00fa drobn\u00e9 vybavenie na lov, pr\u00e1cu alebo turistiku, \u010do z neho rob\u00ed praktick\u00fd k\u00fasok, ktor\u00fd sa dobre kombinuje aj s d\u017e\u00ednsami.<\/p>","protected":false},"featured_media":6789,"comment_status":"open","ping_status":"closed","template":"","meta":[],"product_brand":[],"product_cat":[319],"product_tag":[314,565],"class_list":{"0":"post-6781","1":"product","2":"type-product","3":"status-publish","4":"has-post-thumbnail","6":"product_cat-kabatok-es-puloverek","7":"product_tag-deerhunter","8":"product_tag-sarek-knitted","10":"first","11":"instock","12":"taxable","13":"shipping-taxable","14":"purchasable","15":"product-type-variable","16":"has-default-attributes"},"jetpack_sharing_enabled":true,"_links":{"self":[{"href":"https:\/\/bestoptika.eu\/sk\/wp-json\/wp\/v2\/product\/6781","targetHints":{"allow":["GET"]}}],"collection":[{"href":"https:\/\/bestoptika.eu\/sk\/wp-json\/wp\/v2\/product"}],"about":[{"href":"https:\/\/bestoptika.eu\/sk\/wp-json\/wp\/v2\/types\/product"}],"replies":[{"embeddable":true,"href":"https:\/\/bestoptika.eu\/sk\/wp-json\/wp\/v2\/comments?post=6781"}],"wp:featuredmedia":[{"embeddable":true,"href":"https:\/\/bestoptika.eu\/sk\/wp-json\/wp\/v2\/media\/6789"}],"wp:attachment":[{"href":"https:\/\/bestoptika.eu\/sk\/wp-json\/wp\/v2\/media?parent=6781"}],"wp:term":[{"taxonomy":"product_brand","embeddable":true,"href":"https:\/\/bestoptika.eu\/sk\/wp-json\/wp\/v2\/product_brand?post=6781"},{"taxonomy":"product_cat","embeddable":true,"href":"https:\/\/bestoptika.eu\/sk\/wp-json\/wp\/v2\/product_cat?post=6781"},{"taxonomy":"product_tag","embeddable":true,"href":"https:\/\/bestoptika.eu\/sk\/wp-json\/wp\/v2\/product_tag?post=6781"}],"curies":[{"name":"wp","href":"https:\/\/api.w.org\/{rel}","templated":true}]}}